{"id":7,"date":"2024-03-11T21:16:05","date_gmt":"2024-03-11T18:16:05","guid":{"rendered":"https:\/\/aviator-igra.net\/?page_id=7"},"modified":"2024-03-15T03:42:08","modified_gmt":"2024-03-15T00:42:08","slug":"aviator","status":"publish","type":"page","link":"https:\/\/aviator-igra.net\/ro\/","title":{"rendered":"Ce este jocul online Aviator?"},"content":{"rendered":"<p>Aviator este un joc online \u00een stilul crash care a devenit popular \u00een ultimii ani. Jocul este o simulare de zbor, \u00een care fiecare rund\u0103 este simbolizat\u0103 de decolarea unui avion. Scopul principal al juc\u0103torului este s\u0103 plaseze o pariu \u0219i s\u0103 reu\u0219easc\u0103 s\u0103 \u00ee\u0219i revendice c\u00e2\u0219tigurile \u00eenainte ca avionul s\u0103 zboare din ecran. Dac\u0103 avionul zboar\u0103, \u00eenseamn\u0103 \u00eenfr\u00e2ngere, deoarece juc\u0103torul nu a reu\u0219it s\u0103-\u0219i retrag\u0103 pariu. Sarcina este s\u0103-\u021bi revendici c\u00e2\u0219tigurile \u00eenainte ca avionul s\u0103 zboare.<\/p>\n<p>Jocul Aviator a devenit o surs\u0103 de adrenalin\u0103 pentru juc\u0103torii din \u00eentreaga lume, deoarece juc\u0103torul decide c\u00e2nd s\u0103 ias\u0103 din joc. \u00cen acela\u0219i timp, juc\u0103torii trebuie s\u0103 ia decizii rapide \u0219i s\u0103 se bazeze pe intui\u021bie, f\u0103c\u00e2nd fiecare zbor al avionului \u00een jocul Aviator o provocare unic\u0103. Din acest motiv, milioane de juc\u0103tori din \u00eentreaga lume ador\u0103 jocul.<\/p>\n<h2><strong>Diferen\u021bele dintre jocul Aviator \u0219i alte jocuri de tip crash<\/strong><\/h2>\n<p>Deci, s\u0103 vedem cum se deosebe\u0219te Aviator de alte jocuri. Aviator se eviden\u021biaz\u0103 printre alte jocuri de tip crash datorit\u0103 atractivit\u0103\u021bii sale vizuale \u0219i simplit\u0103\u021bii \u00een \u00een\u021belegerea regulilor. Spre deosebire de jocurile tradi\u021bionale de tip crash, \u00een care c\u00e2\u0219tigurile depind de un multiplicator incert, Aviator ofer\u0103 un proces mai transparent \u0219i dinamic, cu posibilitatea pentru juc\u0103tori de a-\u0219i fixa c\u00e2\u0219tigurile \u00een timp real.<\/p>\n<p>Elementul de interac\u021biune social\u0103 este, de asemenea, unic pentru Aviator, permi\u021b\u00e2nd juc\u0103torilor s\u0103-\u0219i \u00eemp\u0103rt\u0103\u0219easc\u0103 experien\u021bele \u0219i strategiile \u00een chat \u00een timpul jocului. Este important s\u0103 re\u021bine\u021bi regulile de comportament \u00een chat, deoarece insultarea altor juc\u0103tori este interzis\u0103.<\/p>\n<h2><strong>Cum se joac\u0103 Aviator<\/strong><\/h2>\n<p>Fiecare juc\u0103tor nu numai c\u0103 vrea s\u0103 joace, ci \u0219i s\u0103 c\u00e2\u0219tige \u00een Aviator, c\u00e2\u0219tig\u00e2nd bani reali. Jucarea Aviator este u\u0219oar\u0103:<\/p>\n<ul>\n<li>Plaseaz\u0103 un pariu \u00eenainte de \u00eenceperea fiec\u0103rei runde.<\/li>\n<li>Urm\u0103re\u0219te decolarea avionului; multiplicatorul c\u00e2\u0219tigurilor cre\u0219te pe m\u0103sur\u0103 ce acesta urc\u0103.<\/li>\n<li>Apas\u0103 butonul &#8222;Ia&#8221; pentru a-\u021bi retrage c\u00e2\u0219tigurile \u00eenainte ca avionul s\u0103 dispar\u0103. Dac\u0103 nu reu\u0219e\u0219ti s\u0103 o faci la timp, pariu este pierdut.<\/li>\n<\/ul>\n<p>\u021aine minte c\u0103 multiplicatorul pe care-l vezi este coeficientul cu care se \u00eenmul\u021be\u0219te pariu. \u00cen alte cuvinte, dac\u0103 ai plasat un pariu de 100 de dolari \u0219i vezi c\u0103 multiplicatorul este 2, \u00eenseamn\u0103 c\u0103 c\u00e2\u0219tigurile tale sunt de 200 de dolari. Important este s\u0103 \u00ee\u021bi retragi ace\u0219ti bani \u00eenainte ca avionul s\u0103 zboare.<\/p>\n<h2><strong>Strategii pentru jocul online Aviator<\/strong><\/h2>\n<p>Exist\u0103 multe strategii \u00een Aviator, de la abord\u0103ri conservatoare, precum fixarea unor c\u00e2\u0219tiguri mici, p\u00e2n\u0103 la cele riscante, care vizeaz\u0103 ob\u021binerea de coeficien\u021bi mari.<\/p>\n<p>Una dintre tactici populare este \u00eemp\u0103r\u021birea pariurilor: s\u0103 faci un pariu pe un coeficient mic pentru a asigura stabilitatea \u0219i unul pe un coeficient mare, urm\u0103rind un c\u00e2\u0219tig mare. Auto-play-ul poate ajuta \u00een acest sens, deoarece po\u021bi retrage automat c\u00e2\u0219tigurile pentru un coeficient mic.<\/p>\n<h2><strong>\u00cenregistrarea \u00eentr-un cazinou online pentru a juca Aviator<\/strong><\/h2>\n<p>Pentru a \u00eencepe s\u0103 joci Aviator, trebuie s\u0103 treci printr-o \u00eenregistrare simpl\u0103 pe site-ul cazinoului online ales. Va trebui s\u0103 introduci informa\u021bii de baz\u0103 despre tine, s\u0103-\u021bi confirmi adresa de email sau num\u0103rul de telefon \u0219i, eventual, s\u0103 treci printr-o verificare a contului.<\/p>\n<p>Recomand\u0103m s\u0103-\u021bi verifici contul imediat, deoarece aceast\u0103 procedur\u0103 este necesar\u0103 \u00eenainte de a retrage c\u00e2\u0219tigurile \u00een orice caz.<\/p>\n<h2><strong>Cum s\u0103 \u00ee\u021bi alimentezi balan\u021ba \u0219i s\u0103-\u021bi retragi c\u00e2\u0219tigurile<\/strong><\/h2>\n<p>Alimentarea balan\u021bei \u0219i retragerea fondurilor se face prin intermediul contului personal pe site-ul cazinoului. Pentru aceasta sunt oferite diverse metode de plat\u0103: carduri bancare, portofele electronice, criptomonede \u0219i altele. Alege metoda preferat\u0103, urmeaz\u0103 instruc\u021biunile pentru alimentarea sau retragerea fondurilor. Acord\u0103 aten\u021bie sumelor minime pentru tranzac\u021bii \u0219i posibilelor comisioane.<\/p>\n<h2><strong>Bonusurile \u00een jocul Aviator<\/strong><\/h2>\n<p>Cazinourile online ofer\u0103 adesea bonusuri pentru juc\u0103torii noi \u0219i cei obi\u0219nui\u021bi. \u00cen Aviator, acestea pot fi un bonus pentru primul depozit, pariuri gratuite sau cashback pentru jocul activ. Pentru a folosi bonusurile, asigur\u0103-te c\u0103 te familiarizezi cu condi\u021biile de primire \u0219i de rulaj. Bonusurile pot cre\u0219te semnificativ \u0219ansele tale de c\u00e2\u0219tig \u0219i pot face jocul \u0219i mai palpitant.<\/p>\n","protected":false},"excerpt":{"rendered":"<p>Aviator este un joc online \u00een stilul crash care a devenit popular \u00een ultimii ani. Jocul este o simulare de zbor, \u00een care fiecare rund\u0103 este simbolizat\u0103 de decolarea unui avion. Scopul principal al juc\u0103torului este s\u0103 plaseze o pariu \u0219i s\u0103 reu\u0219easc\u0103 s\u0103 \u00ee\u0219i revendice c\u00e2\u0219tigurile \u00eenainte ca avionul s\u0103 zboare din ecran. Dac\u0103 [&hellip;]<\/p>\n","protected":false},"author":1,"featured_media":0,"parent":0,"menu_order":0,"comment_status":"closed","ping_status":"closed","template":"","meta":{"footnotes":""},"class_list":["post-7","page","type-page","status-publish","hentry"],"yoast_head":"<!-- This site is optimized with the Yoast SEO plugin v27.2 - https:\/\/yoast.com\/product\/yoast-seo-wordpress\/ -->\n<title>\u0418\u0433\u0440\u0430\u0442\u044c \u0432 \u043e\u043d\u043b\u0430\u0439\u043d \u0438\u0433\u0440\u0443 \u0410\u0432\u0438\u0430\u0442\u043e\u0440 \u0432 \u043a\u0430\u0437\u0438\u043d\u043e<\/title>\n<meta name=\"description\" content=\"Juca\u021bi Aviator pentru bani reali la cele mai bune cazinouri online. Cum s\u0103 joci \u0219i s\u0103 c\u00e2\u0219tigi folosind strategii avantajoase de joc. \u00cenregistrare, depunere, retragere a c\u00e2\u0219tigurilor.\" \/>\n<meta name=\"robots\" content=\"index, follow, max-snippet:-1, max-image-preview:large, max-video-preview:-1\" \/>\n<link rel=\"canonical\" href=\"https:\/\/aviator-igra.net\/ro\/\" \/>\n<meta property=\"og:locale\" content=\"ro_RO\" \/>\n<meta property=\"og:locale:alternate\" content=\"ru_RU\" \/>\n<meta property=\"og:locale:alternate\" content=\"en_US\" \/>\n<meta property=\"og:locale:alternate\" content=\"pt_PT\" \/>\n<meta property=\"og:locale:alternate\" content=\"es_ES\" \/>\n<meta property=\"og:locale:alternate\" content=\"sr_RS\" \/>\n<meta property=\"og:locale:alternate\" content=\"bg_BG\" \/>\n<meta property=\"og:locale:alternate\" content=\"uk\" \/>\n<meta property=\"og:locale:alternate\" content=\"bel\" \/>\n<meta property=\"og:locale:alternate\" content=\"ka_GE\" \/>\n<meta property=\"og:locale:alternate\" content=\"hy\" \/>\n<meta property=\"og:locale:alternate\" content=\"az\" \/>\n<meta property=\"og:locale:alternate\" content=\"kk\" \/>\n<meta property=\"og:locale:alternate\" content=\"ky_KY\" \/>\n<meta property=\"og:locale:alternate\" content=\"uz_UZ\" \/>\n<meta property=\"og:locale:alternate\" content=\"tg\" \/>\n<meta property=\"og:locale:alternate\" content=\"et\" \/>\n<meta property=\"og:locale:alternate\" content=\"lt_LT\" \/>\n<meta property=\"og:locale:alternate\" content=\"lv\" \/>\n<meta property=\"og:locale:alternate\" content=\"fi\" \/>\n<meta property=\"og:type\" content=\"article\" \/>\n<meta property=\"og:title\" content=\"\u0418\u0433\u0440\u0430\u0442\u044c \u0432 \u043e\u043d\u043b\u0430\u0439\u043d \u0438\u0433\u0440\u0443 \u0410\u0432\u0438\u0430\u0442\u043e\u0440 \u0432 \u043a\u0430\u0437\u0438\u043d\u043e\" \/>\n<meta property=\"og:description\" content=\"\u0418\u0433\u0440\u0430\u0442\u044c \u0432 \u0410\u0432\u0438\u0430\u0442\u043e\u0440 \u043d\u0430 \u0440\u0435\u0430\u043b\u044c\u043d\u044b\u0435 \u0434\u0435\u043d\u044c\u0433\u0438 \u0432 \u043b\u0443\u0447\u0448\u0438\u0445 \u043e\u043d\u043b\u0430\u0439\u043d \u043a\u0430\u0437\u0438\u043d\u043e. \u041a\u0430\u043a \u0438\u0433\u0440\u0430\u0442\u044c \u0438 \u043f\u043e\u0431\u0435\u0436\u0434\u0430\u0442\u044c, \u0438\u0441\u043f\u043e\u043b\u044c\u0437\u0443\u044f \u0432\u044b\u0433\u043e\u0434\u043d\u044b\u0435 \u0441\u0442\u0440\u0430\u0442\u0435\u0433\u0438\u0438 \u0438\u0433\u0440\u044b. \u0420\u0435\u0433\u0438\u0441\u0442\u0440\u0430\u0446\u0438\u044f, \u043f\u043e\u043f\u043e\u043b\u043d\u0435\u043d\u0438\u0435 \u0434\u0435\u043f\u043e\u0437\u0438\u0442\u0430, \u0432\u044b\u0432\u043e\u0434 \u0432\u044b\u0438\u0433\u0440\u044b\u0448\u0430\" \/>\n<meta property=\"og:url\" content=\"https:\/\/aviator-igra.net\/ro\/\" \/>\n<meta property=\"og:site_name\" content=\"Aviator\" \/>\n<meta property=\"article:modified_time\" content=\"2024-03-15T00:42:08+00:00\" \/>\n<meta name=\"twitter:card\" content=\"summary_large_image\" \/>\n<meta name=\"twitter:label1\" content=\"Timp estimat pentru citire\" \/>\n\t<meta name=\"twitter:data1\" content=\"33 de minute\" \/>\n<script type=\"application\/ld+json\" class=\"yoast-schema-graph\">{\"@context\":\"https:\/\/schema.org\",\"@graph\":[{\"@type\":\"WebPage\",\"@id\":\"https:\/\/aviator-igra.net\/\",\"url\":\"https:\/\/aviator-igra.net\/\",\"name\":\"\u0418\u0433\u0440\u0430\u0442\u044c \u0432 \u043e\u043d\u043b\u0430\u0439\u043d \u0438\u0433\u0440\u0443 \u0410\u0432\u0438\u0430\u0442\u043e\u0440 \u0432 \u043a\u0430\u0437\u0438\u043d\u043e\",\"isPartOf\":{\"@id\":\"https:\/\/aviator-igra.net\/#website\"},\"datePublished\":\"2024-03-11T18:16:05+00:00\",\"dateModified\":\"2024-03-15T00:42:08+00:00\",\"description\":\"\u0418\u0433\u0440\u0430\u0442\u044c \u0432 \u0410\u0432\u0438\u0430\u0442\u043e\u0440 \u043d\u0430 \u0440\u0435\u0430\u043b\u044c\u043d\u044b\u0435 \u0434\u0435\u043d\u044c\u0433\u0438 \u0432 \u043b\u0443\u0447\u0448\u0438\u0445 \u043e\u043d\u043b\u0430\u0439\u043d \u043a\u0430\u0437\u0438\u043d\u043e. \u041a\u0430\u043a \u0438\u0433\u0440\u0430\u0442\u044c \u0438 \u043f\u043e\u0431\u0435\u0436\u0434\u0430\u0442\u044c, \u0438\u0441\u043f\u043e\u043b\u044c\u0437\u0443\u044f \u0432\u044b\u0433\u043e\u0434\u043d\u044b\u0435 \u0441\u0442\u0440\u0430\u0442\u0435\u0433\u0438\u0438 \u0438\u0433\u0440\u044b. \u0420\u0435\u0433\u0438\u0441\u0442\u0440\u0430\u0446\u0438\u044f, \u043f\u043e\u043f\u043e\u043b\u043d\u0435\u043d\u0438\u0435 \u0434\u0435\u043f\u043e\u0437\u0438\u0442\u0430, \u0432\u044b\u0432\u043e\u0434 \u0432\u044b\u0438\u0433\u0440\u044b\u0448\u0430\",\"breadcrumb\":{\"@id\":\"https:\/\/aviator-igra.net\/#breadcrumb\"},\"inLanguage\":\"ro-RO\",\"potentialAction\":[{\"@type\":\"ReadAction\",\"target\":[\"https:\/\/aviator-igra.net\/\"]}]},{\"@type\":\"BreadcrumbList\",\"@id\":\"https:\/\/aviator-igra.net\/#breadcrumb\",\"itemListElement\":[{\"@type\":\"ListItem\",\"position\":1,\"name\":\"Home\",\"item\":\"https:\/\/aviator-igra.net\/\"},{\"@type\":\"ListItem\",\"position\":2,\"name\":\"\u0427\u0442\u043e \u0442\u0430\u043a\u043e\u0435 \u043e\u043d\u043b\u0430\u0439\u043d \u0438\u0433\u0440\u0430 \u0410\u0432\u0438\u0430\u0442\u043e\u0440?\"}]},{\"@type\":\"WebSite\",\"@id\":\"https:\/\/aviator-igra.net\/#website\",\"url\":\"https:\/\/aviator-igra.net\/\",\"name\":\"Aviator\",\"description\":\"\",\"publisher\":{\"@id\":\"https:\/\/aviator-igra.net\/#organization\"},\"potentialAction\":[{\"@type\":\"SearchAction\",\"target\":{\"@type\":\"EntryPoint\",\"urlTemplate\":\"https:\/\/aviator-igra.net\/?s={search_term_string}\"},\"query-input\":{\"@type\":\"PropertyValueSpecification\",\"valueRequired\":true,\"valueName\":\"search_term_string\"}}],\"inLanguage\":\"ro-RO\"},{\"@type\":\"Organization\",\"@id\":\"https:\/\/aviator-igra.net\/#organization\",\"name\":\"Aviator\",\"url\":\"https:\/\/aviator-igra.net\/\",\"logo\":{\"@type\":\"ImageObject\",\"inLanguage\":\"ro-RO\",\"@id\":\"https:\/\/aviator-igra.net\/#\/schema\/logo\/image\/\",\"url\":\"https:\/\/aviator-igra.net\/wp-content\/uploads\/Aviator-logo.png\",\"contentUrl\":\"https:\/\/aviator-igra.net\/wp-content\/uploads\/Aviator-logo.png\",\"width\":350,\"height\":90,\"caption\":\"Aviator\"},\"image\":{\"@id\":\"https:\/\/aviator-igra.net\/#\/schema\/logo\/image\/\"}}]}<\/script>\n<!-- \/ Yoast SEO plugin. -->","yoast_head_json":{"title":"\u0418\u0433\u0440\u0430\u0442\u044c \u0432 \u043e\u043d\u043b\u0430\u0439\u043d \u0438\u0433\u0440\u0443 \u0410\u0432\u0438\u0430\u0442\u043e\u0440 \u0432 \u043a\u0430\u0437\u0438\u043d\u043e","description":"Juca\u021bi Aviator pentru bani reali la cele mai bune cazinouri online. Cum s\u0103 joci \u0219i s\u0103 c\u00e2\u0219tigi folosind strategii avantajoase de joc. \u00cenregistrare, depunere, retragere a c\u00e2\u0219tigurilor.","robots":{"index":"index","follow":"follow","max-snippet":"max-snippet:-1","max-image-preview":"max-image-preview:large","max-video-preview":"max-video-preview:-1"},"canonical":"https:\/\/aviator-igra.net\/ro\/","og_locale":"ro_RO","og_type":"article","og_title":"\u0418\u0433\u0440\u0430\u0442\u044c \u0432 \u043e\u043d\u043b\u0430\u0439\u043d \u0438\u0433\u0440\u0443 \u0410\u0432\u0438\u0430\u0442\u043e\u0440 \u0432 \u043a\u0430\u0437\u0438\u043d\u043e","og_description":"\u0418\u0433\u0440\u0430\u0442\u044c \u0432 \u0410\u0432\u0438\u0430\u0442\u043e\u0440 \u043d\u0430 \u0440\u0435\u0430\u043b\u044c\u043d\u044b\u0435 \u0434\u0435\u043d\u044c\u0433\u0438 \u0432 \u043b\u0443\u0447\u0448\u0438\u0445 \u043e\u043d\u043b\u0430\u0439\u043d \u043a\u0430\u0437\u0438\u043d\u043e. \u041a\u0430\u043a \u0438\u0433\u0440\u0430\u0442\u044c \u0438 \u043f\u043e\u0431\u0435\u0436\u0434\u0430\u0442\u044c, \u0438\u0441\u043f\u043e\u043b\u044c\u0437\u0443\u044f \u0432\u044b\u0433\u043e\u0434\u043d\u044b\u0435 \u0441\u0442\u0440\u0430\u0442\u0435\u0433\u0438\u0438 \u0438\u0433\u0440\u044b. \u0420\u0435\u0433\u0438\u0441\u0442\u0440\u0430\u0446\u0438\u044f, \u043f\u043e\u043f\u043e\u043b\u043d\u0435\u043d\u0438\u0435 \u0434\u0435\u043f\u043e\u0437\u0438\u0442\u0430, \u0432\u044b\u0432\u043e\u0434 \u0432\u044b\u0438\u0433\u0440\u044b\u0448\u0430","og_url":"https:\/\/aviator-igra.net\/ro\/","og_site_name":"Aviator","article_modified_time":"2024-03-15T00:42:08+00:00","twitter_card":"summary_large_image","twitter_misc":{"Timp estimat pentru citire":"33 de minute"},"schema":{"@context":"https:\/\/schema.org","@graph":[{"@type":"WebPage","@id":"https:\/\/aviator-igra.net\/","url":"https:\/\/aviator-igra.net\/","name":"\u0418\u0433\u0440\u0430\u0442\u044c \u0432 \u043e\u043d\u043b\u0430\u0439\u043d \u0438\u0433\u0440\u0443 \u0410\u0432\u0438\u0430\u0442\u043e\u0440 \u0432 \u043a\u0430\u0437\u0438\u043d\u043e","isPartOf":{"@id":"https:\/\/aviator-igra.net\/#website"},"datePublished":"2024-03-11T18:16:05+00:00","dateModified":"2024-03-15T00:42:08+00:00","description":"\u0418\u0433\u0440\u0430\u0442\u044c \u0432 \u0410\u0432\u0438\u0430\u0442\u043e\u0440 \u043d\u0430 \u0440\u0435\u0430\u043b\u044c\u043d\u044b\u0435 \u0434\u0435\u043d\u044c\u0433\u0438 \u0432 \u043b\u0443\u0447\u0448\u0438\u0445 \u043e\u043d\u043b\u0430\u0439\u043d \u043a\u0430\u0437\u0438\u043d\u043e. \u041a\u0430\u043a \u0438\u0433\u0440\u0430\u0442\u044c \u0438 \u043f\u043e\u0431\u0435\u0436\u0434\u0430\u0442\u044c, \u0438\u0441\u043f\u043e\u043b\u044c\u0437\u0443\u044f \u0432\u044b\u0433\u043e\u0434\u043d\u044b\u0435 \u0441\u0442\u0440\u0430\u0442\u0435\u0433\u0438\u0438 \u0438\u0433\u0440\u044b. \u0420\u0435\u0433\u0438\u0441\u0442\u0440\u0430\u0446\u0438\u044f, \u043f\u043e\u043f\u043e\u043b\u043d\u0435\u043d\u0438\u0435 \u0434\u0435\u043f\u043e\u0437\u0438\u0442\u0430, \u0432\u044b\u0432\u043e\u0434 \u0432\u044b\u0438\u0433\u0440\u044b\u0448\u0430","breadcrumb":{"@id":"https:\/\/aviator-igra.net\/#breadcrumb"},"inLanguage":"ro-RO","potentialAction":[{"@type":"ReadAction","target":["https:\/\/aviator-igra.net\/"]}]},{"@type":"BreadcrumbList","@id":"https:\/\/aviator-igra.net\/#breadcrumb","itemListElement":[{"@type":"ListItem","position":1,"name":"Home","item":"https:\/\/aviator-igra.net\/"},{"@type":"ListItem","position":2,"name":"\u0427\u0442\u043e \u0442\u0430\u043a\u043e\u0435 \u043e\u043d\u043b\u0430\u0439\u043d \u0438\u0433\u0440\u0430 \u0410\u0432\u0438\u0430\u0442\u043e\u0440?"}]},{"@type":"WebSite","@id":"https:\/\/aviator-igra.net\/#website","url":"https:\/\/aviator-igra.net\/","name":"Aviator","description":"","publisher":{"@id":"https:\/\/aviator-igra.net\/#organization"},"potentialAction":[{"@type":"SearchAction","target":{"@type":"EntryPoint","urlTemplate":"https:\/\/aviator-igra.net\/?s={search_term_string}"},"query-input":{"@type":"PropertyValueSpecification","valueRequired":true,"valueName":"search_term_string"}}],"inLanguage":"ro-RO"},{"@type":"Organization","@id":"https:\/\/aviator-igra.net\/#organization","name":"Aviator","url":"https:\/\/aviator-igra.net\/","logo":{"@type":"ImageObject","inLanguage":"ro-RO","@id":"https:\/\/aviator-igra.net\/#\/schema\/logo\/image\/","url":"https:\/\/aviator-igra.net\/wp-content\/uploads\/Aviator-logo.png","contentUrl":"https:\/\/aviator-igra.net\/wp-content\/uploads\/Aviator-logo.png","width":350,"height":90,"caption":"Aviator"},"image":{"@id":"https:\/\/aviator-igra.net\/#\/schema\/logo\/image\/"}}]}},"_links":{"self":[{"href":"https:\/\/aviator-igra.net\/ro\/wp-json\/wp\/v2\/pages\/7","targetHints":{"allow":["GET"]}}],"collection":[{"href":"https:\/\/aviator-igra.net\/ro\/wp-json\/wp\/v2\/pages"}],"about":[{"href":"https:\/\/aviator-igra.net\/ro\/wp-json\/wp\/v2\/types\/page"}],"author":[{"embeddable":true,"href":"https:\/\/aviator-igra.net\/ro\/wp-json\/wp\/v2\/users\/1"}],"replies":[{"embeddable":true,"href":"https:\/\/aviator-igra.net\/ro\/wp-json\/wp\/v2\/comments?post=7"}],"version-history":[{"count":42,"href":"https:\/\/aviator-igra.net\/ro\/wp-json\/wp\/v2\/pages\/7\/revisions"}],"predecessor-version":[{"id":128,"href":"https:\/\/aviator-igra.net\/ro\/wp-json\/wp\/v2\/pages\/7\/revisions\/128"}],"wp:attachment":[{"href":"https:\/\/aviator-igra.net\/ro\/wp-json\/wp\/v2\/media?parent=7"}],"curies":[{"name":"wp","href":"https:\/\/api.w.org\/{rel}","templated":true}]}}