{"id":7,"date":"2024-03-11T21:16:05","date_gmt":"2024-03-11T18:16:05","guid":{"rendered":"https:\/\/aviator-igra.net\/?page_id=7"},"modified":"2024-03-15T03:42:08","modified_gmt":"2024-03-15T00:42:08","slug":"aviator","status":"publish","type":"page","link":"https:\/\/aviator-igra.net\/pt\/","title":{"rendered":"O que \u00e9 o jogo online Aviator?"},"content":{"rendered":"<p>Aviator \u00e9 um jogo online no estilo de queda que se tornou popular nos \u00faltimos anos. O jogo \u00e9 uma simula\u00e7\u00e3o de voo, onde cada rodada \u00e9 simbolizada pela decolagem de um avi\u00e3o. O principal objetivo do jogador \u00e9 fazer uma aposta e conseguir reivindicar os ganhos antes que o avi\u00e3o voe para fora da tela. Se o avi\u00e3o voar, significa derrota, pois o jogador n\u00e3o conseguiu retirar a aposta. A tarefa \u00e9 retirar os ganhos antes que o avi\u00e3o voe.<\/p>\n<p>O jogo Aviator se tornou uma fonte de adrenalina para jogadores ao redor do mundo porque o jogador decide quando sair do jogo. Ao mesmo tempo, os jogadores precisam tomar decis\u00f5es r\u00e1pidas e confiar na intui\u00e7\u00e3o, tornando cada voo do avi\u00e3o no jogo Aviator um desafio \u00fanico. Por essa raz\u00e3o, milh\u00f5es de jogadores ao redor do mundo adoram o jogo.<\/p>\n<h2><strong>Diferen\u00e7as do Jogo Aviator de Outros Jogos de Queda<\/strong><\/h2>\n<p>Ent\u00e3o, vamos considerar como o Aviator difere de outros jogos. O Aviator se destaca entre outros jogos de queda devido \u00e0 sua atratividade visual e simplicidade para entender as regras. Ao contr\u00e1rio dos jogos de queda tradicionais, onde os ganhos dependem de um multiplicador incerto, o Aviator oferece um processo mais transparente e din\u00e2mico com a possibilidade para os jogadores de fixarem os ganhos em tempo real.<\/p>\n<p>O elemento de intera\u00e7\u00e3o social tamb\u00e9m \u00e9 \u00fanico para o Aviator, permitindo que os jogadores compartilhem experi\u00eancias e estrat\u00e9gias no chat durante o jogo. \u00c9 importante lembrar as regras de comportamento no chat, pois insultar outros jogadores \u00e9 proibido.<\/p>\n<h2><strong>Como Jogar Aviator<\/strong><\/h2>\n<p>Todo jogador n\u00e3o apenas quer jogar, mas tamb\u00e9m quer vencer no Aviator, ganhando dinheiro real. Jogar Aviator \u00e9 f\u00e1cil:<\/p>\n<ul>\n<li>Fa\u00e7a uma aposta antes de cada rodada come\u00e7ar.<\/li>\n<li>Assista ao avi\u00e3o decolar; o multiplicador vencedor aumenta \u00e0 medida que ele sobe.<\/li>\n<li>Clique no bot\u00e3o &#8220;Reivindicar&#8221; para retirar seus ganhos antes que o avi\u00e3o desapare\u00e7a. Se voc\u00ea n\u00e3o conseguir a tempo, a aposta \u00e9 perdida.<\/li>\n<\/ul>\n<p>Lembre-se de que o multiplicador que voc\u00ea v\u00ea \u00e9 o coeficiente pelo qual a aposta \u00e9 multiplicada. Em outras palavras, se voc\u00ea fez uma aposta de $100 e v\u00ea que o multiplicador \u00e9 2, significa que seus ganhos s\u00e3o $200. O importante \u00e9 retirar esse dinheiro antes que o avi\u00e3o voe.<\/p>\n<h2><strong>Estrat\u00e9gias para Jogar o Jogo Online Aviator<\/strong><\/h2>\n<p>Existem muitas estrat\u00e9gias no Aviator, que v\u00e3o desde abordagens conservadoras, como fixar pequenos ganhos, at\u00e9 arriscadas, com o objetivo de alcan\u00e7ar altos coeficientes.<\/p>\n<p>Uma t\u00e1tica popular \u00e9 dividir as apostas: fazer uma aposta em um coeficiente baixo para garantir estabilidade e outra em um alto, visando uma grande vit\u00f3ria. O jogo autom\u00e1tico pode ajudar com isso, pois voc\u00ea pode retirar automaticamente os ganhos para um coeficiente baixo.<\/p>\n<h2><strong>Registro em um Cassino Online para Jogar Aviator<\/strong><\/h2>\n<p>Para come\u00e7ar a jogar Aviator, voc\u00ea precisa passar por um simples registro no site do cassino online escolhido. Voc\u00ea precisar\u00e1 fornecer informa\u00e7\u00f5es b\u00e1sicas sobre si mesmo, confirmar seu endere\u00e7o de e-mail ou n\u00famero de telefone e, possivelmente, passar por uma verifica\u00e7\u00e3o de conta.<\/p>\n<p>Recomendamos verificar sua conta imediatamente, pois este procedimento \u00e9 necess\u00e1rio antes de retirar os ganhos em qualquer caso.<\/p>\n<h2><strong>Como Recarregar Seu Saldo e Retirar os Ganhos<\/strong><\/h2>\n<p>Recarregar seu saldo e retirar fundos \u00e9 feito atrav\u00e9s de sua conta pessoal no site do cassino. V\u00e1rios m\u00e9todos de pagamento s\u00e3o oferecidos para isso: cart\u00f5es banc\u00e1rios, carteiras eletr\u00f4nicas, criptomoedas e outros. Escolha seu m\u00e9todo preferido, siga as instru\u00e7\u00f5es para depositar ou retirar fundos. Preste aten\u00e7\u00e3o aos valores m\u00ednimos de transa\u00e7\u00e3o e poss\u00edveis taxas.<\/p>\n<h2><strong>B\u00f4nus no Jogo Aviator<\/strong><\/h2>\n<p>Cassinos online frequentemente oferecem b\u00f4nus para novos e jogadores regulares. No Aviator, isso pode ser um b\u00f4nus de primeiro dep\u00f3sito, apostas gr\u00e1tis ou cashback para jogos ativos. Para usar os b\u00f4nus, certifique-se de se familiarizar com as condi\u00e7\u00f5es para receb\u00ea-los e apost\u00e1-los. Os b\u00f4nus podem aumentar significativamente suas chances de ganhar e tornar o jogo ainda mais emocionante.<\/p>\n","protected":false},"excerpt":{"rendered":"<p>Aviator \u00e9 um jogo online no estilo de queda que se tornou popular nos \u00faltimos anos. O jogo \u00e9 uma simula\u00e7\u00e3o de voo, onde cada rodada \u00e9 simbolizada pela decolagem de um avi\u00e3o. O principal objetivo do jogador \u00e9 fazer uma aposta e conseguir reivindicar os ganhos antes que o avi\u00e3o voe para fora da [&hellip;]<\/p>\n","protected":false},"author":1,"featured_media":0,"parent":0,"menu_order":0,"comment_status":"closed","ping_status":"closed","template":"","meta":{"footnotes":""},"class_list":["post-7","page","type-page","status-publish","hentry"],"yoast_head":"<!-- This site is optimized with the Yoast SEO plugin v27.2 - https:\/\/yoast.com\/product\/yoast-seo-wordpress\/ -->\n<title>\u0418\u0433\u0440\u0430\u0442\u044c \u0432 \u043e\u043d\u043b\u0430\u0439\u043d \u0438\u0433\u0440\u0443 \u0410\u0432\u0438\u0430\u0442\u043e\u0440 \u0432 \u043a\u0430\u0437\u0438\u043d\u043e<\/title>\n<meta name=\"description\" content=\"Jogue Aviator por dinheiro real nos melhores cassinos online. Como jogar e ganhar usando estrat\u00e9gias de jogo vantajosas. Registro, dep\u00f3sito, retirada de ganhos.\" \/>\n<meta name=\"robots\" content=\"index, follow, max-snippet:-1, max-image-preview:large, max-video-preview:-1\" \/>\n<link rel=\"canonical\" href=\"https:\/\/aviator-igra.net\/pt\/\" \/>\n<meta property=\"og:locale\" content=\"pt_PT\" \/>\n<meta property=\"og:locale:alternate\" content=\"ru_RU\" \/>\n<meta property=\"og:locale:alternate\" content=\"en_US\" \/>\n<meta property=\"og:locale:alternate\" content=\"es_ES\" \/>\n<meta property=\"og:locale:alternate\" content=\"sr_RS\" \/>\n<meta property=\"og:locale:alternate\" content=\"bg_BG\" \/>\n<meta property=\"og:locale:alternate\" content=\"ro_RO\" \/>\n<meta property=\"og:locale:alternate\" content=\"uk\" \/>\n<meta property=\"og:locale:alternate\" content=\"bel\" \/>\n<meta property=\"og:locale:alternate\" content=\"ka_GE\" \/>\n<meta property=\"og:locale:alternate\" content=\"hy\" \/>\n<meta property=\"og:locale:alternate\" content=\"az\" \/>\n<meta property=\"og:locale:alternate\" content=\"kk\" \/>\n<meta property=\"og:locale:alternate\" content=\"ky_KY\" \/>\n<meta property=\"og:locale:alternate\" content=\"uz_UZ\" \/>\n<meta property=\"og:locale:alternate\" content=\"tg\" \/>\n<meta property=\"og:locale:alternate\" content=\"et\" \/>\n<meta property=\"og:locale:alternate\" content=\"lt_LT\" \/>\n<meta property=\"og:locale:alternate\" content=\"lv\" \/>\n<meta property=\"og:locale:alternate\" content=\"fi\" \/>\n<meta property=\"og:type\" content=\"article\" \/>\n<meta property=\"og:title\" content=\"\u0418\u0433\u0440\u0430\u0442\u044c \u0432 \u043e\u043d\u043b\u0430\u0439\u043d \u0438\u0433\u0440\u0443 \u0410\u0432\u0438\u0430\u0442\u043e\u0440 \u0432 \u043a\u0430\u0437\u0438\u043d\u043e\" \/>\n<meta property=\"og:description\" content=\"\u0418\u0433\u0440\u0430\u0442\u044c \u0432 \u0410\u0432\u0438\u0430\u0442\u043e\u0440 \u043d\u0430 \u0440\u0435\u0430\u043b\u044c\u043d\u044b\u0435 \u0434\u0435\u043d\u044c\u0433\u0438 \u0432 \u043b\u0443\u0447\u0448\u0438\u0445 \u043e\u043d\u043b\u0430\u0439\u043d \u043a\u0430\u0437\u0438\u043d\u043e. \u041a\u0430\u043a \u0438\u0433\u0440\u0430\u0442\u044c \u0438 \u043f\u043e\u0431\u0435\u0436\u0434\u0430\u0442\u044c, \u0438\u0441\u043f\u043e\u043b\u044c\u0437\u0443\u044f \u0432\u044b\u0433\u043e\u0434\u043d\u044b\u0435 \u0441\u0442\u0440\u0430\u0442\u0435\u0433\u0438\u0438 \u0438\u0433\u0440\u044b. \u0420\u0435\u0433\u0438\u0441\u0442\u0440\u0430\u0446\u0438\u044f, \u043f\u043e\u043f\u043e\u043b\u043d\u0435\u043d\u0438\u0435 \u0434\u0435\u043f\u043e\u0437\u0438\u0442\u0430, \u0432\u044b\u0432\u043e\u0434 \u0432\u044b\u0438\u0433\u0440\u044b\u0448\u0430\" \/>\n<meta property=\"og:url\" content=\"https:\/\/aviator-igra.net\/pt\/\" \/>\n<meta property=\"og:site_name\" content=\"Aviator\" \/>\n<meta property=\"article:modified_time\" content=\"2024-03-15T00:42:08+00:00\" \/>\n<meta name=\"twitter:card\" content=\"summary_large_image\" \/>\n<meta name=\"twitter:label1\" content=\"Tempo estimado de leitura\" \/>\n\t<meta name=\"twitter:data1\" content=\"33 minutos\" \/>\n<script type=\"application\/ld+json\" class=\"yoast-schema-graph\">{\"@context\":\"https:\/\/schema.org\",\"@graph\":[{\"@type\":\"WebPage\",\"@id\":\"https:\/\/aviator-igra.net\/\",\"url\":\"https:\/\/aviator-igra.net\/\",\"name\":\"\u0418\u0433\u0440\u0430\u0442\u044c \u0432 \u043e\u043d\u043b\u0430\u0439\u043d \u0438\u0433\u0440\u0443 \u0410\u0432\u0438\u0430\u0442\u043e\u0440 \u0432 \u043a\u0430\u0437\u0438\u043d\u043e\",\"isPartOf\":{\"@id\":\"https:\/\/aviator-igra.net\/#website\"},\"datePublished\":\"2024-03-11T18:16:05+00:00\",\"dateModified\":\"2024-03-15T00:42:08+00:00\",\"description\":\"\u0418\u0433\u0440\u0430\u0442\u044c \u0432 \u0410\u0432\u0438\u0430\u0442\u043e\u0440 \u043d\u0430 \u0440\u0435\u0430\u043b\u044c\u043d\u044b\u0435 \u0434\u0435\u043d\u044c\u0433\u0438 \u0432 \u043b\u0443\u0447\u0448\u0438\u0445 \u043e\u043d\u043b\u0430\u0439\u043d \u043a\u0430\u0437\u0438\u043d\u043e. \u041a\u0430\u043a \u0438\u0433\u0440\u0430\u0442\u044c \u0438 \u043f\u043e\u0431\u0435\u0436\u0434\u0430\u0442\u044c, \u0438\u0441\u043f\u043e\u043b\u044c\u0437\u0443\u044f \u0432\u044b\u0433\u043e\u0434\u043d\u044b\u0435 \u0441\u0442\u0440\u0430\u0442\u0435\u0433\u0438\u0438 \u0438\u0433\u0440\u044b. \u0420\u0435\u0433\u0438\u0441\u0442\u0440\u0430\u0446\u0438\u044f, \u043f\u043e\u043f\u043e\u043b\u043d\u0435\u043d\u0438\u0435 \u0434\u0435\u043f\u043e\u0437\u0438\u0442\u0430, \u0432\u044b\u0432\u043e\u0434 \u0432\u044b\u0438\u0433\u0440\u044b\u0448\u0430\",\"breadcrumb\":{\"@id\":\"https:\/\/aviator-igra.net\/#breadcrumb\"},\"inLanguage\":\"pt-PT\",\"potentialAction\":[{\"@type\":\"ReadAction\",\"target\":[\"https:\/\/aviator-igra.net\/\"]}]},{\"@type\":\"BreadcrumbList\",\"@id\":\"https:\/\/aviator-igra.net\/#breadcrumb\",\"itemListElement\":[{\"@type\":\"ListItem\",\"position\":1,\"name\":\"Home\",\"item\":\"https:\/\/aviator-igra.net\/\"},{\"@type\":\"ListItem\",\"position\":2,\"name\":\"\u0427\u0442\u043e \u0442\u0430\u043a\u043e\u0435 \u043e\u043d\u043b\u0430\u0439\u043d \u0438\u0433\u0440\u0430 \u0410\u0432\u0438\u0430\u0442\u043e\u0440?\"}]},{\"@type\":\"WebSite\",\"@id\":\"https:\/\/aviator-igra.net\/#website\",\"url\":\"https:\/\/aviator-igra.net\/\",\"name\":\"Aviator\",\"description\":\"\",\"publisher\":{\"@id\":\"https:\/\/aviator-igra.net\/#organization\"},\"potentialAction\":[{\"@type\":\"SearchAction\",\"target\":{\"@type\":\"EntryPoint\",\"urlTemplate\":\"https:\/\/aviator-igra.net\/?s={search_term_string}\"},\"query-input\":{\"@type\":\"PropertyValueSpecification\",\"valueRequired\":true,\"valueName\":\"search_term_string\"}}],\"inLanguage\":\"pt-PT\"},{\"@type\":\"Organization\",\"@id\":\"https:\/\/aviator-igra.net\/#organization\",\"name\":\"Aviator\",\"url\":\"https:\/\/aviator-igra.net\/\",\"logo\":{\"@type\":\"ImageObject\",\"inLanguage\":\"pt-PT\",\"@id\":\"https:\/\/aviator-igra.net\/#\/schema\/logo\/image\/\",\"url\":\"https:\/\/aviator-igra.net\/wp-content\/uploads\/Aviator-logo.png\",\"contentUrl\":\"https:\/\/aviator-igra.net\/wp-content\/uploads\/Aviator-logo.png\",\"width\":350,\"height\":90,\"caption\":\"Aviator\"},\"image\":{\"@id\":\"https:\/\/aviator-igra.net\/#\/schema\/logo\/image\/\"}}]}<\/script>\n<!-- \/ Yoast SEO plugin. -->","yoast_head_json":{"title":"\u0418\u0433\u0440\u0430\u0442\u044c \u0432 \u043e\u043d\u043b\u0430\u0439\u043d \u0438\u0433\u0440\u0443 \u0410\u0432\u0438\u0430\u0442\u043e\u0440 \u0432 \u043a\u0430\u0437\u0438\u043d\u043e","description":"Jogue Aviator por dinheiro real nos melhores cassinos online. Como jogar e ganhar usando estrat\u00e9gias de jogo vantajosas. Registro, dep\u00f3sito, retirada de ganhos.","robots":{"index":"index","follow":"follow","max-snippet":"max-snippet:-1","max-image-preview":"max-image-preview:large","max-video-preview":"max-video-preview:-1"},"canonical":"https:\/\/aviator-igra.net\/pt\/","og_locale":"pt_PT","og_type":"article","og_title":"\u0418\u0433\u0440\u0430\u0442\u044c \u0432 \u043e\u043d\u043b\u0430\u0439\u043d \u0438\u0433\u0440\u0443 \u0410\u0432\u0438\u0430\u0442\u043e\u0440 \u0432 \u043a\u0430\u0437\u0438\u043d\u043e","og_description":"\u0418\u0433\u0440\u0430\u0442\u044c \u0432 \u0410\u0432\u0438\u0430\u0442\u043e\u0440 \u043d\u0430 \u0440\u0435\u0430\u043b\u044c\u043d\u044b\u0435 \u0434\u0435\u043d\u044c\u0433\u0438 \u0432 \u043b\u0443\u0447\u0448\u0438\u0445 \u043e\u043d\u043b\u0430\u0439\u043d \u043a\u0430\u0437\u0438\u043d\u043e. \u041a\u0430\u043a \u0438\u0433\u0440\u0430\u0442\u044c \u0438 \u043f\u043e\u0431\u0435\u0436\u0434\u0430\u0442\u044c, \u0438\u0441\u043f\u043e\u043b\u044c\u0437\u0443\u044f \u0432\u044b\u0433\u043e\u0434\u043d\u044b\u0435 \u0441\u0442\u0440\u0430\u0442\u0435\u0433\u0438\u0438 \u0438\u0433\u0440\u044b. \u0420\u0435\u0433\u0438\u0441\u0442\u0440\u0430\u0446\u0438\u044f, \u043f\u043e\u043f\u043e\u043b\u043d\u0435\u043d\u0438\u0435 \u0434\u0435\u043f\u043e\u0437\u0438\u0442\u0430, \u0432\u044b\u0432\u043e\u0434 \u0432\u044b\u0438\u0433\u0440\u044b\u0448\u0430","og_url":"https:\/\/aviator-igra.net\/pt\/","og_site_name":"Aviator","article_modified_time":"2024-03-15T00:42:08+00:00","twitter_card":"summary_large_image","twitter_misc":{"Tempo estimado de leitura":"33 minutos"},"schema":{"@context":"https:\/\/schema.org","@graph":[{"@type":"WebPage","@id":"https:\/\/aviator-igra.net\/","url":"https:\/\/aviator-igra.net\/","name":"\u0418\u0433\u0440\u0430\u0442\u044c \u0432 \u043e\u043d\u043b\u0430\u0439\u043d \u0438\u0433\u0440\u0443 \u0410\u0432\u0438\u0430\u0442\u043e\u0440 \u0432 \u043a\u0430\u0437\u0438\u043d\u043e","isPartOf":{"@id":"https:\/\/aviator-igra.net\/#website"},"datePublished":"2024-03-11T18:16:05+00:00","dateModified":"2024-03-15T00:42:08+00:00","description":"\u0418\u0433\u0440\u0430\u0442\u044c \u0432 \u0410\u0432\u0438\u0430\u0442\u043e\u0440 \u043d\u0430 \u0440\u0435\u0430\u043b\u044c\u043d\u044b\u0435 \u0434\u0435\u043d\u044c\u0433\u0438 \u0432 \u043b\u0443\u0447\u0448\u0438\u0445 \u043e\u043d\u043b\u0430\u0439\u043d \u043a\u0430\u0437\u0438\u043d\u043e. \u041a\u0430\u043a \u0438\u0433\u0440\u0430\u0442\u044c \u0438 \u043f\u043e\u0431\u0435\u0436\u0434\u0430\u0442\u044c, \u0438\u0441\u043f\u043e\u043b\u044c\u0437\u0443\u044f \u0432\u044b\u0433\u043e\u0434\u043d\u044b\u0435 \u0441\u0442\u0440\u0430\u0442\u0435\u0433\u0438\u0438 \u0438\u0433\u0440\u044b. \u0420\u0435\u0433\u0438\u0441\u0442\u0440\u0430\u0446\u0438\u044f, \u043f\u043e\u043f\u043e\u043b\u043d\u0435\u043d\u0438\u0435 \u0434\u0435\u043f\u043e\u0437\u0438\u0442\u0430, \u0432\u044b\u0432\u043e\u0434 \u0432\u044b\u0438\u0433\u0440\u044b\u0448\u0430","breadcrumb":{"@id":"https:\/\/aviator-igra.net\/#breadcrumb"},"inLanguage":"pt-PT","potentialAction":[{"@type":"ReadAction","target":["https:\/\/aviator-igra.net\/"]}]},{"@type":"BreadcrumbList","@id":"https:\/\/aviator-igra.net\/#breadcrumb","itemListElement":[{"@type":"ListItem","position":1,"name":"Home","item":"https:\/\/aviator-igra.net\/"},{"@type":"ListItem","position":2,"name":"\u0427\u0442\u043e \u0442\u0430\u043a\u043e\u0435 \u043e\u043d\u043b\u0430\u0439\u043d \u0438\u0433\u0440\u0430 \u0410\u0432\u0438\u0430\u0442\u043e\u0440?"}]},{"@type":"WebSite","@id":"https:\/\/aviator-igra.net\/#website","url":"https:\/\/aviator-igra.net\/","name":"Aviator","description":"","publisher":{"@id":"https:\/\/aviator-igra.net\/#organization"},"potentialAction":[{"@type":"SearchAction","target":{"@type":"EntryPoint","urlTemplate":"https:\/\/aviator-igra.net\/?s={search_term_string}"},"query-input":{"@type":"PropertyValueSpecification","valueRequired":true,"valueName":"search_term_string"}}],"inLanguage":"pt-PT"},{"@type":"Organization","@id":"https:\/\/aviator-igra.net\/#organization","name":"Aviator","url":"https:\/\/aviator-igra.net\/","logo":{"@type":"ImageObject","inLanguage":"pt-PT","@id":"https:\/\/aviator-igra.net\/#\/schema\/logo\/image\/","url":"https:\/\/aviator-igra.net\/wp-content\/uploads\/Aviator-logo.png","contentUrl":"https:\/\/aviator-igra.net\/wp-content\/uploads\/Aviator-logo.png","width":350,"height":90,"caption":"Aviator"},"image":{"@id":"https:\/\/aviator-igra.net\/#\/schema\/logo\/image\/"}}]}},"_links":{"self":[{"href":"https:\/\/aviator-igra.net\/pt\/wp-json\/wp\/v2\/pages\/7","targetHints":{"allow":["GET"]}}],"collection":[{"href":"https:\/\/aviator-igra.net\/pt\/wp-json\/wp\/v2\/pages"}],"about":[{"href":"https:\/\/aviator-igra.net\/pt\/wp-json\/wp\/v2\/types\/page"}],"author":[{"embeddable":true,"href":"https:\/\/aviator-igra.net\/pt\/wp-json\/wp\/v2\/users\/1"}],"replies":[{"embeddable":true,"href":"https:\/\/aviator-igra.net\/pt\/wp-json\/wp\/v2\/comments?post=7"}],"version-history":[{"count":42,"href":"https:\/\/aviator-igra.net\/pt\/wp-json\/wp\/v2\/pages\/7\/revisions"}],"predecessor-version":[{"id":128,"href":"https:\/\/aviator-igra.net\/pt\/wp-json\/wp\/v2\/pages\/7\/revisions\/128"}],"wp:attachment":[{"href":"https:\/\/aviator-igra.net\/pt\/wp-json\/wp\/v2\/media?parent=7"}],"curies":[{"name":"wp","href":"https:\/\/api.w.org\/{rel}","templated":true}]}}