{"id":15,"date":"2024-03-11T21:19:08","date_gmt":"2024-03-11T18:19:08","guid":{"rendered":"https:\/\/aviator-igra.net\/?page_id=15"},"modified":"2024-03-14T21:05:49","modified_gmt":"2024-03-14T18:05:49","slug":"register","status":"publish","type":"page","link":"https:\/\/aviator-igra.net\/pt\/register\/","title":{"rendered":"Registo num casino para jogar Aviator"},"content":{"rendered":"<p>Se voc\u00ea decidiu jogar Aviator, seu primeiro passo \u00e9 se registrar no cassino. Escolher um cassino online \u00e9 outra quest\u00e3o, e n\u00e3o vamos tocar nos crit\u00e9rios de sele\u00e7\u00e3o. Deixe-nos gui\u00e1-lo por todas as etapas de registro no cassino online \u2014 desde a inscri\u00e7\u00e3o at\u00e9 a decolagem no Aviator.<\/p>\n<h2><strong>M\u00e9todos de Registro no Cassino<\/strong><\/h2>\n<p>No mundo dos cassinos online, o registro \u00e9 seu primeiro passo para jogar. Normalmente, sem registro, voc\u00ea n\u00e3o pode jogar, seja de forma alguma ou com dinheiro real. Os cassinos geralmente oferecem v\u00e1rios m\u00e9todos de registro:<\/p>\n<ul>\n<li><strong>Por e-mail:<\/strong><br \/>\nVoc\u00ea precisar\u00e1 fornecer seu e-mail e criar uma senha. Ap\u00f3s preencher o formul\u00e1rio, verifique seu e-mail para confirmar seu registro. Voc\u00ea precisar\u00e1 inserir o c\u00f3digo recebido em seu e-mail ou clicar no link.<\/li>\n<li><strong>Atrav\u00e9s de redes sociais:<\/strong><br \/>\nMuitos cassinos permitem que voc\u00ea use sua conta em redes sociais para um registro r\u00e1pido. \u00c9 conveniente e economiza tempo. No entanto, isso n\u00e3o o isenta da necessidade de passar pelo processo de registro da conta.<\/li>\n<li><strong>Via n\u00famero de telefone:<\/strong><br \/>\nDigite seu n\u00famero de telefone, e um c\u00f3digo de confirma\u00e7\u00e3o de registro ser\u00e1 enviado para ele. Depois disso, voc\u00ea precisar\u00e1 preencher todas as informa\u00e7\u00f5es b\u00e1sicas sobre voc\u00ea, incluindo seu nome, data de nascimento e outros detalhes.<\/li>\n<\/ul>\n<p>Escolha o m\u00e9todo que melhor lhe convier e inicie o processo de registro. Normalmente, o registro no site oficial do cassino n\u00e3o leva mais do que 2 minutos.<\/p>\n<h2><strong>Necessidade de Verifica\u00e7\u00e3o de Conta<\/strong><\/h2>\n<p>Ap\u00f3s o registro, voc\u00ea pode passar por um processo de verifica\u00e7\u00e3o. Isso \u00e9 importante para garantir a seguran\u00e7a de sua conta e fundos, al\u00e9m de confirmar sua identidade. A verifica\u00e7\u00e3o ajuda a evitar fraudes e garante que os ganhos sejam pagos aos propriet\u00e1rios leg\u00edtimos.<\/p>\n<p>Para verificar, voc\u00ea precisar\u00e1 fornecer:<\/p>\n<ul>\n<li>Uma foto ou scan do seu passaporte ou outro documento de identidade.<\/li>\n<li>Documentos que comprovem seu endere\u00e7o de resid\u00eancia.<\/li>\n<li>Capturas de tela ou fotos dos fundos de dep\u00f3sito para confirmar a origem dos fundos.<\/li>\n<\/ul>\n<p>Muitos jogadores acham que a verifica\u00e7\u00e3o n\u00e3o \u00e9 t\u00e3o importante, mas isso \u00e9 um equ\u00edvoco. Qualquer cassino \u00e9 mais suspeito de jogadores que n\u00e3o passaram pelo procedimento de verifica\u00e7\u00e3o. Se voc\u00ea ganhar uma grande quantia de dinheiro, o cassino ter\u00e1 menos motivos para n\u00e3o pagar seus ganhos.<\/p>\n<h2><strong>Fazendo um Dep\u00f3sito<\/strong><\/h2>\n<p>Assim que sua conta for criada e verificada, \u00e9 hora de recarregar seu saldo. Os cassinos oferecem diversos m\u00e9todos para fazer dep\u00f3sitos:<\/p>\n<ul>\n<li><strong>Cart\u00f5es de cr\u00e9dito\/d\u00e9bito:<\/strong> Visa, MasterCard \u2014 a op\u00e7\u00e3o cl\u00e1ssica e mais comum.<\/li>\n<li><strong>Carteiras eletr\u00f4nicas:<\/strong> Skrill, Neteller, PayPal e outros sistemas populares para transa\u00e7\u00f5es r\u00e1pidas.<\/li>\n<li><strong>Criptomoedas:<\/strong> Bitcoin, Ethereum e outras criptomoedas est\u00e3o se tornando cada vez mais populares devido \u00e0 anonimato e seguran\u00e7a.<\/li>\n<\/ul>\n<p>Normalmente, todos os m\u00e9todos de pagamento incluem todas as tr\u00eas op\u00e7\u00f5es. Escolha o m\u00e9todo que melhor lhe convier e siga as instru\u00e7\u00f5es do cassino.<\/p>\n<h2><strong>Retirando os Ganhos<\/strong><\/h2>\n<p>Depois de acumular ganhos, \u00e9 hora de retir\u00e1-los. O processo \u00e9 semelhante ao de fazer um dep\u00f3sito, mas tenha em mente que os cassinos podem solicitar verifica\u00e7\u00e3o adicional antes da primeira retirada. A primeira retirada \u00e9 a mais dif\u00edcil.<\/p>\n<p>Escolha o seu m\u00e9todo de retirada preferido, que pode incluir cart\u00f5es banc\u00e1rios, carteiras eletr\u00f4nicas ou criptomoedas, e siga o processo do cassino para uma transfer\u00eancia bem-sucedida para sua conta.<\/p>\n","protected":false},"excerpt":{"rendered":"<p>Se voc\u00ea decidiu jogar Aviator, seu primeiro passo \u00e9 se registrar no cassino. Escolher um cassino online \u00e9 outra quest\u00e3o, e n\u00e3o vamos tocar nos crit\u00e9rios de sele\u00e7\u00e3o. Deixe-nos gui\u00e1-lo por todas as etapas de registro no cassino online \u2014 desde a inscri\u00e7\u00e3o at\u00e9 a decolagem no Aviator. M\u00e9todos de Registro no Cassino No mundo [&hellip;]<\/p>\n","protected":false},"author":1,"featured_media":0,"parent":0,"menu_order":0,"comment_status":"closed","ping_status":"closed","template":"","meta":{"footnotes":""},"class_list":["post-15","page","type-page","status-publish","hentry"],"yoast_head":"<!-- This site is optimized with the Yoast SEO plugin v27.2 - https:\/\/yoast.com\/product\/yoast-seo-wordpress\/ -->\n<title>\u0544\u056b\u0561\u0581\u0576\u0565\u056c\u0578\u0582 \u0561\u0576\u056c\u0561\u0580 \u056d\u0561\u0572\u0561\u0572\u0578\u0582\u0569\u0575\u0561\u0576 \u0570\u0561\u0574\u0561\u0580 \u0585\u0576\u056c\u0561\u0575\u0576 \u056f\u0561\u0566\u056b\u0576\u0578\u0582\u0578\u0582\u0574:<\/title>\n<meta name=\"description\" content=\"Concluindo o registro no site oficial do cassino online para jogar Aviator. Fa\u00e7a um dep\u00f3sito e saque os ganhos. Verifica\u00e7\u00e3o da conta do jogador.\" \/>\n<meta name=\"robots\" content=\"index, follow, max-snippet:-1, max-image-preview:large, max-video-preview:-1\" \/>\n<link rel=\"canonical\" href=\"https:\/\/aviator-igra.net\/pt\/register\/\" \/>\n<meta property=\"og:locale\" content=\"pt_PT\" \/>\n<meta property=\"og:locale:alternate\" content=\"ru_RU\" \/>\n<meta property=\"og:locale:alternate\" content=\"en_US\" \/>\n<meta property=\"og:locale:alternate\" content=\"es_ES\" \/>\n<meta property=\"og:locale:alternate\" content=\"sr_RS\" \/>\n<meta property=\"og:locale:alternate\" content=\"bg_BG\" \/>\n<meta property=\"og:locale:alternate\" content=\"ro_RO\" \/>\n<meta property=\"og:locale:alternate\" content=\"uk\" \/>\n<meta property=\"og:locale:alternate\" content=\"bel\" \/>\n<meta property=\"og:locale:alternate\" content=\"ka_GE\" \/>\n<meta property=\"og:locale:alternate\" content=\"hy\" \/>\n<meta property=\"og:locale:alternate\" content=\"az\" \/>\n<meta property=\"og:locale:alternate\" content=\"kk\" \/>\n<meta property=\"og:locale:alternate\" content=\"ky_KY\" \/>\n<meta property=\"og:locale:alternate\" content=\"uz_UZ\" \/>\n<meta property=\"og:locale:alternate\" content=\"tg\" \/>\n<meta property=\"og:locale:alternate\" content=\"et\" \/>\n<meta property=\"og:locale:alternate\" content=\"lt_LT\" \/>\n<meta property=\"og:locale:alternate\" content=\"lv\" \/>\n<meta property=\"og:locale:alternate\" content=\"fi\" \/>\n<meta property=\"og:type\" content=\"article\" \/>\n<meta property=\"og:title\" content=\"\u0544\u056b\u0561\u0581\u0576\u0565\u056c\u0578\u0582 \u0561\u0576\u056c\u0561\u0580 \u056d\u0561\u0572\u0561\u0572\u0578\u0582\u0569\u0575\u0561\u0576 \u0570\u0561\u0574\u0561\u0580 \u0585\u0576\u056c\u0561\u0575\u0576 \u056f\u0561\u0566\u056b\u0576\u0578\u0582\u0578\u0582\u0574:\" \/>\n<meta property=\"og:description\" content=\"\u0531\u057e\u0561\u057f\u0561\u0580\u0578\u057e \u056d\u0561\u0572\u0561\u056c\u0578\u0582 \u0570\u0561\u0574\u0561\u0580 \u0569\u0578\u0582\u0575\u056c\u0561\u057f\u0580\u0565\u056c\u0578\u0582 \u056f\u0561\u0575\u0584\u056b \u057a\u0561\u057f\u0573\u0561\u057c\u0578\u057e \u0563\u0580\u0561\u0576\u0581\u057e\u0565\u056c: \u053f\u0561\u057f\u0561\u0580\u0565\u056c \u0564\u0565\u057a\u0578\u0566\u056b\u057f\u0568 \u0587 \u057e\u0573\u0561\u0580\u0565\u056c \u0570\u0561\u0572\u0578\u0580\u0564\u0561\u0563\u0580\u0561\u056e\u0568: \u053d\u0561\u0572\u0561\u0580\u056f\u0578\u0582\u0569\u0575\u0561\u0576 \u0561\u056f\u057f\u056b\u057e\u0561\u0581\u0578\u0582\u0574:\" \/>\n<meta property=\"og:url\" content=\"https:\/\/aviator-igra.net\/pt\/register\/\" \/>\n<meta property=\"og:site_name\" content=\"Aviator\" \/>\n<meta property=\"article:modified_time\" content=\"2024-03-14T18:05:49+00:00\" \/>\n<meta name=\"twitter:card\" content=\"summary_large_image\" \/>\n<meta name=\"twitter:label1\" content=\"Tempo estimado de leitura\" \/>\n\t<meta name=\"twitter:data1\" content=\"28 minutos\" \/>\n<script type=\"application\/ld+json\" class=\"yoast-schema-graph\">{\"@context\":\"https:\/\/schema.org\",\"@graph\":[{\"@type\":\"WebPage\",\"@id\":\"https:\/\/aviator-igra.net\/hy\/register\/\",\"url\":\"https:\/\/aviator-igra.net\/hy\/register\/\",\"name\":\"\u0544\u056b\u0561\u0581\u0576\u0565\u056c\u0578\u0582 \u0561\u0576\u056c\u0561\u0580 \u056d\u0561\u0572\u0561\u0572\u0578\u0582\u0569\u0575\u0561\u0576 \u0570\u0561\u0574\u0561\u0580 \u0585\u0576\u056c\u0561\u0575\u0576 \u056f\u0561\u0566\u056b\u0576\u0578\u0582\u0578\u0582\u0574:\",\"isPartOf\":{\"@id\":\"https:\/\/aviator-igra.net\/#website\"},\"datePublished\":\"2024-03-11T18:19:08+00:00\",\"dateModified\":\"2024-03-14T18:05:49+00:00\",\"description\":\"\u0531\u057e\u0561\u057f\u0561\u0580\u0578\u057e \u056d\u0561\u0572\u0561\u056c\u0578\u0582 \u0570\u0561\u0574\u0561\u0580 \u0569\u0578\u0582\u0575\u056c\u0561\u057f\u0580\u0565\u056c\u0578\u0582 \u056f\u0561\u0575\u0584\u056b \u057a\u0561\u057f\u0573\u0561\u057c\u0578\u057e \u0563\u0580\u0561\u0576\u0581\u057e\u0565\u056c: \u053f\u0561\u057f\u0561\u0580\u0565\u056c \u0564\u0565\u057a\u0578\u0566\u056b\u057f\u0568 \u0587 \u057e\u0573\u0561\u0580\u0565\u056c \u0570\u0561\u0572\u0578\u0580\u0564\u0561\u0563\u0580\u0561\u056e\u0568: \u053d\u0561\u0572\u0561\u0580\u056f\u0578\u0582\u0569\u0575\u0561\u0576 \u0561\u056f\u057f\u056b\u057e\u0561\u0581\u0578\u0582\u0574:\",\"breadcrumb\":{\"@id\":\"https:\/\/aviator-igra.net\/hy\/register\/#breadcrumb\"},\"inLanguage\":\"pt-PT\",\"potentialAction\":[{\"@type\":\"ReadAction\",\"target\":[\"https:\/\/aviator-igra.net\/hy\/register\/\"]}]},{\"@type\":\"BreadcrumbList\",\"@id\":\"https:\/\/aviator-igra.net\/hy\/register\/#breadcrumb\",\"itemListElement\":[{\"@type\":\"ListItem\",\"position\":1,\"name\":\"Home\",\"item\":\"https:\/\/aviator-igra.net\/\"},{\"@type\":\"ListItem\",\"position\":2,\"name\":\"\u0533\u0580\u0561\u0576\u0581\u0578\u0582\u0574 \u056f\u0561\u0566\u056b\u0576\u0578\u0578\u0582\u0574 \u0555\u0564\u0561\u0576\u0561\u057e\u0561\u056f\u0561\u0575\u056b\u0576 \u0561\u057c\u0561\u057b\u0561\u0580\u056f\u0578\u0582\u0574 \u056d\u0561\u0572\u0561\u056c\u0578\u0582 \u0570\u0561\u0574\u0561\u0580\u0589\"}]},{\"@type\":\"WebSite\",\"@id\":\"https:\/\/aviator-igra.net\/#website\",\"url\":\"https:\/\/aviator-igra.net\/\",\"name\":\"Aviator\",\"description\":\"\",\"publisher\":{\"@id\":\"https:\/\/aviator-igra.net\/#organization\"},\"potentialAction\":[{\"@type\":\"SearchAction\",\"target\":{\"@type\":\"EntryPoint\",\"urlTemplate\":\"https:\/\/aviator-igra.net\/?s={search_term_string}\"},\"query-input\":{\"@type\":\"PropertyValueSpecification\",\"valueRequired\":true,\"valueName\":\"search_term_string\"}}],\"inLanguage\":\"pt-PT\"},{\"@type\":\"Organization\",\"@id\":\"https:\/\/aviator-igra.net\/#organization\",\"name\":\"Aviator\",\"url\":\"https:\/\/aviator-igra.net\/\",\"logo\":{\"@type\":\"ImageObject\",\"inLanguage\":\"pt-PT\",\"@id\":\"https:\/\/aviator-igra.net\/#\/schema\/logo\/image\/\",\"url\":\"https:\/\/aviator-igra.net\/wp-content\/uploads\/Aviator-logo.png\",\"contentUrl\":\"https:\/\/aviator-igra.net\/wp-content\/uploads\/Aviator-logo.png\",\"width\":350,\"height\":90,\"caption\":\"Aviator\"},\"image\":{\"@id\":\"https:\/\/aviator-igra.net\/#\/schema\/logo\/image\/\"}}]}<\/script>\n<!-- \/ Yoast SEO plugin. -->","yoast_head_json":{"title":"\u0544\u056b\u0561\u0581\u0576\u0565\u056c\u0578\u0582 \u0561\u0576\u056c\u0561\u0580 \u056d\u0561\u0572\u0561\u0572\u0578\u0582\u0569\u0575\u0561\u0576 \u0570\u0561\u0574\u0561\u0580 \u0585\u0576\u056c\u0561\u0575\u0576 \u056f\u0561\u0566\u056b\u0576\u0578\u0582\u0578\u0582\u0574:","description":"Concluindo o registro no site oficial do cassino online para jogar Aviator. Fa\u00e7a um dep\u00f3sito e saque os ganhos. Verifica\u00e7\u00e3o da conta do jogador.","robots":{"index":"index","follow":"follow","max-snippet":"max-snippet:-1","max-image-preview":"max-image-preview:large","max-video-preview":"max-video-preview:-1"},"canonical":"https:\/\/aviator-igra.net\/pt\/register\/","og_locale":"pt_PT","og_type":"article","og_title":"\u0544\u056b\u0561\u0581\u0576\u0565\u056c\u0578\u0582 \u0561\u0576\u056c\u0561\u0580 \u056d\u0561\u0572\u0561\u0572\u0578\u0582\u0569\u0575\u0561\u0576 \u0570\u0561\u0574\u0561\u0580 \u0585\u0576\u056c\u0561\u0575\u0576 \u056f\u0561\u0566\u056b\u0576\u0578\u0582\u0578\u0582\u0574:","og_description":"\u0531\u057e\u0561\u057f\u0561\u0580\u0578\u057e \u056d\u0561\u0572\u0561\u056c\u0578\u0582 \u0570\u0561\u0574\u0561\u0580 \u0569\u0578\u0582\u0575\u056c\u0561\u057f\u0580\u0565\u056c\u0578\u0582 \u056f\u0561\u0575\u0584\u056b \u057a\u0561\u057f\u0573\u0561\u057c\u0578\u057e \u0563\u0580\u0561\u0576\u0581\u057e\u0565\u056c: \u053f\u0561\u057f\u0561\u0580\u0565\u056c \u0564\u0565\u057a\u0578\u0566\u056b\u057f\u0568 \u0587 \u057e\u0573\u0561\u0580\u0565\u056c \u0570\u0561\u0572\u0578\u0580\u0564\u0561\u0563\u0580\u0561\u056e\u0568: \u053d\u0561\u0572\u0561\u0580\u056f\u0578\u0582\u0569\u0575\u0561\u0576 \u0561\u056f\u057f\u056b\u057e\u0561\u0581\u0578\u0582\u0574:","og_url":"https:\/\/aviator-igra.net\/pt\/register\/","og_site_name":"Aviator","article_modified_time":"2024-03-14T18:05:49+00:00","twitter_card":"summary_large_image","twitter_misc":{"Tempo estimado de leitura":"28 minutos"},"schema":{"@context":"https:\/\/schema.org","@graph":[{"@type":"WebPage","@id":"https:\/\/aviator-igra.net\/hy\/register\/","url":"https:\/\/aviator-igra.net\/hy\/register\/","name":"\u0544\u056b\u0561\u0581\u0576\u0565\u056c\u0578\u0582 \u0561\u0576\u056c\u0561\u0580 \u056d\u0561\u0572\u0561\u0572\u0578\u0582\u0569\u0575\u0561\u0576 \u0570\u0561\u0574\u0561\u0580 \u0585\u0576\u056c\u0561\u0575\u0576 \u056f\u0561\u0566\u056b\u0576\u0578\u0582\u0578\u0582\u0574:","isPartOf":{"@id":"https:\/\/aviator-igra.net\/#website"},"datePublished":"2024-03-11T18:19:08+00:00","dateModified":"2024-03-14T18:05:49+00:00","description":"\u0531\u057e\u0561\u057f\u0561\u0580\u0578\u057e \u056d\u0561\u0572\u0561\u056c\u0578\u0582 \u0570\u0561\u0574\u0561\u0580 \u0569\u0578\u0582\u0575\u056c\u0561\u057f\u0580\u0565\u056c\u0578\u0582 \u056f\u0561\u0575\u0584\u056b \u057a\u0561\u057f\u0573\u0561\u057c\u0578\u057e \u0563\u0580\u0561\u0576\u0581\u057e\u0565\u056c: \u053f\u0561\u057f\u0561\u0580\u0565\u056c \u0564\u0565\u057a\u0578\u0566\u056b\u057f\u0568 \u0587 \u057e\u0573\u0561\u0580\u0565\u056c \u0570\u0561\u0572\u0578\u0580\u0564\u0561\u0563\u0580\u0561\u056e\u0568: \u053d\u0561\u0572\u0561\u0580\u056f\u0578\u0582\u0569\u0575\u0561\u0576 \u0561\u056f\u057f\u056b\u057e\u0561\u0581\u0578\u0582\u0574:","breadcrumb":{"@id":"https:\/\/aviator-igra.net\/hy\/register\/#breadcrumb"},"inLanguage":"pt-PT","potentialAction":[{"@type":"ReadAction","target":["https:\/\/aviator-igra.net\/hy\/register\/"]}]},{"@type":"BreadcrumbList","@id":"https:\/\/aviator-igra.net\/hy\/register\/#breadcrumb","itemListElement":[{"@type":"ListItem","position":1,"name":"Home","item":"https:\/\/aviator-igra.net\/"},{"@type":"ListItem","position":2,"name":"\u0533\u0580\u0561\u0576\u0581\u0578\u0582\u0574 \u056f\u0561\u0566\u056b\u0576\u0578\u0578\u0582\u0574 \u0555\u0564\u0561\u0576\u0561\u057e\u0561\u056f\u0561\u0575\u056b\u0576 \u0561\u057c\u0561\u057b\u0561\u0580\u056f\u0578\u0582\u0574 \u056d\u0561\u0572\u0561\u056c\u0578\u0582 \u0570\u0561\u0574\u0561\u0580\u0589"}]},{"@type":"WebSite","@id":"https:\/\/aviator-igra.net\/#website","url":"https:\/\/aviator-igra.net\/","name":"Aviator","description":"","publisher":{"@id":"https:\/\/aviator-igra.net\/#organization"},"potentialAction":[{"@type":"SearchAction","target":{"@type":"EntryPoint","urlTemplate":"https:\/\/aviator-igra.net\/?s={search_term_string}"},"query-input":{"@type":"PropertyValueSpecification","valueRequired":true,"valueName":"search_term_string"}}],"inLanguage":"pt-PT"},{"@type":"Organization","@id":"https:\/\/aviator-igra.net\/#organization","name":"Aviator","url":"https:\/\/aviator-igra.net\/","logo":{"@type":"ImageObject","inLanguage":"pt-PT","@id":"https:\/\/aviator-igra.net\/#\/schema\/logo\/image\/","url":"https:\/\/aviator-igra.net\/wp-content\/uploads\/Aviator-logo.png","contentUrl":"https:\/\/aviator-igra.net\/wp-content\/uploads\/Aviator-logo.png","width":350,"height":90,"caption":"Aviator"},"image":{"@id":"https:\/\/aviator-igra.net\/#\/schema\/logo\/image\/"}}]}},"_links":{"self":[{"href":"https:\/\/aviator-igra.net\/pt\/wp-json\/wp\/v2\/pages\/15","targetHints":{"allow":["GET"]}}],"collection":[{"href":"https:\/\/aviator-igra.net\/pt\/wp-json\/wp\/v2\/pages"}],"about":[{"href":"https:\/\/aviator-igra.net\/pt\/wp-json\/wp\/v2\/types\/page"}],"author":[{"embeddable":true,"href":"https:\/\/aviator-igra.net\/pt\/wp-json\/wp\/v2\/users\/1"}],"replies":[{"embeddable":true,"href":"https:\/\/aviator-igra.net\/pt\/wp-json\/wp\/v2\/comments?post=15"}],"version-history":[{"count":45,"href":"https:\/\/aviator-igra.net\/pt\/wp-json\/wp\/v2\/pages\/15\/revisions"}],"predecessor-version":[{"id":126,"href":"https:\/\/aviator-igra.net\/pt\/wp-json\/wp\/v2\/pages\/15\/revisions\/126"}],"wp:attachment":[{"href":"https:\/\/aviator-igra.net\/pt\/wp-json\/wp\/v2\/media?parent=15"}],"curies":[{"name":"wp","href":"https:\/\/api.w.org\/{rel}","templated":true}]}}