{"id":7,"date":"2024-03-11T21:16:05","date_gmt":"2024-03-11T18:16:05","guid":{"rendered":"https:\/\/aviator-igra.net\/?page_id=7"},"modified":"2024-03-15T03:42:08","modified_gmt":"2024-03-15T00:42:08","slug":"aviator","status":"publish","type":"page","link":"https:\/\/aviator-igra.net\/lv\/","title":{"rendered":"Kas ir tie\u0161saistes sp\u0113le Aviator?"},"content":{"rendered":"<p>Aviator ir tie\u0161saistes sp\u0113le kr\u0101\u0161a stil\u0101, kas p\u0113d\u0113jos gados ir k\u013cuvusi popul\u0101ra. Sp\u0113le ir lidojuma simul\u0101cija, kur\u0101 katrs raunds ir simboliz\u0113ts ar lidma\u0161\u012bnas pacel\u0161anos. Sp\u0113l\u0113t\u0101ja galvenais m\u0113r\u0137is ir veikt likmi un pasp\u0113t iz\u0146emt laimestu pirms lidma\u0161\u012bna aizlido no ekr\u0101na. Ja lidma\u0161\u012bna aizlido, tas noz\u012bm\u0113 zaud\u0113jumu, jo sp\u0113l\u0113t\u0101jam neizdev\u0101s iz\u0146emt likmi. Uzdevums ir iz\u0146emt laimestu pirms lidma\u0161\u012bna aizlido.<\/p>\n<p>Aviator sp\u0113le ir adrenal\u012bna avots sp\u0113l\u0113t\u0101jiem vis\u0101 pasaul\u0113, jo sp\u0113l\u0113t\u0101js lemj, kad iziet no sp\u0113les. Taj\u0101 pa\u0161\u0101 laik\u0101 sp\u0113l\u0113t\u0101jiem j\u0101pie\u0146em \u0101tri l\u0113mumi un j\u0101pa\u013caujas uz intu\u012bciju, padarot katru lidma\u0161\u012bnas lidojumu Aviator sp\u0113l\u0113 par unik\u0101lu izaicin\u0101jumu. T\u0101p\u0113c miljoni sp\u0113l\u0113t\u0101ju vis\u0101 pasaul\u0113 ador\u0113 sp\u0113li.<\/p>\n<h2><strong>Aviator sp\u0113les at\u0161\u0137ir\u012bbas no cit\u0101m kr\u0101\u0161a sp\u0113l\u0113m<\/strong><\/h2>\n<p>T\u0101tad, apl\u016bkosim, k\u0101 Aviator at\u0161\u0137iras no cit\u0101m sp\u0113l\u0113m. Aviator izce\u013cas starp cit\u0101m kr\u0101\u0161a sp\u0113l\u0113m ar savu vizu\u0101lo pievilc\u012bbu un saprotamu noteikumu vienk\u0101r\u0161\u012bbu. At\u0161\u0137ir\u012bb\u0101 no tradicion\u0101laj\u0101m kr\u0101\u0161a sp\u0113l\u0113m, kur laimesti ir atkar\u012bgi no nenoteikta reizin\u0101t\u0101ja, Aviator pied\u0101v\u0101 p\u0101rredzam\u0101ku un dinamisk\u0101ku procesu ar iesp\u0113ju sp\u0113l\u0113t\u0101jiem fiks\u0113t laimestus re\u0101llaik\u0101.<\/p>\n<p>Soci\u0101l\u0101 mijiedarb\u012bbas elements ir ar\u012b unik\u0101ls Aviator sp\u0113lei, \u013caujot sp\u0113l\u0113t\u0101jiem dal\u012bties pieredz\u0113 un strat\u0113\u0123ij\u0101s \u010dat\u0101 sp\u0113les laik\u0101. Svar\u012bgi ir atcer\u0113ties \u010data uzved\u012bbas noteikumus, jo citu sp\u0113l\u0113t\u0101ju apvaino\u0161ana ir aizliegta.<\/p>\n<h2><strong>K\u0101 sp\u0113l\u0113t Aviator<\/strong><\/h2>\n<p>Katrs sp\u0113l\u0113t\u0101js ne tikai v\u0113las sp\u0113l\u0113t, bet ar\u012b grib uzvar\u0113t Aviator, pelnot re\u0101lu naudu. Sp\u0113l\u0113t Aviator ir viegli:<\/p>\n<ul>\n<li>Izdar\u012bt likmi pirms katras k\u0101rtas s\u0101kuma.<\/li>\n<li>V\u0113rot lidma\u0161\u012bnas pacel\u0161anos; laimesta reizin\u0101t\u0101js palielin\u0101s, jo tas pace\u013cas.<\/li>\n<li>Nospiediet pogu &#8220;Pa\u0146emt&#8221;, lai iz\u0146emtu savus laimestus pirms lidma\u0161\u012bna paz\u016bd. Ja nesasp\u0113siet, likme ir zaud\u0113ta.<\/li>\n<\/ul>\n<p>Atcerieties, ka reizin\u0101t\u0101js, ko j\u016bs redzat, ir koeficients, ar kuru tiek reizin\u0101ta likme. Citiem v\u0101rdiem sakot, ja j\u016bs esat izdar\u012bjis likmi 100 ASV dol\u0101ru un redzat, ka reizin\u0101t\u0101js ir 2, tas noz\u012bm\u0113, ka j\u016bsu laimests ir 200 dol\u0101ri. Svar\u012bg\u0101kais ir iz\u0146emt \u0161os naudas l\u012bdzek\u013cus pirms lidma\u0161\u012bna aizlido.<\/p>\n<h2><strong>Strat\u0113\u0123ijas sp\u0113l\u0113t Aviator tie\u0161saistes sp\u0113li<\/strong><\/h2>\n<p>Aviator ir daudzas strat\u0113\u0123ijas, s\u0101kot no konzervat\u012bviem pieg\u0101jieniem, piem\u0113ram, mazos laimestus fiks\u0113\u0161ana, l\u012bdz riskant\u0101m, v\u0113rst\u0101m uz augstiem koeficientiem.<\/p>\n<p>Viena no popul\u0101r\u0101kaj\u0101m taktik\u0101m ir likmju sadal\u012b\u0161ana: veikt vienu likmi par zemu koeficientu, lai nodro\u0161in\u0101tu stabilit\u0101ti, un otru \u2014 par augstu, cerot uz lielu uzvaru. Auto-sp\u0113le var pal\u012bdz\u0113t ar to, jo zemu koeficientu laimestus var autom\u0101tiski iz\u0146emt.<\/p>\n<h2><strong>Re\u0123istr\u0101cija tie\u0161saistes kazino, lai sp\u0113l\u0113tu Aviator<\/strong><\/h2>\n<p>Lai s\u0101ktu sp\u0113l\u0113t Aviator, jums j\u0101veic vienk\u0101r\u0161a re\u0123istr\u0101cija izv\u0113l\u0113taj\u0101 tie\u0161saistes kazino vietn\u0113. Jums b\u016bs j\u0101ievada pamatinform\u0101cija par sevi, j\u0101apstiprina j\u016bsu e-pasta adrese vai t\u0101lru\u0146a numurs un, iesp\u0113jams, j\u0101veic konta verifik\u0101cija.<\/p>\n<p>M\u0113s iesak\u0101m p\u0101rbaud\u012bt savu kontu uzreiz, jo \u0161\u012b proced\u016bra ir nepiecie\u0161ama pirms laimestu iz\u0146em\u0161anas jebkur\u0101 gad\u012bjum\u0101.<\/p>\n<h2><strong>K\u0101 papildin\u0101t kontu un iz\u0146emt laimestus<\/strong><\/h2>\n<p>Konta papildin\u0101\u0161ana un l\u012bdzek\u013cu iz\u0146em\u0161ana tiek veikta caur person\u012bgo kontu kazino vietn\u0113. Par to tiek pied\u0101v\u0101ti da\u017e\u0101di maks\u0101jumu veidi: bankas kartes, e-maksa, kriptoval\u016btas un citi. Izv\u0113lieties v\u0113lamo metodi, sekotiet instrukcij\u0101m par l\u012bdzek\u013cu iemaksu vai iz\u0146em\u0161anu. Piev\u0113rsiet uzman\u012bbu minim\u0101lajiem dar\u012bjumu apm\u0113riem un iesp\u0113jamaj\u0101m komisij\u0101m.<\/p>\n<h2><strong>Bonuss Aviator sp\u0113l\u0113<\/strong><\/h2>\n<p>Tie\u0161saistes kazino bie\u017ei pied\u0101v\u0101 bonusus jaunajiem un past\u0101v\u012bgajiem sp\u0113l\u0113t\u0101jiem. Aviator tas var\u0113tu b\u016bt pirm\u0101s iemaksas bonusa, bezmaksas likmes vai naudas atgrie\u0161anas par akt\u012bvu sp\u0113li. Lai izmantotu bonusus, oblig\u0101ti iepaz\u012bstieties ar nosac\u012bjumiem to sa\u0146em\u0161anai un iegrie\u0161anai. Bonusi var iev\u0113rojami palielin\u0101t j\u016bsu uzvaras iesp\u0113jas un padar\u012bt sp\u0113li v\u0113l aizraujo\u0161\u0101ku.<\/p>\n","protected":false},"excerpt":{"rendered":"<p>Aviator ir tie\u0161saistes sp\u0113le kr\u0101\u0161a stil\u0101, kas p\u0113d\u0113jos gados ir k\u013cuvusi popul\u0101ra. Sp\u0113le ir lidojuma simul\u0101cija, kur\u0101 katrs raunds ir simboliz\u0113ts ar lidma\u0161\u012bnas pacel\u0161anos. Sp\u0113l\u0113t\u0101ja galvenais m\u0113r\u0137is ir veikt likmi un pasp\u0113t iz\u0146emt laimestu pirms lidma\u0161\u012bna aizlido no ekr\u0101na. Ja lidma\u0161\u012bna aizlido, tas noz\u012bm\u0113 zaud\u0113jumu, jo sp\u0113l\u0113t\u0101jam neizdev\u0101s iz\u0146emt likmi. Uzdevums ir iz\u0146emt laimestu pirms [&hellip;]<\/p>\n","protected":false},"author":1,"featured_media":0,"parent":0,"menu_order":0,"comment_status":"closed","ping_status":"closed","template":"","meta":{"footnotes":""},"class_list":["post-7","page","type-page","status-publish","hentry"],"yoast_head":"<!-- This site is optimized with the Yoast SEO plugin v27.2 - https:\/\/yoast.com\/product\/yoast-seo-wordpress\/ -->\n<title>\u0418\u0433\u0440\u0430\u0442\u044c \u0432 \u043e\u043d\u043b\u0430\u0439\u043d \u0438\u0433\u0440\u0443 \u0410\u0432\u0438\u0430\u0442\u043e\u0440 \u0432 \u043a\u0430\u0437\u0438\u043d\u043e<\/title>\n<meta name=\"description\" content=\"Sp\u0113l\u0113jiet Aviatoru par \u012bstu naudu lab\u0101kajos tie\u0161saistes kazino. K\u0101 sp\u0113l\u0113t un uzvar\u0113t, izmantojot izdev\u012bgas sp\u0113\u013cu strat\u0113\u0123ijas. Re\u0123istr\u0113\u0161an\u0101s, iemaksas veik\u0161ana, uzvaru iz\u0146em\u0161ana.\" \/>\n<meta name=\"robots\" content=\"index, follow, max-snippet:-1, max-image-preview:large, max-video-preview:-1\" \/>\n<link rel=\"canonical\" href=\"https:\/\/aviator-igra.net\/lv\/\" \/>\n<meta property=\"og:locale\" content=\"lv_LV\" \/>\n<meta property=\"og:locale:alternate\" content=\"ru_RU\" \/>\n<meta property=\"og:locale:alternate\" content=\"en_US\" \/>\n<meta property=\"og:locale:alternate\" content=\"pt_PT\" \/>\n<meta property=\"og:locale:alternate\" content=\"es_ES\" \/>\n<meta property=\"og:locale:alternate\" content=\"sr_RS\" \/>\n<meta property=\"og:locale:alternate\" content=\"bg_BG\" \/>\n<meta property=\"og:locale:alternate\" content=\"ro_RO\" \/>\n<meta property=\"og:locale:alternate\" content=\"uk\" \/>\n<meta property=\"og:locale:alternate\" content=\"bel\" \/>\n<meta property=\"og:locale:alternate\" content=\"ka_GE\" \/>\n<meta property=\"og:locale:alternate\" content=\"hy\" \/>\n<meta property=\"og:locale:alternate\" content=\"az\" \/>\n<meta property=\"og:locale:alternate\" content=\"kk\" \/>\n<meta property=\"og:locale:alternate\" content=\"ky_KY\" \/>\n<meta property=\"og:locale:alternate\" content=\"uz_UZ\" \/>\n<meta property=\"og:locale:alternate\" content=\"tg\" \/>\n<meta property=\"og:locale:alternate\" content=\"et\" \/>\n<meta property=\"og:locale:alternate\" content=\"lt_LT\" \/>\n<meta property=\"og:locale:alternate\" content=\"fi\" \/>\n<meta property=\"og:type\" content=\"article\" \/>\n<meta property=\"og:title\" content=\"\u0418\u0433\u0440\u0430\u0442\u044c \u0432 \u043e\u043d\u043b\u0430\u0439\u043d \u0438\u0433\u0440\u0443 \u0410\u0432\u0438\u0430\u0442\u043e\u0440 \u0432 \u043a\u0430\u0437\u0438\u043d\u043e\" \/>\n<meta property=\"og:description\" content=\"\u0418\u0433\u0440\u0430\u0442\u044c \u0432 \u0410\u0432\u0438\u0430\u0442\u043e\u0440 \u043d\u0430 \u0440\u0435\u0430\u043b\u044c\u043d\u044b\u0435 \u0434\u0435\u043d\u044c\u0433\u0438 \u0432 \u043b\u0443\u0447\u0448\u0438\u0445 \u043e\u043d\u043b\u0430\u0439\u043d \u043a\u0430\u0437\u0438\u043d\u043e. \u041a\u0430\u043a \u0438\u0433\u0440\u0430\u0442\u044c \u0438 \u043f\u043e\u0431\u0435\u0436\u0434\u0430\u0442\u044c, \u0438\u0441\u043f\u043e\u043b\u044c\u0437\u0443\u044f \u0432\u044b\u0433\u043e\u0434\u043d\u044b\u0435 \u0441\u0442\u0440\u0430\u0442\u0435\u0433\u0438\u0438 \u0438\u0433\u0440\u044b. \u0420\u0435\u0433\u0438\u0441\u0442\u0440\u0430\u0446\u0438\u044f, \u043f\u043e\u043f\u043e\u043b\u043d\u0435\u043d\u0438\u0435 \u0434\u0435\u043f\u043e\u0437\u0438\u0442\u0430, \u0432\u044b\u0432\u043e\u0434 \u0432\u044b\u0438\u0433\u0440\u044b\u0448\u0430\" \/>\n<meta property=\"og:url\" content=\"https:\/\/aviator-igra.net\/lv\/\" \/>\n<meta property=\"og:site_name\" content=\"Aviator\" \/>\n<meta property=\"article:modified_time\" content=\"2024-03-15T00:42:08+00:00\" \/>\n<meta name=\"twitter:card\" content=\"summary_large_image\" \/>\n<meta name=\"twitter:label1\" content=\"Est. reading time\" \/>\n\t<meta name=\"twitter:data1\" content=\"33 min\u016btes\" \/>\n<script type=\"application\/ld+json\" class=\"yoast-schema-graph\">{\"@context\":\"https:\/\/schema.org\",\"@graph\":[{\"@type\":\"WebPage\",\"@id\":\"https:\/\/aviator-igra.net\/\",\"url\":\"https:\/\/aviator-igra.net\/\",\"name\":\"\u0418\u0433\u0440\u0430\u0442\u044c \u0432 \u043e\u043d\u043b\u0430\u0439\u043d \u0438\u0433\u0440\u0443 \u0410\u0432\u0438\u0430\u0442\u043e\u0440 \u0432 \u043a\u0430\u0437\u0438\u043d\u043e\",\"isPartOf\":{\"@id\":\"https:\/\/aviator-igra.net\/#website\"},\"datePublished\":\"2024-03-11T18:16:05+00:00\",\"dateModified\":\"2024-03-15T00:42:08+00:00\",\"description\":\"\u0418\u0433\u0440\u0430\u0442\u044c \u0432 \u0410\u0432\u0438\u0430\u0442\u043e\u0440 \u043d\u0430 \u0440\u0435\u0430\u043b\u044c\u043d\u044b\u0435 \u0434\u0435\u043d\u044c\u0433\u0438 \u0432 \u043b\u0443\u0447\u0448\u0438\u0445 \u043e\u043d\u043b\u0430\u0439\u043d \u043a\u0430\u0437\u0438\u043d\u043e. \u041a\u0430\u043a \u0438\u0433\u0440\u0430\u0442\u044c \u0438 \u043f\u043e\u0431\u0435\u0436\u0434\u0430\u0442\u044c, \u0438\u0441\u043f\u043e\u043b\u044c\u0437\u0443\u044f \u0432\u044b\u0433\u043e\u0434\u043d\u044b\u0435 \u0441\u0442\u0440\u0430\u0442\u0435\u0433\u0438\u0438 \u0438\u0433\u0440\u044b. \u0420\u0435\u0433\u0438\u0441\u0442\u0440\u0430\u0446\u0438\u044f, \u043f\u043e\u043f\u043e\u043b\u043d\u0435\u043d\u0438\u0435 \u0434\u0435\u043f\u043e\u0437\u0438\u0442\u0430, \u0432\u044b\u0432\u043e\u0434 \u0432\u044b\u0438\u0433\u0440\u044b\u0448\u0430\",\"breadcrumb\":{\"@id\":\"https:\/\/aviator-igra.net\/#breadcrumb\"},\"inLanguage\":\"lv\",\"potentialAction\":[{\"@type\":\"ReadAction\",\"target\":[\"https:\/\/aviator-igra.net\/\"]}]},{\"@type\":\"BreadcrumbList\",\"@id\":\"https:\/\/aviator-igra.net\/#breadcrumb\",\"itemListElement\":[{\"@type\":\"ListItem\",\"position\":1,\"name\":\"Home\",\"item\":\"https:\/\/aviator-igra.net\/\"},{\"@type\":\"ListItem\",\"position\":2,\"name\":\"\u0427\u0442\u043e \u0442\u0430\u043a\u043e\u0435 \u043e\u043d\u043b\u0430\u0439\u043d \u0438\u0433\u0440\u0430 \u0410\u0432\u0438\u0430\u0442\u043e\u0440?\"}]},{\"@type\":\"WebSite\",\"@id\":\"https:\/\/aviator-igra.net\/#website\",\"url\":\"https:\/\/aviator-igra.net\/\",\"name\":\"Aviator\",\"description\":\"\",\"publisher\":{\"@id\":\"https:\/\/aviator-igra.net\/#organization\"},\"potentialAction\":[{\"@type\":\"SearchAction\",\"target\":{\"@type\":\"EntryPoint\",\"urlTemplate\":\"https:\/\/aviator-igra.net\/?s={search_term_string}\"},\"query-input\":{\"@type\":\"PropertyValueSpecification\",\"valueRequired\":true,\"valueName\":\"search_term_string\"}}],\"inLanguage\":\"lv\"},{\"@type\":\"Organization\",\"@id\":\"https:\/\/aviator-igra.net\/#organization\",\"name\":\"Aviator\",\"url\":\"https:\/\/aviator-igra.net\/\",\"logo\":{\"@type\":\"ImageObject\",\"inLanguage\":\"lv\",\"@id\":\"https:\/\/aviator-igra.net\/#\/schema\/logo\/image\/\",\"url\":\"https:\/\/aviator-igra.net\/wp-content\/uploads\/Aviator-logo.png\",\"contentUrl\":\"https:\/\/aviator-igra.net\/wp-content\/uploads\/Aviator-logo.png\",\"width\":350,\"height\":90,\"caption\":\"Aviator\"},\"image\":{\"@id\":\"https:\/\/aviator-igra.net\/#\/schema\/logo\/image\/\"}}]}<\/script>\n<!-- \/ Yoast SEO plugin. -->","yoast_head_json":{"title":"\u0418\u0433\u0440\u0430\u0442\u044c \u0432 \u043e\u043d\u043b\u0430\u0439\u043d \u0438\u0433\u0440\u0443 \u0410\u0432\u0438\u0430\u0442\u043e\u0440 \u0432 \u043a\u0430\u0437\u0438\u043d\u043e","description":"Sp\u0113l\u0113jiet Aviatoru par \u012bstu naudu lab\u0101kajos tie\u0161saistes kazino. K\u0101 sp\u0113l\u0113t un uzvar\u0113t, izmantojot izdev\u012bgas sp\u0113\u013cu strat\u0113\u0123ijas. Re\u0123istr\u0113\u0161an\u0101s, iemaksas veik\u0161ana, uzvaru iz\u0146em\u0161ana.","robots":{"index":"index","follow":"follow","max-snippet":"max-snippet:-1","max-image-preview":"max-image-preview:large","max-video-preview":"max-video-preview:-1"},"canonical":"https:\/\/aviator-igra.net\/lv\/","og_locale":"lv_LV","og_type":"article","og_title":"\u0418\u0433\u0440\u0430\u0442\u044c \u0432 \u043e\u043d\u043b\u0430\u0439\u043d \u0438\u0433\u0440\u0443 \u0410\u0432\u0438\u0430\u0442\u043e\u0440 \u0432 \u043a\u0430\u0437\u0438\u043d\u043e","og_description":"\u0418\u0433\u0440\u0430\u0442\u044c \u0432 \u0410\u0432\u0438\u0430\u0442\u043e\u0440 \u043d\u0430 \u0440\u0435\u0430\u043b\u044c\u043d\u044b\u0435 \u0434\u0435\u043d\u044c\u0433\u0438 \u0432 \u043b\u0443\u0447\u0448\u0438\u0445 \u043e\u043d\u043b\u0430\u0439\u043d \u043a\u0430\u0437\u0438\u043d\u043e. \u041a\u0430\u043a \u0438\u0433\u0440\u0430\u0442\u044c \u0438 \u043f\u043e\u0431\u0435\u0436\u0434\u0430\u0442\u044c, \u0438\u0441\u043f\u043e\u043b\u044c\u0437\u0443\u044f \u0432\u044b\u0433\u043e\u0434\u043d\u044b\u0435 \u0441\u0442\u0440\u0430\u0442\u0435\u0433\u0438\u0438 \u0438\u0433\u0440\u044b. \u0420\u0435\u0433\u0438\u0441\u0442\u0440\u0430\u0446\u0438\u044f, \u043f\u043e\u043f\u043e\u043b\u043d\u0435\u043d\u0438\u0435 \u0434\u0435\u043f\u043e\u0437\u0438\u0442\u0430, \u0432\u044b\u0432\u043e\u0434 \u0432\u044b\u0438\u0433\u0440\u044b\u0448\u0430","og_url":"https:\/\/aviator-igra.net\/lv\/","og_site_name":"Aviator","article_modified_time":"2024-03-15T00:42:08+00:00","twitter_card":"summary_large_image","twitter_misc":{"Est. reading time":"33 min\u016btes"},"schema":{"@context":"https:\/\/schema.org","@graph":[{"@type":"WebPage","@id":"https:\/\/aviator-igra.net\/","url":"https:\/\/aviator-igra.net\/","name":"\u0418\u0433\u0440\u0430\u0442\u044c \u0432 \u043e\u043d\u043b\u0430\u0439\u043d \u0438\u0433\u0440\u0443 \u0410\u0432\u0438\u0430\u0442\u043e\u0440 \u0432 \u043a\u0430\u0437\u0438\u043d\u043e","isPartOf":{"@id":"https:\/\/aviator-igra.net\/#website"},"datePublished":"2024-03-11T18:16:05+00:00","dateModified":"2024-03-15T00:42:08+00:00","description":"\u0418\u0433\u0440\u0430\u0442\u044c \u0432 \u0410\u0432\u0438\u0430\u0442\u043e\u0440 \u043d\u0430 \u0440\u0435\u0430\u043b\u044c\u043d\u044b\u0435 \u0434\u0435\u043d\u044c\u0433\u0438 \u0432 \u043b\u0443\u0447\u0448\u0438\u0445 \u043e\u043d\u043b\u0430\u0439\u043d \u043a\u0430\u0437\u0438\u043d\u043e. \u041a\u0430\u043a \u0438\u0433\u0440\u0430\u0442\u044c \u0438 \u043f\u043e\u0431\u0435\u0436\u0434\u0430\u0442\u044c, \u0438\u0441\u043f\u043e\u043b\u044c\u0437\u0443\u044f \u0432\u044b\u0433\u043e\u0434\u043d\u044b\u0435 \u0441\u0442\u0440\u0430\u0442\u0435\u0433\u0438\u0438 \u0438\u0433\u0440\u044b. \u0420\u0435\u0433\u0438\u0441\u0442\u0440\u0430\u0446\u0438\u044f, \u043f\u043e\u043f\u043e\u043b\u043d\u0435\u043d\u0438\u0435 \u0434\u0435\u043f\u043e\u0437\u0438\u0442\u0430, \u0432\u044b\u0432\u043e\u0434 \u0432\u044b\u0438\u0433\u0440\u044b\u0448\u0430","breadcrumb":{"@id":"https:\/\/aviator-igra.net\/#breadcrumb"},"inLanguage":"lv","potentialAction":[{"@type":"ReadAction","target":["https:\/\/aviator-igra.net\/"]}]},{"@type":"BreadcrumbList","@id":"https:\/\/aviator-igra.net\/#breadcrumb","itemListElement":[{"@type":"ListItem","position":1,"name":"Home","item":"https:\/\/aviator-igra.net\/"},{"@type":"ListItem","position":2,"name":"\u0427\u0442\u043e \u0442\u0430\u043a\u043e\u0435 \u043e\u043d\u043b\u0430\u0439\u043d \u0438\u0433\u0440\u0430 \u0410\u0432\u0438\u0430\u0442\u043e\u0440?"}]},{"@type":"WebSite","@id":"https:\/\/aviator-igra.net\/#website","url":"https:\/\/aviator-igra.net\/","name":"Aviator","description":"","publisher":{"@id":"https:\/\/aviator-igra.net\/#organization"},"potentialAction":[{"@type":"SearchAction","target":{"@type":"EntryPoint","urlTemplate":"https:\/\/aviator-igra.net\/?s={search_term_string}"},"query-input":{"@type":"PropertyValueSpecification","valueRequired":true,"valueName":"search_term_string"}}],"inLanguage":"lv"},{"@type":"Organization","@id":"https:\/\/aviator-igra.net\/#organization","name":"Aviator","url":"https:\/\/aviator-igra.net\/","logo":{"@type":"ImageObject","inLanguage":"lv","@id":"https:\/\/aviator-igra.net\/#\/schema\/logo\/image\/","url":"https:\/\/aviator-igra.net\/wp-content\/uploads\/Aviator-logo.png","contentUrl":"https:\/\/aviator-igra.net\/wp-content\/uploads\/Aviator-logo.png","width":350,"height":90,"caption":"Aviator"},"image":{"@id":"https:\/\/aviator-igra.net\/#\/schema\/logo\/image\/"}}]}},"_links":{"self":[{"href":"https:\/\/aviator-igra.net\/lv\/wp-json\/wp\/v2\/pages\/7","targetHints":{"allow":["GET"]}}],"collection":[{"href":"https:\/\/aviator-igra.net\/lv\/wp-json\/wp\/v2\/pages"}],"about":[{"href":"https:\/\/aviator-igra.net\/lv\/wp-json\/wp\/v2\/types\/page"}],"author":[{"embeddable":true,"href":"https:\/\/aviator-igra.net\/lv\/wp-json\/wp\/v2\/users\/1"}],"replies":[{"embeddable":true,"href":"https:\/\/aviator-igra.net\/lv\/wp-json\/wp\/v2\/comments?post=7"}],"version-history":[{"count":42,"href":"https:\/\/aviator-igra.net\/lv\/wp-json\/wp\/v2\/pages\/7\/revisions"}],"predecessor-version":[{"id":128,"href":"https:\/\/aviator-igra.net\/lv\/wp-json\/wp\/v2\/pages\/7\/revisions\/128"}],"wp:attachment":[{"href":"https:\/\/aviator-igra.net\/lv\/wp-json\/wp\/v2\/media?parent=7"}],"curies":[{"name":"wp","href":"https:\/\/api.w.org\/{rel}","templated":true}]}}