{"id":15,"date":"2024-03-11T21:19:08","date_gmt":"2024-03-11T18:19:08","guid":{"rendered":"https:\/\/aviator-igra.net\/?page_id=15"},"modified":"2024-03-14T21:05:49","modified_gmt":"2024-03-14T18:05:49","slug":"register","status":"publish","type":"page","link":"https:\/\/aviator-igra.net\/lv\/register\/","title":{"rendered":"Re\u0123istr\u0113\u0161an\u0101s kazino, lai sp\u0113l\u0113tu Aviator"},"content":{"rendered":"<p>Ja esat izl\u0113mis\/-usies sp\u0113l\u0113t &#8220;Aviator&#8221;, j\u016bsu pirmais solis ir re\u0123istr\u0113ties kazino. Tie\u0161saistes kazino izv\u0113le ir cits jaut\u0101jums, un m\u0113s nepieskar\u012bsimies izv\u0113les krit\u0113rijiem. \u013baujiet mums vad\u012bt j\u016bs cauri visiem re\u0123istr\u0101cijas posmiem tie\u0161saistes kazino \u2014 no re\u0123istr\u0113\u0161an\u0101s l\u012bdz pirmajam pacel\u0161an\u0101s lidojumam &#8220;Aviator&#8221;.<\/p>\n<h2><strong>Re\u0123istr\u0101cijas metodes kazino<\/strong><\/h2>\n<p>Tie\u0161saistes kazino pasaul\u0113 re\u0123istr\u0101cija ir pirmais solis uz sp\u0113l\u0113m. Parasti bez re\u0123istr\u0101cijas j\u016bs nevarat sp\u0113l\u0113t vai nu visp\u0101r, vai ar\u012b par re\u0101lu naudu. Parasti kazino pied\u0101v\u0101 vair\u0101kas re\u0123istr\u0101cijas metodes:<\/p>\n<ol>\n<li>Caur e-pastu: Jums b\u016bs j\u0101nor\u0101da savs e-pasts un j\u0101izveido parole. P\u0113c formas aizpild\u012b\u0161anas p\u0101rbaudiet savu e-pastu, lai apstiprin\u0101tu re\u0123istr\u0101ciju. Jums b\u016bs j\u0101ievada sa\u0146emtais kods j\u016bsu e-past\u0101 vai j\u0101noklik\u0161\u0137ina uz saites.<\/li>\n<li>Caur soci\u0101lajiem t\u012bkliem: Daudzi kazino \u013cauj jums izmantot savu soci\u0101lo t\u012bklu kontu \u0101trai re\u0123istr\u0101cijai. Tas ir \u0113rti un ietaupa laiku. Tom\u0113r tas j\u016bs neizvair\u0101s no nepiecie\u0161am\u012bbas veikt konta re\u0123istr\u0101cijas procesu.<\/li>\n<li>Pa telefona numuru: Ievadiet savu telefona numuru, un uz t\u0101 tiks nos\u016bt\u012bts re\u0123istr\u0101cijas apstiprin\u0101juma kods. P\u0113c tam jums b\u016bs j\u0101aizpilda visi pamatinform\u0101cija par sevi, ieskaitot v\u0101rdu, dzim\u0161anas datumu un citus datus.<\/li>\n<\/ol>\n<p>Izv\u0113lieties sev vispiem\u0113rot\u0101ko metodi un s\u0101ciet re\u0123istr\u0101cijas procesu. Parasti kazino ofici\u0101laj\u0101 t\u012bmek\u013ca vietn\u0113 re\u0123istr\u0101cija aiz\u0146em ne vair\u0101k k\u0101 2 min\u016btes.<\/p>\n<h2><strong>Konta verifik\u0101cijas nepiecie\u0161am\u012bba<\/strong><\/h2>\n<p>P\u0113c re\u0123istr\u0101cijas j\u016bs varat piedz\u012bvot verifik\u0101cijas procesu. Tas ir svar\u012bgi, lai nodro\u0161in\u0101tu j\u016bsu konta un l\u012bdzek\u013cu dro\u0161\u012bbu, k\u0101 ar\u012b lai apstiprin\u0101tu j\u016bsu identit\u0101ti. Verifik\u0101cija pal\u012bdz nov\u0113rst kr\u0101p\u0161anu un nodro\u0161ina, ka laimesti tiek izmaks\u0101ti likum\u012bgajiem \u012bpa\u0161niekiem.<\/p>\n<p>Lai veiktu verifik\u0101ciju, jums b\u016bs j\u0101nodro\u0161ina:<\/p>\n<ul>\n<li>J\u016bsu pas\u0113 vai citu identifik\u0101cijas dokumentu foto vai sken\u0113jums.<\/li>\n<li>Dokumenti, kas apstiprina j\u016bsu dz\u012bvesvietas adresi.<\/li>\n<li>Depoz\u012btu l\u012bdzek\u013cu ekr\u0101nuz\u0146\u0113mumi vai fotoatt\u0113li, lai apstiprin\u0101tu l\u012bdzek\u013cu avotu.<\/li>\n<\/ul>\n<p>Daudzi sp\u0113l\u0113t\u0101ji uzskata, ka verifik\u0101cija nav tik svar\u012bga, bet tas ir nepareizs uzskats. Jebkur\u0161 kazino ir vair\u0101k aizdom\u012bgs pret sp\u0113l\u0113t\u0101jiem, kuri nav veiku\u0161i verifik\u0101cijas proced\u016bru. Ja j\u016bs laim\u0113jat lielu summu naudas, kazino b\u016bs maz\u0101k iemeslu nepiemaks\u0101t jums laimestus.<\/p>\n<h2><strong>Depoz\u012bta veik\u0161ana<\/strong><\/h2>\n<p>Kad j\u016bsu konts ir izveidots un verific\u0113ts, ir laiks papildin\u0101t j\u016bsu bilanci. Kazino pied\u0101v\u0101 da\u017e\u0101das metodes, k\u0101 veikt depoz\u012btu:<\/p>\n<ol>\n<li><strong>Kred\u012btkartes\/deb\u0113tkartes:<\/strong> Visa, MasterCard \u2014 klasiskais un visbie\u017e\u0101k sastopamais variants.<\/li>\n<li><strong>Elektroniskie maksaferi:<\/strong> Skrill, Neteller, PayPal un citi popul\u0101ri sist\u0113mas \u0101tr\u0101m dar\u012bjumiem.<\/li>\n<li><strong>Kriptoval\u016btas:<\/strong> Bitcoin, Ethereum un citas kriptoval\u016btas k\u013c\u016bst arvien popul\u0101r\u0101kas anonimit\u0101tes un dro\u0161\u012bbas d\u0113\u013c.<\/li>\n<\/ol>\n<p>Parasti vis\u0101s maks\u0101jumu metod\u0113s ietilpst visas tr\u012bs iesp\u0113jas. Izv\u0113lieties sev vispiem\u0113rot\u0101ko metodi un iev\u0113rojiet kazino nor\u0101d\u012bjumus.<\/p>\n<h2><strong>Laimestu iz\u0146em\u0161ana<\/strong><\/h2>\n<p>Kad j\u016bs esat uzkr\u0101jis laimestus, ir laiks tos iz\u0146emt. Process ir l\u012bdz\u012bgs depoz\u012bta veik\u0161anai, bet \u0146emiet v\u0113r\u0101, ka kazino pirms pirm\u0101 iz\u0146em\u0161anas var piepras\u012bt papildu verifik\u0101ciju. Pirmais iz\u0146em\u0161ana ir visgr\u016bt\u0101kais.<\/p>\n<p>Izv\u0113lieties sev vispiem\u0113rot\u0101ko iz\u0146em\u0161anas metodi, kas var ietvert bankas kartes, elektroniskos maksaferus vai kriptoval\u016btas, un iev\u0113rojiet kazino procesu veiksm\u012bgai p\u0101rved\u012b\u0161anai uz j\u016bsu kontu.<\/p>\n","protected":false},"excerpt":{"rendered":"<p>Ja esat izl\u0113mis\/-usies sp\u0113l\u0113t &#8220;Aviator&#8221;, j\u016bsu pirmais solis ir re\u0123istr\u0113ties kazino. Tie\u0161saistes kazino izv\u0113le ir cits jaut\u0101jums, un m\u0113s nepieskar\u012bsimies izv\u0113les krit\u0113rijiem. \u013baujiet mums vad\u012bt j\u016bs cauri visiem re\u0123istr\u0101cijas posmiem tie\u0161saistes kazino \u2014 no re\u0123istr\u0113\u0161an\u0101s l\u012bdz pirmajam pacel\u0161an\u0101s lidojumam &#8220;Aviator&#8221;. Re\u0123istr\u0101cijas metodes kazino Tie\u0161saistes kazino pasaul\u0113 re\u0123istr\u0101cija ir pirmais solis uz sp\u0113l\u0113m. Parasti bez re\u0123istr\u0101cijas [&hellip;]<\/p>\n","protected":false},"author":1,"featured_media":0,"parent":0,"menu_order":0,"comment_status":"closed","ping_status":"closed","template":"","meta":{"footnotes":""},"class_list":["post-15","page","type-page","status-publish","hentry"],"yoast_head":"<!-- This site is optimized with the Yoast SEO plugin v27.2 - https:\/\/yoast.com\/product\/yoast-seo-wordpress\/ -->\n<title>\u0544\u056b\u0561\u0581\u0576\u0565\u056c\u0578\u0582 \u0561\u0576\u056c\u0561\u0580 \u056d\u0561\u0572\u0561\u0572\u0578\u0582\u0569\u0575\u0561\u0576 \u0570\u0561\u0574\u0561\u0580 \u0585\u0576\u056c\u0561\u0575\u0576 \u056f\u0561\u0566\u056b\u0576\u0578\u0582\u0578\u0582\u0574:<\/title>\n<meta name=\"description\" content=\"Pabeidziet re\u0123istr\u0101ciju tie\u0161saistes kazino ofici\u0101laj\u0101 m\u0101jas lap\u0101 sp\u0113l\u0113\u0161anai Aviator. Veiciet iemaksu un iz\u0146emiet uzvaras. Sp\u0113l\u0113t\u0101ja konta verifik\u0101cija.\" \/>\n<meta name=\"robots\" content=\"index, follow, max-snippet:-1, max-image-preview:large, max-video-preview:-1\" \/>\n<link rel=\"canonical\" href=\"https:\/\/aviator-igra.net\/lv\/register\/\" \/>\n<meta property=\"og:locale\" content=\"lv_LV\" \/>\n<meta property=\"og:locale:alternate\" content=\"ru_RU\" \/>\n<meta property=\"og:locale:alternate\" content=\"en_US\" \/>\n<meta property=\"og:locale:alternate\" content=\"pt_PT\" \/>\n<meta property=\"og:locale:alternate\" content=\"es_ES\" \/>\n<meta property=\"og:locale:alternate\" content=\"sr_RS\" \/>\n<meta property=\"og:locale:alternate\" content=\"bg_BG\" \/>\n<meta property=\"og:locale:alternate\" content=\"ro_RO\" \/>\n<meta property=\"og:locale:alternate\" content=\"uk\" \/>\n<meta property=\"og:locale:alternate\" content=\"bel\" \/>\n<meta property=\"og:locale:alternate\" content=\"ka_GE\" \/>\n<meta property=\"og:locale:alternate\" content=\"hy\" \/>\n<meta property=\"og:locale:alternate\" content=\"az\" \/>\n<meta property=\"og:locale:alternate\" content=\"kk\" \/>\n<meta property=\"og:locale:alternate\" content=\"ky_KY\" \/>\n<meta property=\"og:locale:alternate\" content=\"uz_UZ\" \/>\n<meta property=\"og:locale:alternate\" content=\"tg\" \/>\n<meta property=\"og:locale:alternate\" content=\"et\" \/>\n<meta property=\"og:locale:alternate\" content=\"lt_LT\" \/>\n<meta property=\"og:locale:alternate\" content=\"fi\" \/>\n<meta property=\"og:type\" content=\"article\" \/>\n<meta property=\"og:title\" content=\"\u0544\u056b\u0561\u0581\u0576\u0565\u056c\u0578\u0582 \u0561\u0576\u056c\u0561\u0580 \u056d\u0561\u0572\u0561\u0572\u0578\u0582\u0569\u0575\u0561\u0576 \u0570\u0561\u0574\u0561\u0580 \u0585\u0576\u056c\u0561\u0575\u0576 \u056f\u0561\u0566\u056b\u0576\u0578\u0582\u0578\u0582\u0574:\" \/>\n<meta property=\"og:description\" content=\"\u0531\u057e\u0561\u057f\u0561\u0580\u0578\u057e \u056d\u0561\u0572\u0561\u056c\u0578\u0582 \u0570\u0561\u0574\u0561\u0580 \u0569\u0578\u0582\u0575\u056c\u0561\u057f\u0580\u0565\u056c\u0578\u0582 \u056f\u0561\u0575\u0584\u056b \u057a\u0561\u057f\u0573\u0561\u057c\u0578\u057e \u0563\u0580\u0561\u0576\u0581\u057e\u0565\u056c: \u053f\u0561\u057f\u0561\u0580\u0565\u056c \u0564\u0565\u057a\u0578\u0566\u056b\u057f\u0568 \u0587 \u057e\u0573\u0561\u0580\u0565\u056c \u0570\u0561\u0572\u0578\u0580\u0564\u0561\u0563\u0580\u0561\u056e\u0568: \u053d\u0561\u0572\u0561\u0580\u056f\u0578\u0582\u0569\u0575\u0561\u0576 \u0561\u056f\u057f\u056b\u057e\u0561\u0581\u0578\u0582\u0574:\" \/>\n<meta property=\"og:url\" content=\"https:\/\/aviator-igra.net\/lv\/register\/\" \/>\n<meta property=\"og:site_name\" content=\"Aviator\" \/>\n<meta property=\"article:modified_time\" content=\"2024-03-14T18:05:49+00:00\" \/>\n<meta name=\"twitter:card\" content=\"summary_large_image\" \/>\n<meta name=\"twitter:label1\" content=\"Est. reading time\" \/>\n\t<meta name=\"twitter:data1\" content=\"28 min\u016btes\" \/>\n<script type=\"application\/ld+json\" class=\"yoast-schema-graph\">{\"@context\":\"https:\/\/schema.org\",\"@graph\":[{\"@type\":\"WebPage\",\"@id\":\"https:\/\/aviator-igra.net\/hy\/register\/\",\"url\":\"https:\/\/aviator-igra.net\/hy\/register\/\",\"name\":\"\u0544\u056b\u0561\u0581\u0576\u0565\u056c\u0578\u0582 \u0561\u0576\u056c\u0561\u0580 \u056d\u0561\u0572\u0561\u0572\u0578\u0582\u0569\u0575\u0561\u0576 \u0570\u0561\u0574\u0561\u0580 \u0585\u0576\u056c\u0561\u0575\u0576 \u056f\u0561\u0566\u056b\u0576\u0578\u0582\u0578\u0582\u0574:\",\"isPartOf\":{\"@id\":\"https:\/\/aviator-igra.net\/#website\"},\"datePublished\":\"2024-03-11T18:19:08+00:00\",\"dateModified\":\"2024-03-14T18:05:49+00:00\",\"description\":\"\u0531\u057e\u0561\u057f\u0561\u0580\u0578\u057e \u056d\u0561\u0572\u0561\u056c\u0578\u0582 \u0570\u0561\u0574\u0561\u0580 \u0569\u0578\u0582\u0575\u056c\u0561\u057f\u0580\u0565\u056c\u0578\u0582 \u056f\u0561\u0575\u0584\u056b \u057a\u0561\u057f\u0573\u0561\u057c\u0578\u057e \u0563\u0580\u0561\u0576\u0581\u057e\u0565\u056c: \u053f\u0561\u057f\u0561\u0580\u0565\u056c \u0564\u0565\u057a\u0578\u0566\u056b\u057f\u0568 \u0587 \u057e\u0573\u0561\u0580\u0565\u056c \u0570\u0561\u0572\u0578\u0580\u0564\u0561\u0563\u0580\u0561\u056e\u0568: \u053d\u0561\u0572\u0561\u0580\u056f\u0578\u0582\u0569\u0575\u0561\u0576 \u0561\u056f\u057f\u056b\u057e\u0561\u0581\u0578\u0582\u0574:\",\"breadcrumb\":{\"@id\":\"https:\/\/aviator-igra.net\/hy\/register\/#breadcrumb\"},\"inLanguage\":\"lv\",\"potentialAction\":[{\"@type\":\"ReadAction\",\"target\":[\"https:\/\/aviator-igra.net\/hy\/register\/\"]}]},{\"@type\":\"BreadcrumbList\",\"@id\":\"https:\/\/aviator-igra.net\/hy\/register\/#breadcrumb\",\"itemListElement\":[{\"@type\":\"ListItem\",\"position\":1,\"name\":\"Home\",\"item\":\"https:\/\/aviator-igra.net\/\"},{\"@type\":\"ListItem\",\"position\":2,\"name\":\"\u0533\u0580\u0561\u0576\u0581\u0578\u0582\u0574 \u056f\u0561\u0566\u056b\u0576\u0578\u0578\u0582\u0574 \u0555\u0564\u0561\u0576\u0561\u057e\u0561\u056f\u0561\u0575\u056b\u0576 \u0561\u057c\u0561\u057b\u0561\u0580\u056f\u0578\u0582\u0574 \u056d\u0561\u0572\u0561\u056c\u0578\u0582 \u0570\u0561\u0574\u0561\u0580\u0589\"}]},{\"@type\":\"WebSite\",\"@id\":\"https:\/\/aviator-igra.net\/#website\",\"url\":\"https:\/\/aviator-igra.net\/\",\"name\":\"Aviator\",\"description\":\"\",\"publisher\":{\"@id\":\"https:\/\/aviator-igra.net\/#organization\"},\"potentialAction\":[{\"@type\":\"SearchAction\",\"target\":{\"@type\":\"EntryPoint\",\"urlTemplate\":\"https:\/\/aviator-igra.net\/?s={search_term_string}\"},\"query-input\":{\"@type\":\"PropertyValueSpecification\",\"valueRequired\":true,\"valueName\":\"search_term_string\"}}],\"inLanguage\":\"lv\"},{\"@type\":\"Organization\",\"@id\":\"https:\/\/aviator-igra.net\/#organization\",\"name\":\"Aviator\",\"url\":\"https:\/\/aviator-igra.net\/\",\"logo\":{\"@type\":\"ImageObject\",\"inLanguage\":\"lv\",\"@id\":\"https:\/\/aviator-igra.net\/#\/schema\/logo\/image\/\",\"url\":\"https:\/\/aviator-igra.net\/wp-content\/uploads\/Aviator-logo.png\",\"contentUrl\":\"https:\/\/aviator-igra.net\/wp-content\/uploads\/Aviator-logo.png\",\"width\":350,\"height\":90,\"caption\":\"Aviator\"},\"image\":{\"@id\":\"https:\/\/aviator-igra.net\/#\/schema\/logo\/image\/\"}}]}<\/script>\n<!-- \/ Yoast SEO plugin. -->","yoast_head_json":{"title":"\u0544\u056b\u0561\u0581\u0576\u0565\u056c\u0578\u0582 \u0561\u0576\u056c\u0561\u0580 \u056d\u0561\u0572\u0561\u0572\u0578\u0582\u0569\u0575\u0561\u0576 \u0570\u0561\u0574\u0561\u0580 \u0585\u0576\u056c\u0561\u0575\u0576 \u056f\u0561\u0566\u056b\u0576\u0578\u0582\u0578\u0582\u0574:","description":"Pabeidziet re\u0123istr\u0101ciju tie\u0161saistes kazino ofici\u0101laj\u0101 m\u0101jas lap\u0101 sp\u0113l\u0113\u0161anai Aviator. Veiciet iemaksu un iz\u0146emiet uzvaras. Sp\u0113l\u0113t\u0101ja konta verifik\u0101cija.","robots":{"index":"index","follow":"follow","max-snippet":"max-snippet:-1","max-image-preview":"max-image-preview:large","max-video-preview":"max-video-preview:-1"},"canonical":"https:\/\/aviator-igra.net\/lv\/register\/","og_locale":"lv_LV","og_type":"article","og_title":"\u0544\u056b\u0561\u0581\u0576\u0565\u056c\u0578\u0582 \u0561\u0576\u056c\u0561\u0580 \u056d\u0561\u0572\u0561\u0572\u0578\u0582\u0569\u0575\u0561\u0576 \u0570\u0561\u0574\u0561\u0580 \u0585\u0576\u056c\u0561\u0575\u0576 \u056f\u0561\u0566\u056b\u0576\u0578\u0582\u0578\u0582\u0574:","og_description":"\u0531\u057e\u0561\u057f\u0561\u0580\u0578\u057e \u056d\u0561\u0572\u0561\u056c\u0578\u0582 \u0570\u0561\u0574\u0561\u0580 \u0569\u0578\u0582\u0575\u056c\u0561\u057f\u0580\u0565\u056c\u0578\u0582 \u056f\u0561\u0575\u0584\u056b \u057a\u0561\u057f\u0573\u0561\u057c\u0578\u057e \u0563\u0580\u0561\u0576\u0581\u057e\u0565\u056c: \u053f\u0561\u057f\u0561\u0580\u0565\u056c \u0564\u0565\u057a\u0578\u0566\u056b\u057f\u0568 \u0587 \u057e\u0573\u0561\u0580\u0565\u056c \u0570\u0561\u0572\u0578\u0580\u0564\u0561\u0563\u0580\u0561\u056e\u0568: \u053d\u0561\u0572\u0561\u0580\u056f\u0578\u0582\u0569\u0575\u0561\u0576 \u0561\u056f\u057f\u056b\u057e\u0561\u0581\u0578\u0582\u0574:","og_url":"https:\/\/aviator-igra.net\/lv\/register\/","og_site_name":"Aviator","article_modified_time":"2024-03-14T18:05:49+00:00","twitter_card":"summary_large_image","twitter_misc":{"Est. reading time":"28 min\u016btes"},"schema":{"@context":"https:\/\/schema.org","@graph":[{"@type":"WebPage","@id":"https:\/\/aviator-igra.net\/hy\/register\/","url":"https:\/\/aviator-igra.net\/hy\/register\/","name":"\u0544\u056b\u0561\u0581\u0576\u0565\u056c\u0578\u0582 \u0561\u0576\u056c\u0561\u0580 \u056d\u0561\u0572\u0561\u0572\u0578\u0582\u0569\u0575\u0561\u0576 \u0570\u0561\u0574\u0561\u0580 \u0585\u0576\u056c\u0561\u0575\u0576 \u056f\u0561\u0566\u056b\u0576\u0578\u0582\u0578\u0582\u0574:","isPartOf":{"@id":"https:\/\/aviator-igra.net\/#website"},"datePublished":"2024-03-11T18:19:08+00:00","dateModified":"2024-03-14T18:05:49+00:00","description":"\u0531\u057e\u0561\u057f\u0561\u0580\u0578\u057e \u056d\u0561\u0572\u0561\u056c\u0578\u0582 \u0570\u0561\u0574\u0561\u0580 \u0569\u0578\u0582\u0575\u056c\u0561\u057f\u0580\u0565\u056c\u0578\u0582 \u056f\u0561\u0575\u0584\u056b \u057a\u0561\u057f\u0573\u0561\u057c\u0578\u057e \u0563\u0580\u0561\u0576\u0581\u057e\u0565\u056c: \u053f\u0561\u057f\u0561\u0580\u0565\u056c \u0564\u0565\u057a\u0578\u0566\u056b\u057f\u0568 \u0587 \u057e\u0573\u0561\u0580\u0565\u056c \u0570\u0561\u0572\u0578\u0580\u0564\u0561\u0563\u0580\u0561\u056e\u0568: \u053d\u0561\u0572\u0561\u0580\u056f\u0578\u0582\u0569\u0575\u0561\u0576 \u0561\u056f\u057f\u056b\u057e\u0561\u0581\u0578\u0582\u0574:","breadcrumb":{"@id":"https:\/\/aviator-igra.net\/hy\/register\/#breadcrumb"},"inLanguage":"lv","potentialAction":[{"@type":"ReadAction","target":["https:\/\/aviator-igra.net\/hy\/register\/"]}]},{"@type":"BreadcrumbList","@id":"https:\/\/aviator-igra.net\/hy\/register\/#breadcrumb","itemListElement":[{"@type":"ListItem","position":1,"name":"Home","item":"https:\/\/aviator-igra.net\/"},{"@type":"ListItem","position":2,"name":"\u0533\u0580\u0561\u0576\u0581\u0578\u0582\u0574 \u056f\u0561\u0566\u056b\u0576\u0578\u0578\u0582\u0574 \u0555\u0564\u0561\u0576\u0561\u057e\u0561\u056f\u0561\u0575\u056b\u0576 \u0561\u057c\u0561\u057b\u0561\u0580\u056f\u0578\u0582\u0574 \u056d\u0561\u0572\u0561\u056c\u0578\u0582 \u0570\u0561\u0574\u0561\u0580\u0589"}]},{"@type":"WebSite","@id":"https:\/\/aviator-igra.net\/#website","url":"https:\/\/aviator-igra.net\/","name":"Aviator","description":"","publisher":{"@id":"https:\/\/aviator-igra.net\/#organization"},"potentialAction":[{"@type":"SearchAction","target":{"@type":"EntryPoint","urlTemplate":"https:\/\/aviator-igra.net\/?s={search_term_string}"},"query-input":{"@type":"PropertyValueSpecification","valueRequired":true,"valueName":"search_term_string"}}],"inLanguage":"lv"},{"@type":"Organization","@id":"https:\/\/aviator-igra.net\/#organization","name":"Aviator","url":"https:\/\/aviator-igra.net\/","logo":{"@type":"ImageObject","inLanguage":"lv","@id":"https:\/\/aviator-igra.net\/#\/schema\/logo\/image\/","url":"https:\/\/aviator-igra.net\/wp-content\/uploads\/Aviator-logo.png","contentUrl":"https:\/\/aviator-igra.net\/wp-content\/uploads\/Aviator-logo.png","width":350,"height":90,"caption":"Aviator"},"image":{"@id":"https:\/\/aviator-igra.net\/#\/schema\/logo\/image\/"}}]}},"_links":{"self":[{"href":"https:\/\/aviator-igra.net\/lv\/wp-json\/wp\/v2\/pages\/15","targetHints":{"allow":["GET"]}}],"collection":[{"href":"https:\/\/aviator-igra.net\/lv\/wp-json\/wp\/v2\/pages"}],"about":[{"href":"https:\/\/aviator-igra.net\/lv\/wp-json\/wp\/v2\/types\/page"}],"author":[{"embeddable":true,"href":"https:\/\/aviator-igra.net\/lv\/wp-json\/wp\/v2\/users\/1"}],"replies":[{"embeddable":true,"href":"https:\/\/aviator-igra.net\/lv\/wp-json\/wp\/v2\/comments?post=15"}],"version-history":[{"count":45,"href":"https:\/\/aviator-igra.net\/lv\/wp-json\/wp\/v2\/pages\/15\/revisions"}],"predecessor-version":[{"id":126,"href":"https:\/\/aviator-igra.net\/lv\/wp-json\/wp\/v2\/pages\/15\/revisions\/126"}],"wp:attachment":[{"href":"https:\/\/aviator-igra.net\/lv\/wp-json\/wp\/v2\/media?parent=15"}],"curies":[{"name":"wp","href":"https:\/\/api.w.org\/{rel}","templated":true}]}}