{"id":7,"date":"2024-03-11T21:16:05","date_gmt":"2024-03-11T18:16:05","guid":{"rendered":"https:\/\/aviator-igra.net\/?page_id=7"},"modified":"2024-03-15T03:42:08","modified_gmt":"2024-03-15T00:42:08","slug":"aviator","status":"publish","type":"page","link":"https:\/\/aviator-igra.net\/lt\/","title":{"rendered":"Kas yra internetinis \u017eaidimas Aviator?"},"content":{"rendered":"<p>Aviator yra internetin\u0117 \u017eaidimo stiliuje \u201esprogimas\u201c, kuris pastaraisiais metais tapo populiarus. \u017daidimas yra skryd\u017eio simuliavimas, kiekvien\u0105 apvalk\u0105 simbolizuoja l\u0117ktuvo pakilimas. Pagrindinis \u017eaid\u0117jo tikslas yra padaryti statym\u0105 ir sp\u0117ti i\u0161traukti laim\u0117jim\u0105 prie\u0161 tai, kai l\u0117ktuvas nuskrenda nuo ekrano. Jei l\u0117ktuvas nuskrenda, tai rei\u0161kia pralaim\u0117jim\u0105, nes \u017eaid\u0117jui nepavyko i\u0161traukti statymo. U\u017eduotis yra i\u0161traukti laim\u0117jim\u0105 prie\u0161 tai, kai l\u0117ktuvas nuskrenda.<\/p>\n<p>Aviator \u017eaidimas tapo adrenalino \u0161altiniu \u017eaid\u0117jams visame pasaulyje, nes \u017eaid\u0117jas nusprend\u017eia, kada i\u0161eiti i\u0161 \u017eaidimo. Tuo pa\u010diu metu \u017eaid\u0117jai turi priimti greitus sprendimus ir pasitik\u0117ti intuicija, padarydami kiekvien\u0105 l\u0117ktuvo skryd\u012f Aviator \u017eaidime unikaliu i\u0161\u0161\u016bkiu. D\u0117l \u0161ios prie\u017easties milijonai \u017eaid\u0117j\u0173 visame pasaulyje pam\u0117go \u017eaidim\u0105.<\/p>\n<h2><strong>Skirtumai tarp Aviator \u017eaidimo ir kit\u0173 \u201esprogimo\u201c \u017eaidim\u0173<\/strong><\/h2>\n<p>Taigi, pa\u017evelkime, kaip Aviator skiriasi nuo kit\u0173 \u017eaidim\u0173. Aviator i\u0161siskiria tarp kit\u0173 \u201esprogimo\u201c \u017eaidim\u0173 d\u0117l jo vizualaus patrauklumo ir taisykli\u0173 supratimo paprastumo. Skirtingai nei tradiciniai \u201esprogimo\u201c \u017eaidimai, kuriuose laim\u0117jimai priklauso nuo neai\u0161kaus daugiklio, Aviator si\u016blo skaidresn\u012f ir dinami\u0161kesn\u012f proces\u0105, kuriuo \u017eaid\u0117jai gali fiksuoti laim\u0117jimus realiuoju laiku.<\/p>\n<p>Socialinio s\u0105veikumo elementas taip pat yra unikalus Aviatorui, leid\u017eiantis \u017eaid\u0117jams dalintis patirtimi ir strategijomis pokalbi\u0173 metu \u017eaidimo metu. Svarbu prisiminti pokalbio elgesio taisykles, nes draud\u017eiama \u012f\u017eeidin\u0117ti kitus \u017eaid\u0117jus.<\/p>\n<h2><strong>Kaip \u017eaisti Aviator<\/strong><\/h2>\n<p>Kiekvienas \u017eaid\u0117jas ne tik nori \u017eaisti, bet ir laim\u0117ti Aviator, u\u017edirbant reali\u0173 pinig\u0173. \u017daisti Aviator yra lengva:<\/p>\n<ul>\n<li>Padarykite statym\u0105 prie\u0161 kiekvieno apvalko prad\u017ei\u0105.<\/li>\n<li>Steb\u0117kite l\u0117ktuvo pakilim\u0105; laim\u0117jimo daugiklis did\u0117ja kylant.<\/li>\n<li>Paspauskite mygtuk\u0105 \u201eImti\u201c, kad i\u0161siimtum\u0117te laim\u0117jim\u0105 prie\u0161 tai, kai l\u0117ktuvas i\u0161nyksta. Jei nesp\u0117site, statymas prarandamas.<\/li>\n<\/ul>\n<p>Atminkite, kad matomas daugiklis yra koeficientas, kur\u012f statymas padauginamas. Kitaip tariant, jei pad\u0117jote statym\u0105 100 doleri\u0173 ir matote, kad daugiklis yra 2, tai rei\u0161kia, kad j\u016bs\u0173 laim\u0117jimai yra 200 doleri\u0173. Svarbu tik i\u0161siimti \u0161iuos pinigus prie\u0161 tai, kaip l\u0117ktuvas nuskrenda.<\/p>\n<h2><strong>Strategijos \u017eaidimui internetiniame \u017eaidime Aviator<\/strong><\/h2>\n<p>Yra daug strategij\u0173 Aviator, pradedant konservatyviais po\u017ei\u016briais, tokiais kaip ma\u017e\u0173 laim\u0117jim\u0173 fiksavimas, ir baigiant rizikingais, nukreiptais \u012f auk\u0161tus koeficientus.<\/p>\n<p>Viena populiari taktika yra padalinti statymus: padaryti vien\u0105 statym\u0105 ma\u017eam koeficientui,<\/p>\n<p>u\u017etikrinant stabilum\u0105, ir kit\u0105 &#8211; dideliam, siekiant didelio laim\u0117jimo. Automatin\u0117 \u017eaidimo funkcija gali pad\u0117ti su tuo, nes ma\u017eam koeficientui galima automati\u0161kai i\u0161imti laim\u0117jimus.<\/p>\n<h2><strong>Registracija internetiniame kazino \u017eaisti Aviator<\/strong><\/h2>\n<p>Nor\u0117dami prad\u0117ti \u017eaisti Aviator, turite atlikti paprast\u0105 registracij\u0105 pasirinkto internetinio kazino svetain\u0117je. Jums reik\u0117s \u012fvesti pagrindin\u0119 informacij\u0105 apie save, patvirtinti savo elektroninio pa\u0161to adres\u0105 ar telefono numer\u012f ir, galb\u016bt, praeiti paskyros patikrinim\u0105.<\/p>\n<p>Rekomenduojame i\u0161 karto patikrinti savo paskyr\u0105, nes \u0161i proced\u016bra b\u016btina prie\u0161 i\u0161siimdami laim\u0117jimus bet kokiu atveju.<\/p>\n<h2><strong>Kaip papildyti savo balans\u0105 ir i\u0161siimti laim\u0117jimus<\/strong><\/h2>\n<p>Balanso papildymas ir pinig\u0173 i\u0161\u0117mimas atliekamas per j\u016bs\u0173 asmenin\u0119 paskyr\u0105 kazino svetain\u0117je. \u0160iam tikslui si\u016blomi \u012fvair\u016bs mok\u0117jimo metodai: banko kortel\u0117s, elektroniniai pinigin\u0117s, kriptovaliutos ir kt. Pasirinkite pageidaujam\u0105 metod\u0105, vadovaukit\u0117s instrukcijomis d\u0117l l\u0117\u0161\u0173 ind\u0117jimo ar i\u0161\u0117mimo. Atkreipkite d\u0117mes\u012f \u012f minimalius sandori\u0173 kiekius ir galimas mokes\u010dius.<\/p>\n<h2><strong>Bonusai Aviator \u017eaidime<\/strong><\/h2>\n<p>Internetiniai kazino da\u017enai si\u016blo bonusus naujiems ir reguliariems \u017eaid\u0117jams. Aviator, tai gali b\u016bti pirmojo ind\u0117lio premija, nemokami statymai ar cashback u\u017e aktyv\u0173 \u017eaidim\u0105. Nor\u0117dami naudotis bonusais, b\u016btinai susipa\u017einkite su s\u0105lygomis j\u0173 gavimui ir \u012fvykdymui. Bonusai gali \u017eenkliai padidinti j\u016bs\u0173 laim\u0117jimo \u0161ansus ir padaryti \u017eaidim\u0105 dar \u012fdomesn\u012f.<\/p>\n","protected":false},"excerpt":{"rendered":"<p>Aviator yra internetin\u0117 \u017eaidimo stiliuje \u201esprogimas\u201c, kuris pastaraisiais metais tapo populiarus. \u017daidimas yra skryd\u017eio simuliavimas, kiekvien\u0105 apvalk\u0105 simbolizuoja l\u0117ktuvo pakilimas. Pagrindinis \u017eaid\u0117jo tikslas yra padaryti statym\u0105 ir sp\u0117ti i\u0161traukti laim\u0117jim\u0105 prie\u0161 tai, kai l\u0117ktuvas nuskrenda nuo ekrano. Jei l\u0117ktuvas nuskrenda, tai rei\u0161kia pralaim\u0117jim\u0105, nes \u017eaid\u0117jui nepavyko i\u0161traukti statymo. U\u017eduotis yra i\u0161traukti laim\u0117jim\u0105 prie\u0161 tai, kai [&hellip;]<\/p>\n","protected":false},"author":1,"featured_media":0,"parent":0,"menu_order":0,"comment_status":"closed","ping_status":"closed","template":"","meta":{"footnotes":""},"class_list":["post-7","page","type-page","status-publish","hentry"],"yoast_head":"<!-- This site is optimized with the Yoast SEO plugin v27.2 - https:\/\/yoast.com\/product\/yoast-seo-wordpress\/ -->\n<title>\u0418\u0433\u0440\u0430\u0442\u044c \u0432 \u043e\u043d\u043b\u0430\u0439\u043d \u0438\u0433\u0440\u0443 \u0410\u0432\u0438\u0430\u0442\u043e\u0440 \u0432 \u043a\u0430\u0437\u0438\u043d\u043e<\/title>\n<meta name=\"description\" content=\"\u017daiskite &quot;Aviator&quot; \u017eaidim\u0105 u\u017e tikrus pinigus geriausiuose internetiniuose kazino. Kaip \u017eaisti ir laim\u0117ti naudojant naudingas \u017eaidimo strategijas. Registracija, \u012fna\u0161\u0173 \u012fne\u0161imas, laim\u0117t\u0173 pinig\u0173 i\u0161\u0117mimas.\" \/>\n<meta name=\"robots\" content=\"index, follow, max-snippet:-1, max-image-preview:large, max-video-preview:-1\" \/>\n<link rel=\"canonical\" href=\"https:\/\/aviator-igra.net\/lt\/\" \/>\n<meta property=\"og:locale\" content=\"lt_LT\" \/>\n<meta property=\"og:locale:alternate\" content=\"ru_RU\" \/>\n<meta property=\"og:locale:alternate\" content=\"en_US\" \/>\n<meta property=\"og:locale:alternate\" content=\"pt_PT\" \/>\n<meta property=\"og:locale:alternate\" content=\"es_ES\" \/>\n<meta property=\"og:locale:alternate\" content=\"sr_RS\" \/>\n<meta property=\"og:locale:alternate\" content=\"bg_BG\" \/>\n<meta property=\"og:locale:alternate\" content=\"ro_RO\" \/>\n<meta property=\"og:locale:alternate\" content=\"uk\" \/>\n<meta property=\"og:locale:alternate\" content=\"bel\" \/>\n<meta property=\"og:locale:alternate\" content=\"ka_GE\" \/>\n<meta property=\"og:locale:alternate\" content=\"hy\" \/>\n<meta property=\"og:locale:alternate\" content=\"az\" \/>\n<meta property=\"og:locale:alternate\" content=\"kk\" \/>\n<meta property=\"og:locale:alternate\" content=\"ky_KY\" \/>\n<meta property=\"og:locale:alternate\" content=\"uz_UZ\" \/>\n<meta property=\"og:locale:alternate\" content=\"tg\" \/>\n<meta property=\"og:locale:alternate\" content=\"et\" \/>\n<meta property=\"og:locale:alternate\" content=\"lv\" \/>\n<meta property=\"og:locale:alternate\" content=\"fi\" \/>\n<meta property=\"og:type\" content=\"article\" \/>\n<meta property=\"og:title\" content=\"\u0418\u0433\u0440\u0430\u0442\u044c \u0432 \u043e\u043d\u043b\u0430\u0439\u043d \u0438\u0433\u0440\u0443 \u0410\u0432\u0438\u0430\u0442\u043e\u0440 \u0432 \u043a\u0430\u0437\u0438\u043d\u043e\" \/>\n<meta property=\"og:description\" content=\"\u0418\u0433\u0440\u0430\u0442\u044c \u0432 \u0410\u0432\u0438\u0430\u0442\u043e\u0440 \u043d\u0430 \u0440\u0435\u0430\u043b\u044c\u043d\u044b\u0435 \u0434\u0435\u043d\u044c\u0433\u0438 \u0432 \u043b\u0443\u0447\u0448\u0438\u0445 \u043e\u043d\u043b\u0430\u0439\u043d \u043a\u0430\u0437\u0438\u043d\u043e. \u041a\u0430\u043a \u0438\u0433\u0440\u0430\u0442\u044c \u0438 \u043f\u043e\u0431\u0435\u0436\u0434\u0430\u0442\u044c, \u0438\u0441\u043f\u043e\u043b\u044c\u0437\u0443\u044f \u0432\u044b\u0433\u043e\u0434\u043d\u044b\u0435 \u0441\u0442\u0440\u0430\u0442\u0435\u0433\u0438\u0438 \u0438\u0433\u0440\u044b. \u0420\u0435\u0433\u0438\u0441\u0442\u0440\u0430\u0446\u0438\u044f, \u043f\u043e\u043f\u043e\u043b\u043d\u0435\u043d\u0438\u0435 \u0434\u0435\u043f\u043e\u0437\u0438\u0442\u0430, \u0432\u044b\u0432\u043e\u0434 \u0432\u044b\u0438\u0433\u0440\u044b\u0448\u0430\" \/>\n<meta property=\"og:url\" content=\"https:\/\/aviator-igra.net\/lt\/\" \/>\n<meta property=\"og:site_name\" content=\"Aviator\" \/>\n<meta property=\"article:modified_time\" content=\"2024-03-15T00:42:08+00:00\" \/>\n<meta name=\"twitter:card\" content=\"summary_large_image\" \/>\n<meta name=\"twitter:label1\" content=\"Est. reading time\" \/>\n\t<meta name=\"twitter:data1\" content=\"33 minut\u0117s\" \/>\n<script type=\"application\/ld+json\" class=\"yoast-schema-graph\">{\"@context\":\"https:\/\/schema.org\",\"@graph\":[{\"@type\":\"WebPage\",\"@id\":\"https:\/\/aviator-igra.net\/\",\"url\":\"https:\/\/aviator-igra.net\/\",\"name\":\"\u0418\u0433\u0440\u0430\u0442\u044c \u0432 \u043e\u043d\u043b\u0430\u0439\u043d \u0438\u0433\u0440\u0443 \u0410\u0432\u0438\u0430\u0442\u043e\u0440 \u0432 \u043a\u0430\u0437\u0438\u043d\u043e\",\"isPartOf\":{\"@id\":\"https:\/\/aviator-igra.net\/#website\"},\"datePublished\":\"2024-03-11T18:16:05+00:00\",\"dateModified\":\"2024-03-15T00:42:08+00:00\",\"description\":\"\u0418\u0433\u0440\u0430\u0442\u044c \u0432 \u0410\u0432\u0438\u0430\u0442\u043e\u0440 \u043d\u0430 \u0440\u0435\u0430\u043b\u044c\u043d\u044b\u0435 \u0434\u0435\u043d\u044c\u0433\u0438 \u0432 \u043b\u0443\u0447\u0448\u0438\u0445 \u043e\u043d\u043b\u0430\u0439\u043d \u043a\u0430\u0437\u0438\u043d\u043e. \u041a\u0430\u043a \u0438\u0433\u0440\u0430\u0442\u044c \u0438 \u043f\u043e\u0431\u0435\u0436\u0434\u0430\u0442\u044c, \u0438\u0441\u043f\u043e\u043b\u044c\u0437\u0443\u044f \u0432\u044b\u0433\u043e\u0434\u043d\u044b\u0435 \u0441\u0442\u0440\u0430\u0442\u0435\u0433\u0438\u0438 \u0438\u0433\u0440\u044b. \u0420\u0435\u0433\u0438\u0441\u0442\u0440\u0430\u0446\u0438\u044f, \u043f\u043e\u043f\u043e\u043b\u043d\u0435\u043d\u0438\u0435 \u0434\u0435\u043f\u043e\u0437\u0438\u0442\u0430, \u0432\u044b\u0432\u043e\u0434 \u0432\u044b\u0438\u0433\u0440\u044b\u0448\u0430\",\"breadcrumb\":{\"@id\":\"https:\/\/aviator-igra.net\/#breadcrumb\"},\"inLanguage\":\"lt-LT\",\"potentialAction\":[{\"@type\":\"ReadAction\",\"target\":[\"https:\/\/aviator-igra.net\/\"]}]},{\"@type\":\"BreadcrumbList\",\"@id\":\"https:\/\/aviator-igra.net\/#breadcrumb\",\"itemListElement\":[{\"@type\":\"ListItem\",\"position\":1,\"name\":\"Home\",\"item\":\"https:\/\/aviator-igra.net\/\"},{\"@type\":\"ListItem\",\"position\":2,\"name\":\"\u0427\u0442\u043e \u0442\u0430\u043a\u043e\u0435 \u043e\u043d\u043b\u0430\u0439\u043d \u0438\u0433\u0440\u0430 \u0410\u0432\u0438\u0430\u0442\u043e\u0440?\"}]},{\"@type\":\"WebSite\",\"@id\":\"https:\/\/aviator-igra.net\/#website\",\"url\":\"https:\/\/aviator-igra.net\/\",\"name\":\"Aviator\",\"description\":\"\",\"publisher\":{\"@id\":\"https:\/\/aviator-igra.net\/#organization\"},\"potentialAction\":[{\"@type\":\"SearchAction\",\"target\":{\"@type\":\"EntryPoint\",\"urlTemplate\":\"https:\/\/aviator-igra.net\/?s={search_term_string}\"},\"query-input\":{\"@type\":\"PropertyValueSpecification\",\"valueRequired\":true,\"valueName\":\"search_term_string\"}}],\"inLanguage\":\"lt-LT\"},{\"@type\":\"Organization\",\"@id\":\"https:\/\/aviator-igra.net\/#organization\",\"name\":\"Aviator\",\"url\":\"https:\/\/aviator-igra.net\/\",\"logo\":{\"@type\":\"ImageObject\",\"inLanguage\":\"lt-LT\",\"@id\":\"https:\/\/aviator-igra.net\/#\/schema\/logo\/image\/\",\"url\":\"https:\/\/aviator-igra.net\/wp-content\/uploads\/Aviator-logo.png\",\"contentUrl\":\"https:\/\/aviator-igra.net\/wp-content\/uploads\/Aviator-logo.png\",\"width\":350,\"height\":90,\"caption\":\"Aviator\"},\"image\":{\"@id\":\"https:\/\/aviator-igra.net\/#\/schema\/logo\/image\/\"}}]}<\/script>\n<!-- \/ Yoast SEO plugin. -->","yoast_head_json":{"title":"\u0418\u0433\u0440\u0430\u0442\u044c \u0432 \u043e\u043d\u043b\u0430\u0439\u043d \u0438\u0433\u0440\u0443 \u0410\u0432\u0438\u0430\u0442\u043e\u0440 \u0432 \u043a\u0430\u0437\u0438\u043d\u043e","description":"\u017daiskite \"Aviator\" \u017eaidim\u0105 u\u017e tikrus pinigus geriausiuose internetiniuose kazino. Kaip \u017eaisti ir laim\u0117ti naudojant naudingas \u017eaidimo strategijas. Registracija, \u012fna\u0161\u0173 \u012fne\u0161imas, laim\u0117t\u0173 pinig\u0173 i\u0161\u0117mimas.","robots":{"index":"index","follow":"follow","max-snippet":"max-snippet:-1","max-image-preview":"max-image-preview:large","max-video-preview":"max-video-preview:-1"},"canonical":"https:\/\/aviator-igra.net\/lt\/","og_locale":"lt_LT","og_type":"article","og_title":"\u0418\u0433\u0440\u0430\u0442\u044c \u0432 \u043e\u043d\u043b\u0430\u0439\u043d \u0438\u0433\u0440\u0443 \u0410\u0432\u0438\u0430\u0442\u043e\u0440 \u0432 \u043a\u0430\u0437\u0438\u043d\u043e","og_description":"\u0418\u0433\u0440\u0430\u0442\u044c \u0432 \u0410\u0432\u0438\u0430\u0442\u043e\u0440 \u043d\u0430 \u0440\u0435\u0430\u043b\u044c\u043d\u044b\u0435 \u0434\u0435\u043d\u044c\u0433\u0438 \u0432 \u043b\u0443\u0447\u0448\u0438\u0445 \u043e\u043d\u043b\u0430\u0439\u043d \u043a\u0430\u0437\u0438\u043d\u043e. \u041a\u0430\u043a \u0438\u0433\u0440\u0430\u0442\u044c \u0438 \u043f\u043e\u0431\u0435\u0436\u0434\u0430\u0442\u044c, \u0438\u0441\u043f\u043e\u043b\u044c\u0437\u0443\u044f \u0432\u044b\u0433\u043e\u0434\u043d\u044b\u0435 \u0441\u0442\u0440\u0430\u0442\u0435\u0433\u0438\u0438 \u0438\u0433\u0440\u044b. \u0420\u0435\u0433\u0438\u0441\u0442\u0440\u0430\u0446\u0438\u044f, \u043f\u043e\u043f\u043e\u043b\u043d\u0435\u043d\u0438\u0435 \u0434\u0435\u043f\u043e\u0437\u0438\u0442\u0430, \u0432\u044b\u0432\u043e\u0434 \u0432\u044b\u0438\u0433\u0440\u044b\u0448\u0430","og_url":"https:\/\/aviator-igra.net\/lt\/","og_site_name":"Aviator","article_modified_time":"2024-03-15T00:42:08+00:00","twitter_card":"summary_large_image","twitter_misc":{"Est. reading time":"33 minut\u0117s"},"schema":{"@context":"https:\/\/schema.org","@graph":[{"@type":"WebPage","@id":"https:\/\/aviator-igra.net\/","url":"https:\/\/aviator-igra.net\/","name":"\u0418\u0433\u0440\u0430\u0442\u044c \u0432 \u043e\u043d\u043b\u0430\u0439\u043d \u0438\u0433\u0440\u0443 \u0410\u0432\u0438\u0430\u0442\u043e\u0440 \u0432 \u043a\u0430\u0437\u0438\u043d\u043e","isPartOf":{"@id":"https:\/\/aviator-igra.net\/#website"},"datePublished":"2024-03-11T18:16:05+00:00","dateModified":"2024-03-15T00:42:08+00:00","description":"\u0418\u0433\u0440\u0430\u0442\u044c \u0432 \u0410\u0432\u0438\u0430\u0442\u043e\u0440 \u043d\u0430 \u0440\u0435\u0430\u043b\u044c\u043d\u044b\u0435 \u0434\u0435\u043d\u044c\u0433\u0438 \u0432 \u043b\u0443\u0447\u0448\u0438\u0445 \u043e\u043d\u043b\u0430\u0439\u043d \u043a\u0430\u0437\u0438\u043d\u043e. \u041a\u0430\u043a \u0438\u0433\u0440\u0430\u0442\u044c \u0438 \u043f\u043e\u0431\u0435\u0436\u0434\u0430\u0442\u044c, \u0438\u0441\u043f\u043e\u043b\u044c\u0437\u0443\u044f \u0432\u044b\u0433\u043e\u0434\u043d\u044b\u0435 \u0441\u0442\u0440\u0430\u0442\u0435\u0433\u0438\u0438 \u0438\u0433\u0440\u044b. \u0420\u0435\u0433\u0438\u0441\u0442\u0440\u0430\u0446\u0438\u044f, \u043f\u043e\u043f\u043e\u043b\u043d\u0435\u043d\u0438\u0435 \u0434\u0435\u043f\u043e\u0437\u0438\u0442\u0430, \u0432\u044b\u0432\u043e\u0434 \u0432\u044b\u0438\u0433\u0440\u044b\u0448\u0430","breadcrumb":{"@id":"https:\/\/aviator-igra.net\/#breadcrumb"},"inLanguage":"lt-LT","potentialAction":[{"@type":"ReadAction","target":["https:\/\/aviator-igra.net\/"]}]},{"@type":"BreadcrumbList","@id":"https:\/\/aviator-igra.net\/#breadcrumb","itemListElement":[{"@type":"ListItem","position":1,"name":"Home","item":"https:\/\/aviator-igra.net\/"},{"@type":"ListItem","position":2,"name":"\u0427\u0442\u043e \u0442\u0430\u043a\u043e\u0435 \u043e\u043d\u043b\u0430\u0439\u043d \u0438\u0433\u0440\u0430 \u0410\u0432\u0438\u0430\u0442\u043e\u0440?"}]},{"@type":"WebSite","@id":"https:\/\/aviator-igra.net\/#website","url":"https:\/\/aviator-igra.net\/","name":"Aviator","description":"","publisher":{"@id":"https:\/\/aviator-igra.net\/#organization"},"potentialAction":[{"@type":"SearchAction","target":{"@type":"EntryPoint","urlTemplate":"https:\/\/aviator-igra.net\/?s={search_term_string}"},"query-input":{"@type":"PropertyValueSpecification","valueRequired":true,"valueName":"search_term_string"}}],"inLanguage":"lt-LT"},{"@type":"Organization","@id":"https:\/\/aviator-igra.net\/#organization","name":"Aviator","url":"https:\/\/aviator-igra.net\/","logo":{"@type":"ImageObject","inLanguage":"lt-LT","@id":"https:\/\/aviator-igra.net\/#\/schema\/logo\/image\/","url":"https:\/\/aviator-igra.net\/wp-content\/uploads\/Aviator-logo.png","contentUrl":"https:\/\/aviator-igra.net\/wp-content\/uploads\/Aviator-logo.png","width":350,"height":90,"caption":"Aviator"},"image":{"@id":"https:\/\/aviator-igra.net\/#\/schema\/logo\/image\/"}}]}},"_links":{"self":[{"href":"https:\/\/aviator-igra.net\/lt\/wp-json\/wp\/v2\/pages\/7","targetHints":{"allow":["GET"]}}],"collection":[{"href":"https:\/\/aviator-igra.net\/lt\/wp-json\/wp\/v2\/pages"}],"about":[{"href":"https:\/\/aviator-igra.net\/lt\/wp-json\/wp\/v2\/types\/page"}],"author":[{"embeddable":true,"href":"https:\/\/aviator-igra.net\/lt\/wp-json\/wp\/v2\/users\/1"}],"replies":[{"embeddable":true,"href":"https:\/\/aviator-igra.net\/lt\/wp-json\/wp\/v2\/comments?post=7"}],"version-history":[{"count":42,"href":"https:\/\/aviator-igra.net\/lt\/wp-json\/wp\/v2\/pages\/7\/revisions"}],"predecessor-version":[{"id":128,"href":"https:\/\/aviator-igra.net\/lt\/wp-json\/wp\/v2\/pages\/7\/revisions\/128"}],"wp:attachment":[{"href":"https:\/\/aviator-igra.net\/lt\/wp-json\/wp\/v2\/media?parent=7"}],"curies":[{"name":"wp","href":"https:\/\/api.w.org\/{rel}","templated":true}]}}