{"id":15,"date":"2024-03-11T21:19:08","date_gmt":"2024-03-11T18:19:08","guid":{"rendered":"https:\/\/aviator-igra.net\/?page_id=15"},"modified":"2024-03-14T21:05:49","modified_gmt":"2024-03-14T18:05:49","slug":"register","status":"publish","type":"page","link":"https:\/\/aviator-igra.net\/lt\/register\/","title":{"rendered":"Registracija kazino \u017eaisti Aviator"},"content":{"rendered":"<p>Jei nusprend\u0117te \u017eaisti \u201eAviator\u201c, pirmasis \u017eingsnis yra u\u017esiregistruoti kazinoje. Pasirinkimas internetinio kazino yra kita tema, ir mes nesiliausime aptarin\u0117ti pasirinkimo kriterij\u0173. Leiskite mums jus palyd\u0117ti per visus registracijos etapus internetiniame kazinoje \u2014 nuo prisijungimo iki pirmo pakilimo su \u201eAviator\u201c.<\/p>\n<h2><strong>Registracijos metodai kazinoje<\/strong><\/h2>\n<p>Pasaulio internetini\u0173 kazinoje registracija yra j\u016bs\u0173 pirmasis \u017eingsnis link \u017eaidimo. Paprastai be registracijos j\u016bs negalite \u017eaisti arba visai, arba su tikrais pinigais. Kazino paprastai si\u016blo kelet\u0105 registracijos b\u016bd\u0173:<\/p>\n<ol>\n<li><strong>Per elektroninio pa\u0161to:<\/strong> Jums reik\u0117s pateikti savo elektroninio pa\u0161to adres\u0105 ir sukurti slapta\u017eod\u012f. Po formos u\u017epildymo patikrinkite savo el. pa\u0161t\u0105, kad patvirtintum\u0117te registracij\u0105. Jums reik\u0117s \u012fvesti gaut\u0105 kod\u0105 el. lai\u0161ke arba paspausti nuorod\u0105.<\/li>\n<li><strong>Per socialinius tinklus:<\/strong> Daugelis kazino leid\u017eia jums naudoti savo socialinio tinklo paskyr\u0105 greitai u\u017esiregistruoti. Tai patogu ir taupo laik\u0105. Ta\u010diau tai jus neatspalvina nuo b\u016btinumo eiti per paskyros registracijos proces\u0105.<\/li>\n<li><strong>Per telefono numer\u012f:<\/strong> \u012eveskite savo telefono numer\u012f, ir \u012f j\u012f bus i\u0161si\u0173sta registracijos patvirtinimo kodas. Po to tur\u0117site u\u017epildyti visus pagrindinius savo duomenis, \u012fskaitant vard\u0105, gimimo dat\u0105 ir kitus duomenis.<\/li>\n<\/ol>\n<p>Pasirinkite jums tinkamiausi\u0105 b\u016bd\u0105 ir prad\u0117kite registracijos proces\u0105. Paprastai registracija oficialioje kazino svetain\u0117je trunka ne ilgiau kaip 2 minutes.<\/p>\n<h2><strong>B\u016btinyb\u0117 patvirtinti paskyr\u0105<\/strong><\/h2>\n<p>Po registracijos gali tekti jums eiti per patvirtinimo proces\u0105. Tai svarbu u\u017etikrinti j\u016bs\u0173 paskyros ir l\u0117\u0161\u0173 saugum\u0105, taip pat patvirtinti j\u016bs\u0173 tapatyb\u0119. Patvirtinimas padeda u\u017ekirsti keli\u0105 suk\u010diavimui ir u\u017etikrina, kad laim\u0117jimai b\u016bt\u0173 i\u0161mok\u0117ti tik tikriems savininkams.<\/p>\n<p>Norint patikrinti, jums reik\u0117s pateikti:<\/p>\n<ul>\n<li>Nuotrauk\u0105 arba skan\u0105 paso arba kito asmens dokumento.<\/li>\n<li>Dokumentai, patvirtinantys gyvenimo vietos adres\u0105.<\/li>\n<li>Ekrano kopijas ar nuotraukas ind\u0117lio l\u0117\u0161\u0173, patvirtinan\u010dias l\u0117\u0161\u0173 \u0161altin\u012f.<\/li>\n<\/ul>\n<p>Daugelis \u017eaid\u0117j\u0173 mano, kad patvirtinimas n\u0117ra taip svarbus, bet tai yra neteisinga nuomon\u0117. Bet kuris kazino yra \u012ftarus \u017eaid\u0117jams, kurie nepra\u0117jo patvirtinimo proced\u016bros. Jei laim\u0117site didel\u0119 pinig\u0173 sum\u0105, kazinui bus ma\u017eiau prie\u017eas\u010di\u0173 ne i\u0161mok\u0117ti jums laim\u0117jimo.<\/p>\n<h2><strong>\u012ena\u0161\u0173 atlikimas<\/strong><\/h2>\n<p>Kai tik j\u016bs\u0173 s\u0105skaita bus sukurta ir patvirtinta, laikas papildyti savo balans\u0105. Kazino si\u016blo \u012fvairius b\u016bdus, kaip atlikti \u012fna\u0161us:<\/p>\n<ol>\n<li><strong>Kreditin\u0117s \/ debetin\u0117s kortel\u0117s:<\/strong> Visa, MasterCard \u2014 klasikinis ir da\u017eniausias pasirinkimas.<\/li>\n<li><strong>Elektroniniai pinigin\u0117s:<\/strong> Skrill, Neteller, PayPal ir kitos populiarios sistemos greitoms operacijoms.<\/li>\n<li><strong>Kriptovaliutos:<\/strong> Bitcoin, Ethereum ir kitos kriptovaliutos d\u0117l anonimi\u0161kumo ir saugumo tampa vis populiaresn\u0117s.<\/li>\n<\/ol>\n<p>Paprastai visi mok\u0117jimo metodai apima visus tris variantus. Pasirinkite jums tinkamiausi\u0105 b\u016bd\u0105 ir laikykit\u0117s kazino nurodym\u0173.<\/p>\n<h2><strong>Laim\u0117jim\u0173 i\u0161\u0117mimas<\/strong><\/h2>\n<p>Kai j\u016bs susikaupsite laim\u0117jimus, laikas juos i\u0161siimti. Procesas pana\u0161us \u012f \u012fna\u0161o atlikim\u0105, bet tur\u0117kite omenyje, kad kazino gali papra\u0161yti papildomo patvirtinimo prie\u0161 pirm\u0105 i\u0161\u0117mim\u0105. Pirmas i\u0161\u0117mimas yra sunkiausias.<\/p>\n<p>Pasirinkite pageidaujam\u0105 i\u0161\u0117mimo b\u016bd\u0105, kuris gali apimti banko korteles, elektronines pinigines ar kriptovaliutas, ir sekite kazino proceso, kad s\u0117kmingai perved\u0117te \u012f savo s\u0105skait\u0105.<\/p>\n","protected":false},"excerpt":{"rendered":"<p>Jei nusprend\u0117te \u017eaisti \u201eAviator\u201c, pirmasis \u017eingsnis yra u\u017esiregistruoti kazinoje. Pasirinkimas internetinio kazino yra kita tema, ir mes nesiliausime aptarin\u0117ti pasirinkimo kriterij\u0173. Leiskite mums jus palyd\u0117ti per visus registracijos etapus internetiniame kazinoje \u2014 nuo prisijungimo iki pirmo pakilimo su \u201eAviator\u201c. Registracijos metodai kazinoje Pasaulio internetini\u0173 kazinoje registracija yra j\u016bs\u0173 pirmasis \u017eingsnis link \u017eaidimo. Paprastai be registracijos [&hellip;]<\/p>\n","protected":false},"author":1,"featured_media":0,"parent":0,"menu_order":0,"comment_status":"closed","ping_status":"closed","template":"","meta":{"footnotes":""},"class_list":["post-15","page","type-page","status-publish","hentry"],"yoast_head":"<!-- This site is optimized with the Yoast SEO plugin v27.2 - https:\/\/yoast.com\/product\/yoast-seo-wordpress\/ -->\n<title>\u0544\u056b\u0561\u0581\u0576\u0565\u056c\u0578\u0582 \u0561\u0576\u056c\u0561\u0580 \u056d\u0561\u0572\u0561\u0572\u0578\u0582\u0569\u0575\u0561\u0576 \u0570\u0561\u0574\u0561\u0580 \u0585\u0576\u056c\u0561\u0575\u0576 \u056f\u0561\u0566\u056b\u0576\u0578\u0582\u0578\u0582\u0574:<\/title>\n<meta name=\"description\" content=\"U\u017ebaikite registracij\u0105 oficialioje internetin\u0117s kazino svetain\u0117je \u017eaidimui &quot;Aviator&quot;. Atlikite \u012fna\u0161\u0105 ir i\u0161imkite laim\u0117jimus. \u017daid\u0117jo paskyros patvirtinimas.\" \/>\n<meta name=\"robots\" content=\"index, follow, max-snippet:-1, max-image-preview:large, max-video-preview:-1\" \/>\n<link rel=\"canonical\" href=\"https:\/\/aviator-igra.net\/lt\/register\/\" \/>\n<meta property=\"og:locale\" content=\"lt_LT\" \/>\n<meta property=\"og:locale:alternate\" content=\"ru_RU\" \/>\n<meta property=\"og:locale:alternate\" content=\"en_US\" \/>\n<meta property=\"og:locale:alternate\" content=\"pt_PT\" \/>\n<meta property=\"og:locale:alternate\" content=\"es_ES\" \/>\n<meta property=\"og:locale:alternate\" content=\"sr_RS\" \/>\n<meta property=\"og:locale:alternate\" content=\"bg_BG\" \/>\n<meta property=\"og:locale:alternate\" content=\"ro_RO\" \/>\n<meta property=\"og:locale:alternate\" content=\"uk\" \/>\n<meta property=\"og:locale:alternate\" content=\"bel\" \/>\n<meta property=\"og:locale:alternate\" content=\"ka_GE\" \/>\n<meta property=\"og:locale:alternate\" content=\"hy\" \/>\n<meta property=\"og:locale:alternate\" content=\"az\" \/>\n<meta property=\"og:locale:alternate\" content=\"kk\" \/>\n<meta property=\"og:locale:alternate\" content=\"ky_KY\" \/>\n<meta property=\"og:locale:alternate\" content=\"uz_UZ\" \/>\n<meta property=\"og:locale:alternate\" content=\"tg\" \/>\n<meta property=\"og:locale:alternate\" content=\"et\" \/>\n<meta property=\"og:locale:alternate\" content=\"lv\" \/>\n<meta property=\"og:locale:alternate\" content=\"fi\" \/>\n<meta property=\"og:type\" content=\"article\" \/>\n<meta property=\"og:title\" content=\"\u0544\u056b\u0561\u0581\u0576\u0565\u056c\u0578\u0582 \u0561\u0576\u056c\u0561\u0580 \u056d\u0561\u0572\u0561\u0572\u0578\u0582\u0569\u0575\u0561\u0576 \u0570\u0561\u0574\u0561\u0580 \u0585\u0576\u056c\u0561\u0575\u0576 \u056f\u0561\u0566\u056b\u0576\u0578\u0582\u0578\u0582\u0574:\" \/>\n<meta property=\"og:description\" content=\"\u0531\u057e\u0561\u057f\u0561\u0580\u0578\u057e \u056d\u0561\u0572\u0561\u056c\u0578\u0582 \u0570\u0561\u0574\u0561\u0580 \u0569\u0578\u0582\u0575\u056c\u0561\u057f\u0580\u0565\u056c\u0578\u0582 \u056f\u0561\u0575\u0584\u056b \u057a\u0561\u057f\u0573\u0561\u057c\u0578\u057e \u0563\u0580\u0561\u0576\u0581\u057e\u0565\u056c: \u053f\u0561\u057f\u0561\u0580\u0565\u056c \u0564\u0565\u057a\u0578\u0566\u056b\u057f\u0568 \u0587 \u057e\u0573\u0561\u0580\u0565\u056c \u0570\u0561\u0572\u0578\u0580\u0564\u0561\u0563\u0580\u0561\u056e\u0568: \u053d\u0561\u0572\u0561\u0580\u056f\u0578\u0582\u0569\u0575\u0561\u0576 \u0561\u056f\u057f\u056b\u057e\u0561\u0581\u0578\u0582\u0574:\" \/>\n<meta property=\"og:url\" content=\"https:\/\/aviator-igra.net\/lt\/register\/\" \/>\n<meta property=\"og:site_name\" content=\"Aviator\" \/>\n<meta property=\"article:modified_time\" content=\"2024-03-14T18:05:49+00:00\" \/>\n<meta name=\"twitter:card\" content=\"summary_large_image\" \/>\n<meta name=\"twitter:label1\" content=\"Est. reading time\" \/>\n\t<meta name=\"twitter:data1\" content=\"28 minut\u0117s\" \/>\n<script type=\"application\/ld+json\" class=\"yoast-schema-graph\">{\"@context\":\"https:\/\/schema.org\",\"@graph\":[{\"@type\":\"WebPage\",\"@id\":\"https:\/\/aviator-igra.net\/hy\/register\/\",\"url\":\"https:\/\/aviator-igra.net\/hy\/register\/\",\"name\":\"\u0544\u056b\u0561\u0581\u0576\u0565\u056c\u0578\u0582 \u0561\u0576\u056c\u0561\u0580 \u056d\u0561\u0572\u0561\u0572\u0578\u0582\u0569\u0575\u0561\u0576 \u0570\u0561\u0574\u0561\u0580 \u0585\u0576\u056c\u0561\u0575\u0576 \u056f\u0561\u0566\u056b\u0576\u0578\u0582\u0578\u0582\u0574:\",\"isPartOf\":{\"@id\":\"https:\/\/aviator-igra.net\/#website\"},\"datePublished\":\"2024-03-11T18:19:08+00:00\",\"dateModified\":\"2024-03-14T18:05:49+00:00\",\"description\":\"\u0531\u057e\u0561\u057f\u0561\u0580\u0578\u057e \u056d\u0561\u0572\u0561\u056c\u0578\u0582 \u0570\u0561\u0574\u0561\u0580 \u0569\u0578\u0582\u0575\u056c\u0561\u057f\u0580\u0565\u056c\u0578\u0582 \u056f\u0561\u0575\u0584\u056b \u057a\u0561\u057f\u0573\u0561\u057c\u0578\u057e \u0563\u0580\u0561\u0576\u0581\u057e\u0565\u056c: \u053f\u0561\u057f\u0561\u0580\u0565\u056c \u0564\u0565\u057a\u0578\u0566\u056b\u057f\u0568 \u0587 \u057e\u0573\u0561\u0580\u0565\u056c \u0570\u0561\u0572\u0578\u0580\u0564\u0561\u0563\u0580\u0561\u056e\u0568: \u053d\u0561\u0572\u0561\u0580\u056f\u0578\u0582\u0569\u0575\u0561\u0576 \u0561\u056f\u057f\u056b\u057e\u0561\u0581\u0578\u0582\u0574:\",\"breadcrumb\":{\"@id\":\"https:\/\/aviator-igra.net\/hy\/register\/#breadcrumb\"},\"inLanguage\":\"lt-LT\",\"potentialAction\":[{\"@type\":\"ReadAction\",\"target\":[\"https:\/\/aviator-igra.net\/hy\/register\/\"]}]},{\"@type\":\"BreadcrumbList\",\"@id\":\"https:\/\/aviator-igra.net\/hy\/register\/#breadcrumb\",\"itemListElement\":[{\"@type\":\"ListItem\",\"position\":1,\"name\":\"Home\",\"item\":\"https:\/\/aviator-igra.net\/\"},{\"@type\":\"ListItem\",\"position\":2,\"name\":\"\u0533\u0580\u0561\u0576\u0581\u0578\u0582\u0574 \u056f\u0561\u0566\u056b\u0576\u0578\u0578\u0582\u0574 \u0555\u0564\u0561\u0576\u0561\u057e\u0561\u056f\u0561\u0575\u056b\u0576 \u0561\u057c\u0561\u057b\u0561\u0580\u056f\u0578\u0582\u0574 \u056d\u0561\u0572\u0561\u056c\u0578\u0582 \u0570\u0561\u0574\u0561\u0580\u0589\"}]},{\"@type\":\"WebSite\",\"@id\":\"https:\/\/aviator-igra.net\/#website\",\"url\":\"https:\/\/aviator-igra.net\/\",\"name\":\"Aviator\",\"description\":\"\",\"publisher\":{\"@id\":\"https:\/\/aviator-igra.net\/#organization\"},\"potentialAction\":[{\"@type\":\"SearchAction\",\"target\":{\"@type\":\"EntryPoint\",\"urlTemplate\":\"https:\/\/aviator-igra.net\/?s={search_term_string}\"},\"query-input\":{\"@type\":\"PropertyValueSpecification\",\"valueRequired\":true,\"valueName\":\"search_term_string\"}}],\"inLanguage\":\"lt-LT\"},{\"@type\":\"Organization\",\"@id\":\"https:\/\/aviator-igra.net\/#organization\",\"name\":\"Aviator\",\"url\":\"https:\/\/aviator-igra.net\/\",\"logo\":{\"@type\":\"ImageObject\",\"inLanguage\":\"lt-LT\",\"@id\":\"https:\/\/aviator-igra.net\/#\/schema\/logo\/image\/\",\"url\":\"https:\/\/aviator-igra.net\/wp-content\/uploads\/Aviator-logo.png\",\"contentUrl\":\"https:\/\/aviator-igra.net\/wp-content\/uploads\/Aviator-logo.png\",\"width\":350,\"height\":90,\"caption\":\"Aviator\"},\"image\":{\"@id\":\"https:\/\/aviator-igra.net\/#\/schema\/logo\/image\/\"}}]}<\/script>\n<!-- \/ Yoast SEO plugin. -->","yoast_head_json":{"title":"\u0544\u056b\u0561\u0581\u0576\u0565\u056c\u0578\u0582 \u0561\u0576\u056c\u0561\u0580 \u056d\u0561\u0572\u0561\u0572\u0578\u0582\u0569\u0575\u0561\u0576 \u0570\u0561\u0574\u0561\u0580 \u0585\u0576\u056c\u0561\u0575\u0576 \u056f\u0561\u0566\u056b\u0576\u0578\u0582\u0578\u0582\u0574:","description":"U\u017ebaikite registracij\u0105 oficialioje internetin\u0117s kazino svetain\u0117je \u017eaidimui \"Aviator\". Atlikite \u012fna\u0161\u0105 ir i\u0161imkite laim\u0117jimus. \u017daid\u0117jo paskyros patvirtinimas.","robots":{"index":"index","follow":"follow","max-snippet":"max-snippet:-1","max-image-preview":"max-image-preview:large","max-video-preview":"max-video-preview:-1"},"canonical":"https:\/\/aviator-igra.net\/lt\/register\/","og_locale":"lt_LT","og_type":"article","og_title":"\u0544\u056b\u0561\u0581\u0576\u0565\u056c\u0578\u0582 \u0561\u0576\u056c\u0561\u0580 \u056d\u0561\u0572\u0561\u0572\u0578\u0582\u0569\u0575\u0561\u0576 \u0570\u0561\u0574\u0561\u0580 \u0585\u0576\u056c\u0561\u0575\u0576 \u056f\u0561\u0566\u056b\u0576\u0578\u0582\u0578\u0582\u0574:","og_description":"\u0531\u057e\u0561\u057f\u0561\u0580\u0578\u057e \u056d\u0561\u0572\u0561\u056c\u0578\u0582 \u0570\u0561\u0574\u0561\u0580 \u0569\u0578\u0582\u0575\u056c\u0561\u057f\u0580\u0565\u056c\u0578\u0582 \u056f\u0561\u0575\u0584\u056b \u057a\u0561\u057f\u0573\u0561\u057c\u0578\u057e \u0563\u0580\u0561\u0576\u0581\u057e\u0565\u056c: \u053f\u0561\u057f\u0561\u0580\u0565\u056c \u0564\u0565\u057a\u0578\u0566\u056b\u057f\u0568 \u0587 \u057e\u0573\u0561\u0580\u0565\u056c \u0570\u0561\u0572\u0578\u0580\u0564\u0561\u0563\u0580\u0561\u056e\u0568: \u053d\u0561\u0572\u0561\u0580\u056f\u0578\u0582\u0569\u0575\u0561\u0576 \u0561\u056f\u057f\u056b\u057e\u0561\u0581\u0578\u0582\u0574:","og_url":"https:\/\/aviator-igra.net\/lt\/register\/","og_site_name":"Aviator","article_modified_time":"2024-03-14T18:05:49+00:00","twitter_card":"summary_large_image","twitter_misc":{"Est. reading time":"28 minut\u0117s"},"schema":{"@context":"https:\/\/schema.org","@graph":[{"@type":"WebPage","@id":"https:\/\/aviator-igra.net\/hy\/register\/","url":"https:\/\/aviator-igra.net\/hy\/register\/","name":"\u0544\u056b\u0561\u0581\u0576\u0565\u056c\u0578\u0582 \u0561\u0576\u056c\u0561\u0580 \u056d\u0561\u0572\u0561\u0572\u0578\u0582\u0569\u0575\u0561\u0576 \u0570\u0561\u0574\u0561\u0580 \u0585\u0576\u056c\u0561\u0575\u0576 \u056f\u0561\u0566\u056b\u0576\u0578\u0582\u0578\u0582\u0574:","isPartOf":{"@id":"https:\/\/aviator-igra.net\/#website"},"datePublished":"2024-03-11T18:19:08+00:00","dateModified":"2024-03-14T18:05:49+00:00","description":"\u0531\u057e\u0561\u057f\u0561\u0580\u0578\u057e \u056d\u0561\u0572\u0561\u056c\u0578\u0582 \u0570\u0561\u0574\u0561\u0580 \u0569\u0578\u0582\u0575\u056c\u0561\u057f\u0580\u0565\u056c\u0578\u0582 \u056f\u0561\u0575\u0584\u056b \u057a\u0561\u057f\u0573\u0561\u057c\u0578\u057e \u0563\u0580\u0561\u0576\u0581\u057e\u0565\u056c: \u053f\u0561\u057f\u0561\u0580\u0565\u056c \u0564\u0565\u057a\u0578\u0566\u056b\u057f\u0568 \u0587 \u057e\u0573\u0561\u0580\u0565\u056c \u0570\u0561\u0572\u0578\u0580\u0564\u0561\u0563\u0580\u0561\u056e\u0568: \u053d\u0561\u0572\u0561\u0580\u056f\u0578\u0582\u0569\u0575\u0561\u0576 \u0561\u056f\u057f\u056b\u057e\u0561\u0581\u0578\u0582\u0574:","breadcrumb":{"@id":"https:\/\/aviator-igra.net\/hy\/register\/#breadcrumb"},"inLanguage":"lt-LT","potentialAction":[{"@type":"ReadAction","target":["https:\/\/aviator-igra.net\/hy\/register\/"]}]},{"@type":"BreadcrumbList","@id":"https:\/\/aviator-igra.net\/hy\/register\/#breadcrumb","itemListElement":[{"@type":"ListItem","position":1,"name":"Home","item":"https:\/\/aviator-igra.net\/"},{"@type":"ListItem","position":2,"name":"\u0533\u0580\u0561\u0576\u0581\u0578\u0582\u0574 \u056f\u0561\u0566\u056b\u0576\u0578\u0578\u0582\u0574 \u0555\u0564\u0561\u0576\u0561\u057e\u0561\u056f\u0561\u0575\u056b\u0576 \u0561\u057c\u0561\u057b\u0561\u0580\u056f\u0578\u0582\u0574 \u056d\u0561\u0572\u0561\u056c\u0578\u0582 \u0570\u0561\u0574\u0561\u0580\u0589"}]},{"@type":"WebSite","@id":"https:\/\/aviator-igra.net\/#website","url":"https:\/\/aviator-igra.net\/","name":"Aviator","description":"","publisher":{"@id":"https:\/\/aviator-igra.net\/#organization"},"potentialAction":[{"@type":"SearchAction","target":{"@type":"EntryPoint","urlTemplate":"https:\/\/aviator-igra.net\/?s={search_term_string}"},"query-input":{"@type":"PropertyValueSpecification","valueRequired":true,"valueName":"search_term_string"}}],"inLanguage":"lt-LT"},{"@type":"Organization","@id":"https:\/\/aviator-igra.net\/#organization","name":"Aviator","url":"https:\/\/aviator-igra.net\/","logo":{"@type":"ImageObject","inLanguage":"lt-LT","@id":"https:\/\/aviator-igra.net\/#\/schema\/logo\/image\/","url":"https:\/\/aviator-igra.net\/wp-content\/uploads\/Aviator-logo.png","contentUrl":"https:\/\/aviator-igra.net\/wp-content\/uploads\/Aviator-logo.png","width":350,"height":90,"caption":"Aviator"},"image":{"@id":"https:\/\/aviator-igra.net\/#\/schema\/logo\/image\/"}}]}},"_links":{"self":[{"href":"https:\/\/aviator-igra.net\/lt\/wp-json\/wp\/v2\/pages\/15","targetHints":{"allow":["GET"]}}],"collection":[{"href":"https:\/\/aviator-igra.net\/lt\/wp-json\/wp\/v2\/pages"}],"about":[{"href":"https:\/\/aviator-igra.net\/lt\/wp-json\/wp\/v2\/types\/page"}],"author":[{"embeddable":true,"href":"https:\/\/aviator-igra.net\/lt\/wp-json\/wp\/v2\/users\/1"}],"replies":[{"embeddable":true,"href":"https:\/\/aviator-igra.net\/lt\/wp-json\/wp\/v2\/comments?post=15"}],"version-history":[{"count":45,"href":"https:\/\/aviator-igra.net\/lt\/wp-json\/wp\/v2\/pages\/15\/revisions"}],"predecessor-version":[{"id":126,"href":"https:\/\/aviator-igra.net\/lt\/wp-json\/wp\/v2\/pages\/15\/revisions\/126"}],"wp:attachment":[{"href":"https:\/\/aviator-igra.net\/lt\/wp-json\/wp\/v2\/media?parent=15"}],"curies":[{"name":"wp","href":"https:\/\/api.w.org\/{rel}","templated":true}]}}