{"id":7,"date":"2024-03-11T21:16:05","date_gmt":"2024-03-11T18:16:05","guid":{"rendered":"https:\/\/aviator-igra.net\/?page_id=7"},"modified":"2024-03-15T03:42:08","modified_gmt":"2024-03-15T00:42:08","slug":"aviator","status":"publish","type":"page","link":"https:\/\/aviator-igra.net\/fi\/","title":{"rendered":"Mik\u00e4 on online-peli Aviator?"},"content":{"rendered":"<p>Aviator on verkossa pelattava lentosimulaattoripeli, joka on tullut suosituksi viime vuosina. Peli on lentosimulaatio, jossa jokainen kierros symboloi lentokoneen nousua ilmaan. Pelaajan p\u00e4\u00e4m\u00e4\u00e4r\u00e4n\u00e4 on asettaa veto ja onnistua lunastamaan voitot ennen kuin lentokone katoaa n\u00e4yt\u00f6lt\u00e4. Jos lentokone l\u00e4htee, se tarkoittaa tappiota, koska pelaaja ei onnistunut nostamaan vetoa. Teht\u00e4v\u00e4n\u00e4 on lunastaa voitot ennen kuin lentokone katoaa.<\/p>\n<p>Aviator-peli on adrenaliinin l\u00e4hde pelaajille ymp\u00e4ri maailmaa, koska pelaaja p\u00e4\u00e4tt\u00e4\u00e4, milloin poistua pelist\u00e4. Samalla pelaajien on teht\u00e4v\u00e4 nopeita p\u00e4\u00e4t\u00f6ksi\u00e4 ja luotettava intuitioonsa, mik\u00e4 tekee jokaisesta lentokoneen lennosta Aviator-peliss\u00e4 ainutlaatuisen haasteen. T\u00e4m\u00e4n vuoksi miljoonat pelaajat ymp\u00e4ri maailmaa ihastuvat peliin.<\/p>\n<h2><strong>Erot Aviator-pelin ja muiden kaatumispelien v\u00e4lill\u00e4<\/strong><\/h2>\n<p>Joten, tarkastellaanpa, miten Aviator eroaa muista peleist\u00e4. Aviator erottuu muista kaatumispeleist\u00e4 visuaalisen vetovoimansa ja s\u00e4\u00e4nt\u00f6jens\u00e4 ymm\u00e4rrett\u00e4vyyden vuoksi. Toisin kuin perinteisiss\u00e4 kaatumispeleiss\u00e4, joissa voitot riippuvat ep\u00e4varmasta kerroimesta, Aviator tarjoaa l\u00e4pin\u00e4kyv\u00e4mm\u00e4n ja dynaamisemman prosessin, jossa pelaajat voivat kiinnitt\u00e4\u00e4 voitot reaaliajassa.<\/p>\n<p>Sosiaalisen vuorovaikutuksen elementti on my\u00f6s ainutlaatuinen Aviatorissa, mik\u00e4 mahdollistaa pelaajien kokemusten ja strategioiden jakamisen pelin aikana. On t\u00e4rke\u00e4\u00e4 muistaa k\u00e4ytt\u00e4ytymiss\u00e4\u00e4nn\u00f6t chatissa, koska muiden pelaajien loukkaaminen on kielletty\u00e4.<\/p>\n<h2><strong>Kuinka pelata Aviatoria<\/strong><\/h2>\n<p>Jokainen pelaaja haluaa pelata ei vain peli\u00e4, vaan my\u00f6s voittaa Aviatorissa, ansaita oikeaa rahaa. Aviatorin pelaaminen on helppoa:<\/p>\n<ul>\n<li>Aseta veto ennen jokaista kierrosta.<\/li>\n<li>Katso lentokoneen nousevan ilmaan; voittokerroin kasvaa sen noustessa.<\/li>\n<li>Klikkaa &#8221;Ota&#8221; -painiketta lunastaaksesi voittosi ennen kuin lentokone katoaa. Jos et ehdi, veto h\u00e4vi\u00e4\u00e4.<\/li>\n<\/ul>\n<p>Muista, ett\u00e4 n\u00e4et kerroin, jolla veto kerrotaan. Toisin sanoen, jos asetit 100 dollarin vedon ja n\u00e4et, ett\u00e4 kerroin on 2, voittosi on 200 dollaria. T\u00e4rkeint\u00e4 on nostaa rahat ennen kuin lentokone katoaa.<\/p>\n<h2><strong>Strategiat verkko- pelin Aviator pelaamiseen<\/strong><\/h2>\n<p>Aviatorissa on monia strategioita, jotka vaihtelevat varovaisista l\u00e4hestymistavoista, kuten pienien voittojen kiinnitt\u00e4misest\u00e4, riskialttiisiin tavoitteisiin korkeiden kerrointen saavuttamiseksi.<\/p>\n<p>Yksi suosittu taktiikka on jakaa vedot: tehd\u00e4 yksi veto alhaisella kertoimella vakauden varmistamiseksi ja toinen korkealla, tavoitteena suuri voitto. Automaattitoisto voi auttaa t\u00e4ss\u00e4, koska voit automaattisesti nostaa voitot matalalla kertoimella.<\/p>\n<h2><strong>Rekister\u00f6inti online-kasinolle pelaamaan Aviatoria<\/strong><\/h2>\n<p>Aloittaaksesi Aviatorin pelaamisen, sinun on suoritettava yksinkertainen rekister\u00f6inti valitsemasi online-kasinon verkkosivustolla. Sinun on annettava perustiedot itsest\u00e4si, vahvistettava s\u00e4hk\u00f6postiosoitteesi tai puhelinnumerosi ja mahdollisesti suoritettava tilin vahvistus.<\/p>\n<p>Suosittelemme tilin vahvistamista heti, koska t\u00e4m\u00e4 toimenpide on tarpeen ennen voittojen nostamista joka tapauksessa.<\/p>\n<h2><strong>Kuinka t\u00e4ytt\u00e4\u00e4 saldo ja nostaa voitot<\/strong><\/h2>\n<p>Saldon t\u00e4ytt\u00e4minen ja varojen nostaminen tapahtuu henkil\u00f6kohtaisen tilisi kautta kasinon verkkosivustolla. T\u00e4h\u00e4n tarjotaan erilaisia maksutapoja: pankkikortit, s\u00e4hk\u00f6iset lompakot, kryptovaluutat ja muut. Valitse haluamasi menetelm\u00e4, noudata ohjeita talletusten tai nostojen tekemiseen. Huomioi v\u00e4himm\u00e4istransaktiom\u00e4\u00e4r\u00e4t ja mahdolliset maksut.<\/p>\n<h2><strong>Bonukset Aviator-peliss\u00e4<\/strong><\/h2>\n<p>Online-kasinot tarjoavat usein bonuksia uusille ja vakituisille pelaajille. Aviatorissa t\u00e4m\u00e4 voi olla ensitalletusbonus, ilmaiset vedot tai k\u00e4teispalautus aktiivisesta pelist\u00e4. Hy\u00f6dynt\u00e4\u00e4ksesi bonuksia, tutustu ehdottomasti niiden saamisen ja kierr\u00e4tt\u00e4misen ehtoihin. Bonukset voivat merkitt\u00e4v\u00e4sti lis\u00e4t\u00e4 voittomahdollisuuksiasi ja tehd\u00e4 pelist\u00e4 entist\u00e4 j\u00e4nnitt\u00e4v\u00e4mm\u00e4n.<\/p>\n","protected":false},"excerpt":{"rendered":"<p>Aviator on verkossa pelattava lentosimulaattoripeli, joka on tullut suosituksi viime vuosina. Peli on lentosimulaatio, jossa jokainen kierros symboloi lentokoneen nousua ilmaan. Pelaajan p\u00e4\u00e4m\u00e4\u00e4r\u00e4n\u00e4 on asettaa veto ja onnistua lunastamaan voitot ennen kuin lentokone katoaa n\u00e4yt\u00f6lt\u00e4. Jos lentokone l\u00e4htee, se tarkoittaa tappiota, koska pelaaja ei onnistunut nostamaan vetoa. Teht\u00e4v\u00e4n\u00e4 on lunastaa voitot ennen kuin lentokone katoaa. [&hellip;]<\/p>\n","protected":false},"author":1,"featured_media":0,"parent":0,"menu_order":0,"comment_status":"closed","ping_status":"closed","template":"","meta":{"footnotes":""},"class_list":["post-7","page","type-page","status-publish","hentry"],"yoast_head":"<!-- This site is optimized with the Yoast SEO plugin v27.2 - https:\/\/yoast.com\/product\/yoast-seo-wordpress\/ -->\n<title>\u0418\u0433\u0440\u0430\u0442\u044c \u0432 \u043e\u043d\u043b\u0430\u0439\u043d \u0438\u0433\u0440\u0443 \u0410\u0432\u0438\u0430\u0442\u043e\u0440 \u0432 \u043a\u0430\u0437\u0438\u043d\u043e<\/title>\n<meta name=\"description\" content=\"Pelaa Aviatoria oikealla rahalla parhaissa nettikasinoissa. Kuinka pelata ja voittaa k\u00e4ytt\u00e4m\u00e4ll\u00e4 edullisia pelistrategioita. Rekister\u00f6inti, tallettaminen, voittojen nostaminen.\" \/>\n<meta name=\"robots\" content=\"index, follow, max-snippet:-1, max-image-preview:large, max-video-preview:-1\" \/>\n<link rel=\"canonical\" href=\"https:\/\/aviator-igra.net\/fi\/\" \/>\n<meta property=\"og:locale\" content=\"fi_FI\" \/>\n<meta property=\"og:locale:alternate\" content=\"ru_RU\" \/>\n<meta property=\"og:locale:alternate\" content=\"en_US\" \/>\n<meta property=\"og:locale:alternate\" content=\"pt_PT\" \/>\n<meta property=\"og:locale:alternate\" content=\"es_ES\" \/>\n<meta property=\"og:locale:alternate\" content=\"sr_RS\" \/>\n<meta property=\"og:locale:alternate\" content=\"bg_BG\" \/>\n<meta property=\"og:locale:alternate\" content=\"ro_RO\" \/>\n<meta property=\"og:locale:alternate\" content=\"uk\" \/>\n<meta property=\"og:locale:alternate\" content=\"bel\" \/>\n<meta property=\"og:locale:alternate\" content=\"ka_GE\" \/>\n<meta property=\"og:locale:alternate\" content=\"hy\" \/>\n<meta property=\"og:locale:alternate\" content=\"az\" \/>\n<meta property=\"og:locale:alternate\" content=\"kk\" \/>\n<meta property=\"og:locale:alternate\" content=\"ky_KY\" \/>\n<meta property=\"og:locale:alternate\" content=\"uz_UZ\" \/>\n<meta property=\"og:locale:alternate\" content=\"tg\" \/>\n<meta property=\"og:locale:alternate\" content=\"et\" \/>\n<meta property=\"og:locale:alternate\" content=\"lt_LT\" \/>\n<meta property=\"og:locale:alternate\" content=\"lv\" \/>\n<meta property=\"og:type\" content=\"article\" \/>\n<meta property=\"og:title\" content=\"\u0418\u0433\u0440\u0430\u0442\u044c \u0432 \u043e\u043d\u043b\u0430\u0439\u043d \u0438\u0433\u0440\u0443 \u0410\u0432\u0438\u0430\u0442\u043e\u0440 \u0432 \u043a\u0430\u0437\u0438\u043d\u043e\" \/>\n<meta property=\"og:description\" content=\"\u0418\u0433\u0440\u0430\u0442\u044c \u0432 \u0410\u0432\u0438\u0430\u0442\u043e\u0440 \u043d\u0430 \u0440\u0435\u0430\u043b\u044c\u043d\u044b\u0435 \u0434\u0435\u043d\u044c\u0433\u0438 \u0432 \u043b\u0443\u0447\u0448\u0438\u0445 \u043e\u043d\u043b\u0430\u0439\u043d \u043a\u0430\u0437\u0438\u043d\u043e. \u041a\u0430\u043a \u0438\u0433\u0440\u0430\u0442\u044c \u0438 \u043f\u043e\u0431\u0435\u0436\u0434\u0430\u0442\u044c, \u0438\u0441\u043f\u043e\u043b\u044c\u0437\u0443\u044f \u0432\u044b\u0433\u043e\u0434\u043d\u044b\u0435 \u0441\u0442\u0440\u0430\u0442\u0435\u0433\u0438\u0438 \u0438\u0433\u0440\u044b. \u0420\u0435\u0433\u0438\u0441\u0442\u0440\u0430\u0446\u0438\u044f, \u043f\u043e\u043f\u043e\u043b\u043d\u0435\u043d\u0438\u0435 \u0434\u0435\u043f\u043e\u0437\u0438\u0442\u0430, \u0432\u044b\u0432\u043e\u0434 \u0432\u044b\u0438\u0433\u0440\u044b\u0448\u0430\" \/>\n<meta property=\"og:url\" content=\"https:\/\/aviator-igra.net\/fi\/\" \/>\n<meta property=\"og:site_name\" content=\"Aviator\" \/>\n<meta property=\"article:modified_time\" content=\"2024-03-15T00:42:08+00:00\" \/>\n<meta name=\"twitter:card\" content=\"summary_large_image\" \/>\n<meta name=\"twitter:label1\" content=\"Arvioitu lukuaika\" \/>\n\t<meta name=\"twitter:data1\" content=\"33 minuuttia\" \/>\n<script type=\"application\/ld+json\" class=\"yoast-schema-graph\">{\"@context\":\"https:\/\/schema.org\",\"@graph\":[{\"@type\":\"WebPage\",\"@id\":\"https:\/\/aviator-igra.net\/\",\"url\":\"https:\/\/aviator-igra.net\/\",\"name\":\"\u0418\u0433\u0440\u0430\u0442\u044c \u0432 \u043e\u043d\u043b\u0430\u0439\u043d \u0438\u0433\u0440\u0443 \u0410\u0432\u0438\u0430\u0442\u043e\u0440 \u0432 \u043a\u0430\u0437\u0438\u043d\u043e\",\"isPartOf\":{\"@id\":\"https:\/\/aviator-igra.net\/#website\"},\"datePublished\":\"2024-03-11T18:16:05+00:00\",\"dateModified\":\"2024-03-15T00:42:08+00:00\",\"description\":\"\u0418\u0433\u0440\u0430\u0442\u044c \u0432 \u0410\u0432\u0438\u0430\u0442\u043e\u0440 \u043d\u0430 \u0440\u0435\u0430\u043b\u044c\u043d\u044b\u0435 \u0434\u0435\u043d\u044c\u0433\u0438 \u0432 \u043b\u0443\u0447\u0448\u0438\u0445 \u043e\u043d\u043b\u0430\u0439\u043d \u043a\u0430\u0437\u0438\u043d\u043e. \u041a\u0430\u043a \u0438\u0433\u0440\u0430\u0442\u044c \u0438 \u043f\u043e\u0431\u0435\u0436\u0434\u0430\u0442\u044c, \u0438\u0441\u043f\u043e\u043b\u044c\u0437\u0443\u044f \u0432\u044b\u0433\u043e\u0434\u043d\u044b\u0435 \u0441\u0442\u0440\u0430\u0442\u0435\u0433\u0438\u0438 \u0438\u0433\u0440\u044b. \u0420\u0435\u0433\u0438\u0441\u0442\u0440\u0430\u0446\u0438\u044f, \u043f\u043e\u043f\u043e\u043b\u043d\u0435\u043d\u0438\u0435 \u0434\u0435\u043f\u043e\u0437\u0438\u0442\u0430, \u0432\u044b\u0432\u043e\u0434 \u0432\u044b\u0438\u0433\u0440\u044b\u0448\u0430\",\"breadcrumb\":{\"@id\":\"https:\/\/aviator-igra.net\/#breadcrumb\"},\"inLanguage\":\"fi\",\"potentialAction\":[{\"@type\":\"ReadAction\",\"target\":[\"https:\/\/aviator-igra.net\/\"]}]},{\"@type\":\"BreadcrumbList\",\"@id\":\"https:\/\/aviator-igra.net\/#breadcrumb\",\"itemListElement\":[{\"@type\":\"ListItem\",\"position\":1,\"name\":\"Home\",\"item\":\"https:\/\/aviator-igra.net\/\"},{\"@type\":\"ListItem\",\"position\":2,\"name\":\"\u0427\u0442\u043e \u0442\u0430\u043a\u043e\u0435 \u043e\u043d\u043b\u0430\u0439\u043d \u0438\u0433\u0440\u0430 \u0410\u0432\u0438\u0430\u0442\u043e\u0440?\"}]},{\"@type\":\"WebSite\",\"@id\":\"https:\/\/aviator-igra.net\/#website\",\"url\":\"https:\/\/aviator-igra.net\/\",\"name\":\"Aviator\",\"description\":\"\",\"publisher\":{\"@id\":\"https:\/\/aviator-igra.net\/#organization\"},\"potentialAction\":[{\"@type\":\"SearchAction\",\"target\":{\"@type\":\"EntryPoint\",\"urlTemplate\":\"https:\/\/aviator-igra.net\/?s={search_term_string}\"},\"query-input\":{\"@type\":\"PropertyValueSpecification\",\"valueRequired\":true,\"valueName\":\"search_term_string\"}}],\"inLanguage\":\"fi\"},{\"@type\":\"Organization\",\"@id\":\"https:\/\/aviator-igra.net\/#organization\",\"name\":\"Aviator\",\"url\":\"https:\/\/aviator-igra.net\/\",\"logo\":{\"@type\":\"ImageObject\",\"inLanguage\":\"fi\",\"@id\":\"https:\/\/aviator-igra.net\/#\/schema\/logo\/image\/\",\"url\":\"https:\/\/aviator-igra.net\/wp-content\/uploads\/Aviator-logo.png\",\"contentUrl\":\"https:\/\/aviator-igra.net\/wp-content\/uploads\/Aviator-logo.png\",\"width\":350,\"height\":90,\"caption\":\"Aviator\"},\"image\":{\"@id\":\"https:\/\/aviator-igra.net\/#\/schema\/logo\/image\/\"}}]}<\/script>\n<!-- \/ Yoast SEO plugin. -->","yoast_head_json":{"title":"\u0418\u0433\u0440\u0430\u0442\u044c \u0432 \u043e\u043d\u043b\u0430\u0439\u043d \u0438\u0433\u0440\u0443 \u0410\u0432\u0438\u0430\u0442\u043e\u0440 \u0432 \u043a\u0430\u0437\u0438\u043d\u043e","description":"Pelaa Aviatoria oikealla rahalla parhaissa nettikasinoissa. Kuinka pelata ja voittaa k\u00e4ytt\u00e4m\u00e4ll\u00e4 edullisia pelistrategioita. Rekister\u00f6inti, tallettaminen, voittojen nostaminen.","robots":{"index":"index","follow":"follow","max-snippet":"max-snippet:-1","max-image-preview":"max-image-preview:large","max-video-preview":"max-video-preview:-1"},"canonical":"https:\/\/aviator-igra.net\/fi\/","og_locale":"fi_FI","og_type":"article","og_title":"\u0418\u0433\u0440\u0430\u0442\u044c \u0432 \u043e\u043d\u043b\u0430\u0439\u043d \u0438\u0433\u0440\u0443 \u0410\u0432\u0438\u0430\u0442\u043e\u0440 \u0432 \u043a\u0430\u0437\u0438\u043d\u043e","og_description":"\u0418\u0433\u0440\u0430\u0442\u044c \u0432 \u0410\u0432\u0438\u0430\u0442\u043e\u0440 \u043d\u0430 \u0440\u0435\u0430\u043b\u044c\u043d\u044b\u0435 \u0434\u0435\u043d\u044c\u0433\u0438 \u0432 \u043b\u0443\u0447\u0448\u0438\u0445 \u043e\u043d\u043b\u0430\u0439\u043d \u043a\u0430\u0437\u0438\u043d\u043e. \u041a\u0430\u043a \u0438\u0433\u0440\u0430\u0442\u044c \u0438 \u043f\u043e\u0431\u0435\u0436\u0434\u0430\u0442\u044c, \u0438\u0441\u043f\u043e\u043b\u044c\u0437\u0443\u044f \u0432\u044b\u0433\u043e\u0434\u043d\u044b\u0435 \u0441\u0442\u0440\u0430\u0442\u0435\u0433\u0438\u0438 \u0438\u0433\u0440\u044b. \u0420\u0435\u0433\u0438\u0441\u0442\u0440\u0430\u0446\u0438\u044f, \u043f\u043e\u043f\u043e\u043b\u043d\u0435\u043d\u0438\u0435 \u0434\u0435\u043f\u043e\u0437\u0438\u0442\u0430, \u0432\u044b\u0432\u043e\u0434 \u0432\u044b\u0438\u0433\u0440\u044b\u0448\u0430","og_url":"https:\/\/aviator-igra.net\/fi\/","og_site_name":"Aviator","article_modified_time":"2024-03-15T00:42:08+00:00","twitter_card":"summary_large_image","twitter_misc":{"Arvioitu lukuaika":"33 minuuttia"},"schema":{"@context":"https:\/\/schema.org","@graph":[{"@type":"WebPage","@id":"https:\/\/aviator-igra.net\/","url":"https:\/\/aviator-igra.net\/","name":"\u0418\u0433\u0440\u0430\u0442\u044c \u0432 \u043e\u043d\u043b\u0430\u0439\u043d \u0438\u0433\u0440\u0443 \u0410\u0432\u0438\u0430\u0442\u043e\u0440 \u0432 \u043a\u0430\u0437\u0438\u043d\u043e","isPartOf":{"@id":"https:\/\/aviator-igra.net\/#website"},"datePublished":"2024-03-11T18:16:05+00:00","dateModified":"2024-03-15T00:42:08+00:00","description":"\u0418\u0433\u0440\u0430\u0442\u044c \u0432 \u0410\u0432\u0438\u0430\u0442\u043e\u0440 \u043d\u0430 \u0440\u0435\u0430\u043b\u044c\u043d\u044b\u0435 \u0434\u0435\u043d\u044c\u0433\u0438 \u0432 \u043b\u0443\u0447\u0448\u0438\u0445 \u043e\u043d\u043b\u0430\u0439\u043d \u043a\u0430\u0437\u0438\u043d\u043e. \u041a\u0430\u043a \u0438\u0433\u0440\u0430\u0442\u044c \u0438 \u043f\u043e\u0431\u0435\u0436\u0434\u0430\u0442\u044c, \u0438\u0441\u043f\u043e\u043b\u044c\u0437\u0443\u044f \u0432\u044b\u0433\u043e\u0434\u043d\u044b\u0435 \u0441\u0442\u0440\u0430\u0442\u0435\u0433\u0438\u0438 \u0438\u0433\u0440\u044b. \u0420\u0435\u0433\u0438\u0441\u0442\u0440\u0430\u0446\u0438\u044f, \u043f\u043e\u043f\u043e\u043b\u043d\u0435\u043d\u0438\u0435 \u0434\u0435\u043f\u043e\u0437\u0438\u0442\u0430, \u0432\u044b\u0432\u043e\u0434 \u0432\u044b\u0438\u0433\u0440\u044b\u0448\u0430","breadcrumb":{"@id":"https:\/\/aviator-igra.net\/#breadcrumb"},"inLanguage":"fi","potentialAction":[{"@type":"ReadAction","target":["https:\/\/aviator-igra.net\/"]}]},{"@type":"BreadcrumbList","@id":"https:\/\/aviator-igra.net\/#breadcrumb","itemListElement":[{"@type":"ListItem","position":1,"name":"Home","item":"https:\/\/aviator-igra.net\/"},{"@type":"ListItem","position":2,"name":"\u0427\u0442\u043e \u0442\u0430\u043a\u043e\u0435 \u043e\u043d\u043b\u0430\u0439\u043d \u0438\u0433\u0440\u0430 \u0410\u0432\u0438\u0430\u0442\u043e\u0440?"}]},{"@type":"WebSite","@id":"https:\/\/aviator-igra.net\/#website","url":"https:\/\/aviator-igra.net\/","name":"Aviator","description":"","publisher":{"@id":"https:\/\/aviator-igra.net\/#organization"},"potentialAction":[{"@type":"SearchAction","target":{"@type":"EntryPoint","urlTemplate":"https:\/\/aviator-igra.net\/?s={search_term_string}"},"query-input":{"@type":"PropertyValueSpecification","valueRequired":true,"valueName":"search_term_string"}}],"inLanguage":"fi"},{"@type":"Organization","@id":"https:\/\/aviator-igra.net\/#organization","name":"Aviator","url":"https:\/\/aviator-igra.net\/","logo":{"@type":"ImageObject","inLanguage":"fi","@id":"https:\/\/aviator-igra.net\/#\/schema\/logo\/image\/","url":"https:\/\/aviator-igra.net\/wp-content\/uploads\/Aviator-logo.png","contentUrl":"https:\/\/aviator-igra.net\/wp-content\/uploads\/Aviator-logo.png","width":350,"height":90,"caption":"Aviator"},"image":{"@id":"https:\/\/aviator-igra.net\/#\/schema\/logo\/image\/"}}]}},"_links":{"self":[{"href":"https:\/\/aviator-igra.net\/fi\/wp-json\/wp\/v2\/pages\/7","targetHints":{"allow":["GET"]}}],"collection":[{"href":"https:\/\/aviator-igra.net\/fi\/wp-json\/wp\/v2\/pages"}],"about":[{"href":"https:\/\/aviator-igra.net\/fi\/wp-json\/wp\/v2\/types\/page"}],"author":[{"embeddable":true,"href":"https:\/\/aviator-igra.net\/fi\/wp-json\/wp\/v2\/users\/1"}],"replies":[{"embeddable":true,"href":"https:\/\/aviator-igra.net\/fi\/wp-json\/wp\/v2\/comments?post=7"}],"version-history":[{"count":42,"href":"https:\/\/aviator-igra.net\/fi\/wp-json\/wp\/v2\/pages\/7\/revisions"}],"predecessor-version":[{"id":128,"href":"https:\/\/aviator-igra.net\/fi\/wp-json\/wp\/v2\/pages\/7\/revisions\/128"}],"wp:attachment":[{"href":"https:\/\/aviator-igra.net\/fi\/wp-json\/wp\/v2\/media?parent=7"}],"curies":[{"name":"wp","href":"https:\/\/api.w.org\/{rel}","templated":true}]}}