{"id":15,"date":"2024-03-11T21:19:08","date_gmt":"2024-03-11T18:19:08","guid":{"rendered":"https:\/\/aviator-igra.net\/?page_id=15"},"modified":"2024-03-14T21:05:49","modified_gmt":"2024-03-14T18:05:49","slug":"register","status":"publish","type":"page","link":"https:\/\/aviator-igra.net\/fi\/register\/","title":{"rendered":"Rekister\u00f6ityminen kasinolle Aviatorin pelaamiseksi"},"content":{"rendered":"<p>Jos olet p\u00e4\u00e4tt\u00e4nyt pelata Aviatoria, ensimm\u00e4inen askel on rekister\u00f6ity\u00e4 kasinolle. Verkossa kasinon valitseminen on toinen asia, eik\u00e4 me kosketa valintakriteereihin. Anna meid\u00e4n opastaa sinut l\u00e4pi kaikki rekister\u00f6itymisen vaiheet online-kasinolla &#8211; rekister\u00f6itymisest\u00e4 Aviatorin ensilennolle.<\/p>\n<h2><strong>Rekister\u00f6intimenetelm\u00e4t kasinolla<\/strong><\/h2>\n<p>Verkossa kasinoon rekister\u00f6ityminen on ensimm\u00e4inen askel pelaamiseen. Yleens\u00e4 ilman rekister\u00f6itymist\u00e4 et voi pelata lainkaan tai oikealla rahalla. Kasinot tarjoavat yleens\u00e4 useita rekister\u00f6intimenetelmi\u00e4:<\/p>\n<ul>\n<li><strong>S\u00e4hk\u00f6postin kautta:<\/strong><br \/>\nSinun on annettava s\u00e4hk\u00f6postiosoitteesi ja luotava salasana. T\u00e4ytetty\u00e4si lomakkeen tarkista s\u00e4hk\u00f6postisi rekister\u00f6itymisen vahvistamiseksi. Sinun on annettava saamasi s\u00e4hk\u00f6postissa oleva koodi tai klikattava linkki\u00e4.<\/li>\n<li><strong>Sosiaalisten verkostojen kautta:<\/strong><br \/>\nMonet kasinot mahdollistavat sosiaalisen verkoston tilin k\u00e4yt\u00f6n nopeaan rekister\u00f6itymiseen. Se on k\u00e4tev\u00e4\u00e4 ja s\u00e4\u00e4st\u00e4\u00e4 aikaa. T\u00e4m\u00e4 ei kuitenkaan vapauta sinua tilin rekister\u00f6intiprosessista.<\/li>\n<li><strong>Puhelinnumeron kautta:<\/strong><br \/>\nSy\u00f6t\u00e4 puhelinnumerosi, ja rekister\u00f6innin vahvistuskoodi l\u00e4hetet\u00e4\u00e4n siihen. Sen j\u00e4lkeen sinun on t\u00e4ytett\u00e4v\u00e4 kaikki perustiedot itsest\u00e4si, mukaan lukien nimesi, syntym\u00e4aikasi ja muut tiedot.<\/li>\n<\/ul>\n<p>Valitse sinulle sopivin tapa ja aloita rekister\u00f6intiprosessi. Yleens\u00e4 rekister\u00f6ityminen kasinon virallisilla verkkosivuilla kest\u00e4\u00e4 enint\u00e4\u00e4n 2 minuuttia.<\/p>\n<h2><strong>Tilin vahvistamisen tarve<\/strong><\/h2>\n<p>Rekister\u00f6innin j\u00e4lkeen saatat joutua vahvistamaan tilisi. T\u00e4m\u00e4 on t\u00e4rke\u00e4\u00e4 tilisi ja varojesi turvallisuuden varmistamiseksi sek\u00e4 henkil\u00f6llisyytesi vahvistamiseksi. Vahvistus auttaa est\u00e4m\u00e4\u00e4n petoksia ja varmistamaan, ett\u00e4 voitot maksetaan laillisten omistajien tilille.<\/p>\n<p>Vahvistaaksesi sinun on annettava:<\/p>\n<ul>\n<li>Passin tai muun henkil\u00f6llisyystodistuksen valokuva tai skannaus.<\/li>\n<li>Asuinpaikkasi osoitetta koskevat asiakirjat.<\/li>\n<li>Talletettujen varojen kuvakaappaukset tai valokuvat varojen l\u00e4hteen vahvistamiseksi.<\/li>\n<\/ul>\n<p>Monet pelaajat ajattelevat, ett\u00e4 vahvistus ei ole niin t\u00e4rke\u00e4\u00e4, mutta t\u00e4m\u00e4 on harhaluulo. Mik\u00e4\u00e4n kasino ei luota niin paljon pelaajiin, jotka eiv\u00e4t ole k\u00e4yneet l\u00e4pi vahvistusprosessia. Jos voitat suuren summan rahaa, kasinolla on v\u00e4hemm\u00e4n syit\u00e4 olla maksamatta voittoasi.<\/p>\n<h2><strong>Talletuksen tekeminen<\/strong><\/h2>\n<p>Kun tilisi on luotu ja vahvistettu, on aika t\u00e4ytt\u00e4\u00e4 saldoa. Kasinot tarjoavat erilaisia tapoja talletusten tekemiseen:<\/p>\n<ul>\n<li>Luottokortit: Visa, MasterCard &#8211; klassinen ja yleisin vaihtoehto.<\/li>\n<li>S\u00e4hk\u00f6iset lompakot: Skrill, Neteller, PayPal ja muut suositut j\u00e4rjestelm\u00e4t nopeille tapahtumille.<\/li>\n<li>Kryptovaluutat: Bitcoin, Ethereum ja muut kryptovaluutat ovat yh\u00e4 suositumpia anonymiteetin ja turvallisuuden vuoksi.<\/li>\n<\/ul>\n<p>Yleens\u00e4 kaikki maksutavat sis\u00e4lt\u00e4v\u00e4t kaikki kolme vaihtoehtoa. Valitse sinulle sopivin tapa ja seuraa kasinon ohjeita.<\/p>\n<h2><strong>Voittojen nostaminen<\/strong><\/h2>\n<p>Kun olet ker\u00e4nnyt voittoja, on aika nostaa ne. Prosessi on samanlainen kuin talletuksen tekeminen, mutta pid\u00e4 mieless\u00e4, ett\u00e4 kasinot voivat pyyt\u00e4\u00e4 lis\u00e4vahvistusta ennen ensimm\u00e4ist\u00e4 nostoa. Ensimm\u00e4inen nosto on vaikein.<\/p>\n<p>Valitse haluamasi nostotapa, joka voi sis\u00e4lt\u00e4\u00e4 pankkikortit, s\u00e4hk\u00f6iset lompakot tai kryptovaluutat, ja noudata kasinon prosessia onnistuneen siirron varmistamiseksi tilillesi.<\/p>\n","protected":false},"excerpt":{"rendered":"<p>Jos olet p\u00e4\u00e4tt\u00e4nyt pelata Aviatoria, ensimm\u00e4inen askel on rekister\u00f6ity\u00e4 kasinolle. Verkossa kasinon valitseminen on toinen asia, eik\u00e4 me kosketa valintakriteereihin. Anna meid\u00e4n opastaa sinut l\u00e4pi kaikki rekister\u00f6itymisen vaiheet online-kasinolla &#8211; rekister\u00f6itymisest\u00e4 Aviatorin ensilennolle. Rekister\u00f6intimenetelm\u00e4t kasinolla Verkossa kasinoon rekister\u00f6ityminen on ensimm\u00e4inen askel pelaamiseen. Yleens\u00e4 ilman rekister\u00f6itymist\u00e4 et voi pelata lainkaan tai oikealla rahalla. Kasinot tarjoavat yleens\u00e4 [&hellip;]<\/p>\n","protected":false},"author":1,"featured_media":0,"parent":0,"menu_order":0,"comment_status":"closed","ping_status":"closed","template":"","meta":{"footnotes":""},"class_list":["post-15","page","type-page","status-publish","hentry"],"yoast_head":"<!-- This site is optimized with the Yoast SEO plugin v27.2 - https:\/\/yoast.com\/product\/yoast-seo-wordpress\/ -->\n<title>\u0544\u056b\u0561\u0581\u0576\u0565\u056c\u0578\u0582 \u0561\u0576\u056c\u0561\u0580 \u056d\u0561\u0572\u0561\u0572\u0578\u0582\u0569\u0575\u0561\u0576 \u0570\u0561\u0574\u0561\u0580 \u0585\u0576\u056c\u0561\u0575\u0576 \u056f\u0561\u0566\u056b\u0576\u0578\u0582\u0578\u0582\u0574:<\/title>\n<meta name=\"description\" content=\"T\u00e4yt\u00e4 rekister\u00f6inti virallisella online-kasinon verkkosivustolla Aviatorin pelaamiseksi. Tee talletus ja nosta voitot. Pelaajan tilin varmennus.\" \/>\n<meta name=\"robots\" content=\"index, follow, max-snippet:-1, max-image-preview:large, max-video-preview:-1\" \/>\n<link rel=\"canonical\" href=\"https:\/\/aviator-igra.net\/fi\/register\/\" \/>\n<meta property=\"og:locale\" content=\"fi_FI\" \/>\n<meta property=\"og:locale:alternate\" content=\"ru_RU\" \/>\n<meta property=\"og:locale:alternate\" content=\"en_US\" \/>\n<meta property=\"og:locale:alternate\" content=\"pt_PT\" \/>\n<meta property=\"og:locale:alternate\" content=\"es_ES\" \/>\n<meta property=\"og:locale:alternate\" content=\"sr_RS\" \/>\n<meta property=\"og:locale:alternate\" content=\"bg_BG\" \/>\n<meta property=\"og:locale:alternate\" content=\"ro_RO\" \/>\n<meta property=\"og:locale:alternate\" content=\"uk\" \/>\n<meta property=\"og:locale:alternate\" content=\"bel\" \/>\n<meta property=\"og:locale:alternate\" content=\"ka_GE\" \/>\n<meta property=\"og:locale:alternate\" content=\"hy\" \/>\n<meta property=\"og:locale:alternate\" content=\"az\" \/>\n<meta property=\"og:locale:alternate\" content=\"kk\" \/>\n<meta property=\"og:locale:alternate\" content=\"ky_KY\" \/>\n<meta property=\"og:locale:alternate\" content=\"uz_UZ\" \/>\n<meta property=\"og:locale:alternate\" content=\"tg\" \/>\n<meta property=\"og:locale:alternate\" content=\"et\" \/>\n<meta property=\"og:locale:alternate\" content=\"lt_LT\" \/>\n<meta property=\"og:locale:alternate\" content=\"lv\" \/>\n<meta property=\"og:type\" content=\"article\" \/>\n<meta property=\"og:title\" content=\"\u0544\u056b\u0561\u0581\u0576\u0565\u056c\u0578\u0582 \u0561\u0576\u056c\u0561\u0580 \u056d\u0561\u0572\u0561\u0572\u0578\u0582\u0569\u0575\u0561\u0576 \u0570\u0561\u0574\u0561\u0580 \u0585\u0576\u056c\u0561\u0575\u0576 \u056f\u0561\u0566\u056b\u0576\u0578\u0582\u0578\u0582\u0574:\" \/>\n<meta property=\"og:description\" content=\"\u0531\u057e\u0561\u057f\u0561\u0580\u0578\u057e \u056d\u0561\u0572\u0561\u056c\u0578\u0582 \u0570\u0561\u0574\u0561\u0580 \u0569\u0578\u0582\u0575\u056c\u0561\u057f\u0580\u0565\u056c\u0578\u0582 \u056f\u0561\u0575\u0584\u056b \u057a\u0561\u057f\u0573\u0561\u057c\u0578\u057e \u0563\u0580\u0561\u0576\u0581\u057e\u0565\u056c: \u053f\u0561\u057f\u0561\u0580\u0565\u056c \u0564\u0565\u057a\u0578\u0566\u056b\u057f\u0568 \u0587 \u057e\u0573\u0561\u0580\u0565\u056c \u0570\u0561\u0572\u0578\u0580\u0564\u0561\u0563\u0580\u0561\u056e\u0568: \u053d\u0561\u0572\u0561\u0580\u056f\u0578\u0582\u0569\u0575\u0561\u0576 \u0561\u056f\u057f\u056b\u057e\u0561\u0581\u0578\u0582\u0574:\" \/>\n<meta property=\"og:url\" content=\"https:\/\/aviator-igra.net\/fi\/register\/\" \/>\n<meta property=\"og:site_name\" content=\"Aviator\" \/>\n<meta property=\"article:modified_time\" content=\"2024-03-14T18:05:49+00:00\" \/>\n<meta name=\"twitter:card\" content=\"summary_large_image\" \/>\n<meta name=\"twitter:label1\" content=\"Arvioitu lukuaika\" \/>\n\t<meta name=\"twitter:data1\" content=\"28 minuuttia\" \/>\n<script type=\"application\/ld+json\" class=\"yoast-schema-graph\">{\"@context\":\"https:\/\/schema.org\",\"@graph\":[{\"@type\":\"WebPage\",\"@id\":\"https:\/\/aviator-igra.net\/hy\/register\/\",\"url\":\"https:\/\/aviator-igra.net\/hy\/register\/\",\"name\":\"\u0544\u056b\u0561\u0581\u0576\u0565\u056c\u0578\u0582 \u0561\u0576\u056c\u0561\u0580 \u056d\u0561\u0572\u0561\u0572\u0578\u0582\u0569\u0575\u0561\u0576 \u0570\u0561\u0574\u0561\u0580 \u0585\u0576\u056c\u0561\u0575\u0576 \u056f\u0561\u0566\u056b\u0576\u0578\u0582\u0578\u0582\u0574:\",\"isPartOf\":{\"@id\":\"https:\/\/aviator-igra.net\/#website\"},\"datePublished\":\"2024-03-11T18:19:08+00:00\",\"dateModified\":\"2024-03-14T18:05:49+00:00\",\"description\":\"\u0531\u057e\u0561\u057f\u0561\u0580\u0578\u057e \u056d\u0561\u0572\u0561\u056c\u0578\u0582 \u0570\u0561\u0574\u0561\u0580 \u0569\u0578\u0582\u0575\u056c\u0561\u057f\u0580\u0565\u056c\u0578\u0582 \u056f\u0561\u0575\u0584\u056b \u057a\u0561\u057f\u0573\u0561\u057c\u0578\u057e \u0563\u0580\u0561\u0576\u0581\u057e\u0565\u056c: \u053f\u0561\u057f\u0561\u0580\u0565\u056c \u0564\u0565\u057a\u0578\u0566\u056b\u057f\u0568 \u0587 \u057e\u0573\u0561\u0580\u0565\u056c \u0570\u0561\u0572\u0578\u0580\u0564\u0561\u0563\u0580\u0561\u056e\u0568: \u053d\u0561\u0572\u0561\u0580\u056f\u0578\u0582\u0569\u0575\u0561\u0576 \u0561\u056f\u057f\u056b\u057e\u0561\u0581\u0578\u0582\u0574:\",\"breadcrumb\":{\"@id\":\"https:\/\/aviator-igra.net\/hy\/register\/#breadcrumb\"},\"inLanguage\":\"fi\",\"potentialAction\":[{\"@type\":\"ReadAction\",\"target\":[\"https:\/\/aviator-igra.net\/hy\/register\/\"]}]},{\"@type\":\"BreadcrumbList\",\"@id\":\"https:\/\/aviator-igra.net\/hy\/register\/#breadcrumb\",\"itemListElement\":[{\"@type\":\"ListItem\",\"position\":1,\"name\":\"Home\",\"item\":\"https:\/\/aviator-igra.net\/\"},{\"@type\":\"ListItem\",\"position\":2,\"name\":\"\u0533\u0580\u0561\u0576\u0581\u0578\u0582\u0574 \u056f\u0561\u0566\u056b\u0576\u0578\u0578\u0582\u0574 \u0555\u0564\u0561\u0576\u0561\u057e\u0561\u056f\u0561\u0575\u056b\u0576 \u0561\u057c\u0561\u057b\u0561\u0580\u056f\u0578\u0582\u0574 \u056d\u0561\u0572\u0561\u056c\u0578\u0582 \u0570\u0561\u0574\u0561\u0580\u0589\"}]},{\"@type\":\"WebSite\",\"@id\":\"https:\/\/aviator-igra.net\/#website\",\"url\":\"https:\/\/aviator-igra.net\/\",\"name\":\"Aviator\",\"description\":\"\",\"publisher\":{\"@id\":\"https:\/\/aviator-igra.net\/#organization\"},\"potentialAction\":[{\"@type\":\"SearchAction\",\"target\":{\"@type\":\"EntryPoint\",\"urlTemplate\":\"https:\/\/aviator-igra.net\/?s={search_term_string}\"},\"query-input\":{\"@type\":\"PropertyValueSpecification\",\"valueRequired\":true,\"valueName\":\"search_term_string\"}}],\"inLanguage\":\"fi\"},{\"@type\":\"Organization\",\"@id\":\"https:\/\/aviator-igra.net\/#organization\",\"name\":\"Aviator\",\"url\":\"https:\/\/aviator-igra.net\/\",\"logo\":{\"@type\":\"ImageObject\",\"inLanguage\":\"fi\",\"@id\":\"https:\/\/aviator-igra.net\/#\/schema\/logo\/image\/\",\"url\":\"https:\/\/aviator-igra.net\/wp-content\/uploads\/Aviator-logo.png\",\"contentUrl\":\"https:\/\/aviator-igra.net\/wp-content\/uploads\/Aviator-logo.png\",\"width\":350,\"height\":90,\"caption\":\"Aviator\"},\"image\":{\"@id\":\"https:\/\/aviator-igra.net\/#\/schema\/logo\/image\/\"}}]}<\/script>\n<!-- \/ Yoast SEO plugin. -->","yoast_head_json":{"title":"\u0544\u056b\u0561\u0581\u0576\u0565\u056c\u0578\u0582 \u0561\u0576\u056c\u0561\u0580 \u056d\u0561\u0572\u0561\u0572\u0578\u0582\u0569\u0575\u0561\u0576 \u0570\u0561\u0574\u0561\u0580 \u0585\u0576\u056c\u0561\u0575\u0576 \u056f\u0561\u0566\u056b\u0576\u0578\u0582\u0578\u0582\u0574:","description":"T\u00e4yt\u00e4 rekister\u00f6inti virallisella online-kasinon verkkosivustolla Aviatorin pelaamiseksi. Tee talletus ja nosta voitot. Pelaajan tilin varmennus.","robots":{"index":"index","follow":"follow","max-snippet":"max-snippet:-1","max-image-preview":"max-image-preview:large","max-video-preview":"max-video-preview:-1"},"canonical":"https:\/\/aviator-igra.net\/fi\/register\/","og_locale":"fi_FI","og_type":"article","og_title":"\u0544\u056b\u0561\u0581\u0576\u0565\u056c\u0578\u0582 \u0561\u0576\u056c\u0561\u0580 \u056d\u0561\u0572\u0561\u0572\u0578\u0582\u0569\u0575\u0561\u0576 \u0570\u0561\u0574\u0561\u0580 \u0585\u0576\u056c\u0561\u0575\u0576 \u056f\u0561\u0566\u056b\u0576\u0578\u0582\u0578\u0582\u0574:","og_description":"\u0531\u057e\u0561\u057f\u0561\u0580\u0578\u057e \u056d\u0561\u0572\u0561\u056c\u0578\u0582 \u0570\u0561\u0574\u0561\u0580 \u0569\u0578\u0582\u0575\u056c\u0561\u057f\u0580\u0565\u056c\u0578\u0582 \u056f\u0561\u0575\u0584\u056b \u057a\u0561\u057f\u0573\u0561\u057c\u0578\u057e \u0563\u0580\u0561\u0576\u0581\u057e\u0565\u056c: \u053f\u0561\u057f\u0561\u0580\u0565\u056c \u0564\u0565\u057a\u0578\u0566\u056b\u057f\u0568 \u0587 \u057e\u0573\u0561\u0580\u0565\u056c \u0570\u0561\u0572\u0578\u0580\u0564\u0561\u0563\u0580\u0561\u056e\u0568: \u053d\u0561\u0572\u0561\u0580\u056f\u0578\u0582\u0569\u0575\u0561\u0576 \u0561\u056f\u057f\u056b\u057e\u0561\u0581\u0578\u0582\u0574:","og_url":"https:\/\/aviator-igra.net\/fi\/register\/","og_site_name":"Aviator","article_modified_time":"2024-03-14T18:05:49+00:00","twitter_card":"summary_large_image","twitter_misc":{"Arvioitu lukuaika":"28 minuuttia"},"schema":{"@context":"https:\/\/schema.org","@graph":[{"@type":"WebPage","@id":"https:\/\/aviator-igra.net\/hy\/register\/","url":"https:\/\/aviator-igra.net\/hy\/register\/","name":"\u0544\u056b\u0561\u0581\u0576\u0565\u056c\u0578\u0582 \u0561\u0576\u056c\u0561\u0580 \u056d\u0561\u0572\u0561\u0572\u0578\u0582\u0569\u0575\u0561\u0576 \u0570\u0561\u0574\u0561\u0580 \u0585\u0576\u056c\u0561\u0575\u0576 \u056f\u0561\u0566\u056b\u0576\u0578\u0582\u0578\u0582\u0574:","isPartOf":{"@id":"https:\/\/aviator-igra.net\/#website"},"datePublished":"2024-03-11T18:19:08+00:00","dateModified":"2024-03-14T18:05:49+00:00","description":"\u0531\u057e\u0561\u057f\u0561\u0580\u0578\u057e \u056d\u0561\u0572\u0561\u056c\u0578\u0582 \u0570\u0561\u0574\u0561\u0580 \u0569\u0578\u0582\u0575\u056c\u0561\u057f\u0580\u0565\u056c\u0578\u0582 \u056f\u0561\u0575\u0584\u056b \u057a\u0561\u057f\u0573\u0561\u057c\u0578\u057e \u0563\u0580\u0561\u0576\u0581\u057e\u0565\u056c: \u053f\u0561\u057f\u0561\u0580\u0565\u056c \u0564\u0565\u057a\u0578\u0566\u056b\u057f\u0568 \u0587 \u057e\u0573\u0561\u0580\u0565\u056c \u0570\u0561\u0572\u0578\u0580\u0564\u0561\u0563\u0580\u0561\u056e\u0568: \u053d\u0561\u0572\u0561\u0580\u056f\u0578\u0582\u0569\u0575\u0561\u0576 \u0561\u056f\u057f\u056b\u057e\u0561\u0581\u0578\u0582\u0574:","breadcrumb":{"@id":"https:\/\/aviator-igra.net\/hy\/register\/#breadcrumb"},"inLanguage":"fi","potentialAction":[{"@type":"ReadAction","target":["https:\/\/aviator-igra.net\/hy\/register\/"]}]},{"@type":"BreadcrumbList","@id":"https:\/\/aviator-igra.net\/hy\/register\/#breadcrumb","itemListElement":[{"@type":"ListItem","position":1,"name":"Home","item":"https:\/\/aviator-igra.net\/"},{"@type":"ListItem","position":2,"name":"\u0533\u0580\u0561\u0576\u0581\u0578\u0582\u0574 \u056f\u0561\u0566\u056b\u0576\u0578\u0578\u0582\u0574 \u0555\u0564\u0561\u0576\u0561\u057e\u0561\u056f\u0561\u0575\u056b\u0576 \u0561\u057c\u0561\u057b\u0561\u0580\u056f\u0578\u0582\u0574 \u056d\u0561\u0572\u0561\u056c\u0578\u0582 \u0570\u0561\u0574\u0561\u0580\u0589"}]},{"@type":"WebSite","@id":"https:\/\/aviator-igra.net\/#website","url":"https:\/\/aviator-igra.net\/","name":"Aviator","description":"","publisher":{"@id":"https:\/\/aviator-igra.net\/#organization"},"potentialAction":[{"@type":"SearchAction","target":{"@type":"EntryPoint","urlTemplate":"https:\/\/aviator-igra.net\/?s={search_term_string}"},"query-input":{"@type":"PropertyValueSpecification","valueRequired":true,"valueName":"search_term_string"}}],"inLanguage":"fi"},{"@type":"Organization","@id":"https:\/\/aviator-igra.net\/#organization","name":"Aviator","url":"https:\/\/aviator-igra.net\/","logo":{"@type":"ImageObject","inLanguage":"fi","@id":"https:\/\/aviator-igra.net\/#\/schema\/logo\/image\/","url":"https:\/\/aviator-igra.net\/wp-content\/uploads\/Aviator-logo.png","contentUrl":"https:\/\/aviator-igra.net\/wp-content\/uploads\/Aviator-logo.png","width":350,"height":90,"caption":"Aviator"},"image":{"@id":"https:\/\/aviator-igra.net\/#\/schema\/logo\/image\/"}}]}},"_links":{"self":[{"href":"https:\/\/aviator-igra.net\/fi\/wp-json\/wp\/v2\/pages\/15","targetHints":{"allow":["GET"]}}],"collection":[{"href":"https:\/\/aviator-igra.net\/fi\/wp-json\/wp\/v2\/pages"}],"about":[{"href":"https:\/\/aviator-igra.net\/fi\/wp-json\/wp\/v2\/types\/page"}],"author":[{"embeddable":true,"href":"https:\/\/aviator-igra.net\/fi\/wp-json\/wp\/v2\/users\/1"}],"replies":[{"embeddable":true,"href":"https:\/\/aviator-igra.net\/fi\/wp-json\/wp\/v2\/comments?post=15"}],"version-history":[{"count":45,"href":"https:\/\/aviator-igra.net\/fi\/wp-json\/wp\/v2\/pages\/15\/revisions"}],"predecessor-version":[{"id":126,"href":"https:\/\/aviator-igra.net\/fi\/wp-json\/wp\/v2\/pages\/15\/revisions\/126"}],"wp:attachment":[{"href":"https:\/\/aviator-igra.net\/fi\/wp-json\/wp\/v2\/media?parent=15"}],"curies":[{"name":"wp","href":"https:\/\/api.w.org\/{rel}","templated":true}]}}