{"id":7,"date":"2024-03-11T21:16:05","date_gmt":"2024-03-11T18:16:05","guid":{"rendered":"https:\/\/aviator-igra.net\/?page_id=7"},"modified":"2024-03-15T03:42:08","modified_gmt":"2024-03-15T00:42:08","slug":"aviator","status":"publish","type":"page","link":"https:\/\/aviator-igra.net\/et\/","title":{"rendered":"Mis on veebim\u00e4ng Aviator?"},"content":{"rendered":"<p>Aviator on veebim\u00e4ng kokkup\u00f5rke stiilis, mis on viimastel aastatel populaarsust kogunud. M\u00e4ng on lendusimulatsioon, kus iga voor s\u00fcmboliseerib lennuki \u00f5hkut\u00f5usu. M\u00e4ngija peamine eesm\u00e4rk on teha panus ja j\u00f5uda v\u00f5idud v\u00e4lja v\u00f5tta enne, kui lennuk ekraanilt lahkub. Kui lennuk lendab minema, t\u00e4hendab see kaotust, kuna m\u00e4ngija ei suutnud panust v\u00e4lja v\u00f5tta. \u00dclesanne on v\u00f5idud v\u00e4lja v\u00f5tta enne, kui lennuk lahkub.<\/p>\n<p>Aviator on muutunud adrenaliiniallikaks m\u00e4ngijatele \u00fcle maailma, kuna m\u00e4ngija otsustab, millal m\u00e4ngust v\u00e4ljuda. Samal ajal peavad m\u00e4ngijad tegema kiireid otsuseid ja lootma intuitsioonile, muutes iga lennuki lendu Aviatori m\u00e4ngus ainulaadseks v\u00e4ljakutseks. Sellep\u00e4rast armastavad miljonid m\u00e4ngijad \u00fcle maailma seda m\u00e4ngu.<\/p>\n<h2><strong>Erinevused Aviatori m\u00e4ngust teiste kokkup\u00f5rke m\u00e4ngudega<\/strong><\/h2>\n<p>Niisiis, vaatleme, kuidas Aviator erineb teistest m\u00e4ngudest. Aviator paistab teiste kokkup\u00f5rke m\u00e4ngude seas silma oma visuaalse atraktiivsuse ja reeglite lihtsuse poolest. Erinevalt traditsioonilistest kokkup\u00f5rke m\u00e4ngudest, kus v\u00f5idud s\u00f5ltuvad ebam\u00e4\u00e4rastest kordajatest, pakub Aviator l\u00e4bipaistvamat ja d\u00fcnaamilisemat protsessi, v\u00f5imaldades m\u00e4ngijatel v\u00f5ite reaalajas kinnitada.<\/p>\n<p>Sotsiaalse suhtluse element on Aviatorile samuti ainulaadne, v\u00f5imaldades m\u00e4ngijatel jagada kogemusi ja strateegiaid vestluses m\u00e4ngu ajal. On oluline meeles pidada vestluses k\u00e4itumise reegleid, kuna teiste m\u00e4ngijate solvamine on keelatud.<\/p>\n<h2><strong>Kuidas m\u00e4ngida Aviatorit<\/strong><\/h2>\n<p>Iga m\u00e4ngija soovib mitte ainult m\u00e4ngida, vaid ka v\u00f5ita Aviatoris, teenides p\u00e4risraha. Aviatoris m\u00e4ngimine on lihtne:<\/p>\n<ul>\n<li>Tehke panus enne igat vooru algust.<\/li>\n<li>J\u00e4lgige lennuki \u00f5hkut\u00f5usu; v\u00f5idukordaja suureneb, kui see t\u00f5useb.<\/li>\n<li>Kl\u00f5psake nuppu &#8220;V\u00f5ta&#8221;, et v\u00e4lja v\u00f5tta oma v\u00f5idud enne, kui lennuk kaob. Kui te ei j\u00f5ua \u00f5igel ajal, l\u00e4heb panus kaotsi.<\/li>\n<\/ul>\n<p>Pidage meeles, et kordaja, mida n\u00e4ete, on kordaja, millega panus korrutatakse. Teisis\u00f5nu, kui tegite panuse 100 dollarit ja n\u00e4ete, et kordaja on 2, t\u00e4hendab see, et teie v\u00f5idud on 200 dollarit. Oluline on see raha v\u00e4lja v\u00f5tta enne, kui lennuk lahkub.<\/p>\n<h2><strong>Strateegiad veebim\u00e4ngu Aviator m\u00e4ngimiseks<\/strong><\/h2>\n<p>Aviatoris on palju strateegiaid, alates konservatiivsetest l\u00e4henemisviisidest, nagu v\u00e4ikeste v\u00f5itude kinnitamine, kuni riskantseteni, mis on suunatud k\u00f5rgete kordajate saavutamisele.<\/p>\n<p>\u00dcks populaarne taktika on panuste jagamine: tehke \u00fcks panus madala kordaja peale, et tagada stabiilsus, ja teine k\u00f5rgele, lootuses suurele v\u00f5idule. Auto-m\u00e4ng v\u00f5ib sellele aidata, kuna madala kordajaga v\u00f5idud saab automaatselt v\u00e4lja v\u00f5tta.<\/p>\n<h2><strong>Registreerimine online-kasiinos Aviatori m\u00e4ngimiseks<\/strong><\/h2>\n<p>Aviatori m\u00e4ngimiseks peate l\u00e4bima lihtsa registreerimise valitud online-kasiino veebisaidil. Peate sisestama p\u00f5hiandmed enda kohta, kinnitama oma e-posti aadressi v\u00f5i telefoninumbri ning v\u00f5imalik, et l\u00e4bima konto kontrolli.<\/p>\n<p>Soovitame oma konto kohe kontrollida, kuna see protseduur on vajalik v\u00f5itude v\u00e4ljav\u00f5tmiseks igal juhul.<\/p>\n<h2><strong>Kuidas t\u00e4ita oma saldo ja v\u00e4lja v\u00f5tta v\u00f5idud<\/strong><\/h2>\n<p>Saldo t\u00e4itmine ja raha v\u00e4ljav\u00f5tmine toimub kasiino veebisaidil teie isiklikus kontos. Selle jaoks pakutakse erinevaid maksemeetodeid: pangakaardid, e-rahakotid, kr\u00fcptovaluutad ja teised. Valige oma eelistatud meetod, j\u00e4rgige juhiseid raha sissemaksete v\u00f5i v\u00e4ljamaksete tegemiseks. Pange t\u00e4hele minimaalseid tehingu summasid ja v\u00f5imalikke tasusid.<\/p>\n<h2><strong>Boonused Aviatori m\u00e4ngus<\/strong><\/h2>\n<p>Online-kasiinod pakuvad sageli boonuseid nii uutele kui ka regulaarsetele m\u00e4ngijatele. Aviatoris v\u00f5ib see olla esimese sissemakse boonus, tasuta panused v\u00f5i raha tagasi aktiivse m\u00e4ngimise eest. Boonuste kasutamiseks tutvuge kindlasti nende saamise ja l\u00e4bim\u00e4ngimise tingimustega. Boonused v\u00f5ivad oluliselt suurendada teie v\u00f5iduv\u00f5imalusi ja muuta m\u00e4ngu veelgi p\u00f5nevamaks.<\/p>\n","protected":false},"excerpt":{"rendered":"<p>Aviator on veebim\u00e4ng kokkup\u00f5rke stiilis, mis on viimastel aastatel populaarsust kogunud. M\u00e4ng on lendusimulatsioon, kus iga voor s\u00fcmboliseerib lennuki \u00f5hkut\u00f5usu. M\u00e4ngija peamine eesm\u00e4rk on teha panus ja j\u00f5uda v\u00f5idud v\u00e4lja v\u00f5tta enne, kui lennuk ekraanilt lahkub. Kui lennuk lendab minema, t\u00e4hendab see kaotust, kuna m\u00e4ngija ei suutnud panust v\u00e4lja v\u00f5tta. \u00dclesanne on v\u00f5idud v\u00e4lja v\u00f5tta [&hellip;]<\/p>\n","protected":false},"author":1,"featured_media":0,"parent":0,"menu_order":0,"comment_status":"closed","ping_status":"closed","template":"","meta":{"footnotes":""},"class_list":["post-7","page","type-page","status-publish","hentry"],"yoast_head":"<!-- This site is optimized with the Yoast SEO plugin v27.2 - https:\/\/yoast.com\/product\/yoast-seo-wordpress\/ -->\n<title>\u0418\u0433\u0440\u0430\u0442\u044c \u0432 \u043e\u043d\u043b\u0430\u0439\u043d \u0438\u0433\u0440\u0443 \u0410\u0432\u0438\u0430\u0442\u043e\u0440 \u0432 \u043a\u0430\u0437\u0438\u043d\u043e<\/title>\n<meta name=\"description\" content=\"M\u00e4ngi Aviatorit p\u00e4risraha eest parimates veebikasiinodes. Kuidas m\u00e4ngida ja v\u00f5ita kasulike m\u00e4ngustrateegiate abil. Registreerimine, sissemakse tegemine, v\u00f5itude v\u00e4ljav\u00f5tmine.\" \/>\n<meta name=\"robots\" content=\"index, follow, max-snippet:-1, max-image-preview:large, max-video-preview:-1\" \/>\n<link rel=\"canonical\" href=\"https:\/\/aviator-igra.net\/et\/\" \/>\n<meta property=\"og:locale\" content=\"et_EE\" \/>\n<meta property=\"og:locale:alternate\" content=\"ru_RU\" \/>\n<meta property=\"og:locale:alternate\" content=\"en_US\" \/>\n<meta property=\"og:locale:alternate\" content=\"pt_PT\" \/>\n<meta property=\"og:locale:alternate\" content=\"es_ES\" \/>\n<meta property=\"og:locale:alternate\" content=\"sr_RS\" \/>\n<meta property=\"og:locale:alternate\" content=\"bg_BG\" \/>\n<meta property=\"og:locale:alternate\" content=\"ro_RO\" \/>\n<meta property=\"og:locale:alternate\" content=\"uk\" \/>\n<meta property=\"og:locale:alternate\" content=\"bel\" \/>\n<meta property=\"og:locale:alternate\" content=\"ka_GE\" \/>\n<meta property=\"og:locale:alternate\" content=\"hy\" \/>\n<meta property=\"og:locale:alternate\" content=\"az\" \/>\n<meta property=\"og:locale:alternate\" content=\"kk\" \/>\n<meta property=\"og:locale:alternate\" content=\"ky_KY\" \/>\n<meta property=\"og:locale:alternate\" content=\"uz_UZ\" \/>\n<meta property=\"og:locale:alternate\" content=\"tg\" \/>\n<meta property=\"og:locale:alternate\" content=\"lt_LT\" \/>\n<meta property=\"og:locale:alternate\" content=\"lv\" \/>\n<meta property=\"og:locale:alternate\" content=\"fi\" \/>\n<meta property=\"og:type\" content=\"article\" \/>\n<meta property=\"og:title\" content=\"\u0418\u0433\u0440\u0430\u0442\u044c \u0432 \u043e\u043d\u043b\u0430\u0439\u043d \u0438\u0433\u0440\u0443 \u0410\u0432\u0438\u0430\u0442\u043e\u0440 \u0432 \u043a\u0430\u0437\u0438\u043d\u043e\" \/>\n<meta property=\"og:description\" content=\"\u0418\u0433\u0440\u0430\u0442\u044c \u0432 \u0410\u0432\u0438\u0430\u0442\u043e\u0440 \u043d\u0430 \u0440\u0435\u0430\u043b\u044c\u043d\u044b\u0435 \u0434\u0435\u043d\u044c\u0433\u0438 \u0432 \u043b\u0443\u0447\u0448\u0438\u0445 \u043e\u043d\u043b\u0430\u0439\u043d \u043a\u0430\u0437\u0438\u043d\u043e. \u041a\u0430\u043a \u0438\u0433\u0440\u0430\u0442\u044c \u0438 \u043f\u043e\u0431\u0435\u0436\u0434\u0430\u0442\u044c, \u0438\u0441\u043f\u043e\u043b\u044c\u0437\u0443\u044f \u0432\u044b\u0433\u043e\u0434\u043d\u044b\u0435 \u0441\u0442\u0440\u0430\u0442\u0435\u0433\u0438\u0438 \u0438\u0433\u0440\u044b. \u0420\u0435\u0433\u0438\u0441\u0442\u0440\u0430\u0446\u0438\u044f, \u043f\u043e\u043f\u043e\u043b\u043d\u0435\u043d\u0438\u0435 \u0434\u0435\u043f\u043e\u0437\u0438\u0442\u0430, \u0432\u044b\u0432\u043e\u0434 \u0432\u044b\u0438\u0433\u0440\u044b\u0448\u0430\" \/>\n<meta property=\"og:url\" content=\"https:\/\/aviator-igra.net\/et\/\" \/>\n<meta property=\"og:site_name\" content=\"Aviator\" \/>\n<meta property=\"article:modified_time\" content=\"2024-03-15T00:42:08+00:00\" \/>\n<meta name=\"twitter:card\" content=\"summary_large_image\" \/>\n<meta name=\"twitter:label1\" content=\"Est. reading time\" \/>\n\t<meta name=\"twitter:data1\" content=\"33 minutit\" \/>\n<script type=\"application\/ld+json\" class=\"yoast-schema-graph\">{\"@context\":\"https:\/\/schema.org\",\"@graph\":[{\"@type\":\"WebPage\",\"@id\":\"https:\/\/aviator-igra.net\/\",\"url\":\"https:\/\/aviator-igra.net\/\",\"name\":\"\u0418\u0433\u0440\u0430\u0442\u044c \u0432 \u043e\u043d\u043b\u0430\u0439\u043d \u0438\u0433\u0440\u0443 \u0410\u0432\u0438\u0430\u0442\u043e\u0440 \u0432 \u043a\u0430\u0437\u0438\u043d\u043e\",\"isPartOf\":{\"@id\":\"https:\/\/aviator-igra.net\/#website\"},\"datePublished\":\"2024-03-11T18:16:05+00:00\",\"dateModified\":\"2024-03-15T00:42:08+00:00\",\"description\":\"\u0418\u0433\u0440\u0430\u0442\u044c \u0432 \u0410\u0432\u0438\u0430\u0442\u043e\u0440 \u043d\u0430 \u0440\u0435\u0430\u043b\u044c\u043d\u044b\u0435 \u0434\u0435\u043d\u044c\u0433\u0438 \u0432 \u043b\u0443\u0447\u0448\u0438\u0445 \u043e\u043d\u043b\u0430\u0439\u043d \u043a\u0430\u0437\u0438\u043d\u043e. \u041a\u0430\u043a \u0438\u0433\u0440\u0430\u0442\u044c \u0438 \u043f\u043e\u0431\u0435\u0436\u0434\u0430\u0442\u044c, \u0438\u0441\u043f\u043e\u043b\u044c\u0437\u0443\u044f \u0432\u044b\u0433\u043e\u0434\u043d\u044b\u0435 \u0441\u0442\u0440\u0430\u0442\u0435\u0433\u0438\u0438 \u0438\u0433\u0440\u044b. \u0420\u0435\u0433\u0438\u0441\u0442\u0440\u0430\u0446\u0438\u044f, \u043f\u043e\u043f\u043e\u043b\u043d\u0435\u043d\u0438\u0435 \u0434\u0435\u043f\u043e\u0437\u0438\u0442\u0430, \u0432\u044b\u0432\u043e\u0434 \u0432\u044b\u0438\u0433\u0440\u044b\u0448\u0430\",\"breadcrumb\":{\"@id\":\"https:\/\/aviator-igra.net\/#breadcrumb\"},\"inLanguage\":\"et\",\"potentialAction\":[{\"@type\":\"ReadAction\",\"target\":[\"https:\/\/aviator-igra.net\/\"]}]},{\"@type\":\"BreadcrumbList\",\"@id\":\"https:\/\/aviator-igra.net\/#breadcrumb\",\"itemListElement\":[{\"@type\":\"ListItem\",\"position\":1,\"name\":\"Home\",\"item\":\"https:\/\/aviator-igra.net\/\"},{\"@type\":\"ListItem\",\"position\":2,\"name\":\"\u0427\u0442\u043e \u0442\u0430\u043a\u043e\u0435 \u043e\u043d\u043b\u0430\u0439\u043d \u0438\u0433\u0440\u0430 \u0410\u0432\u0438\u0430\u0442\u043e\u0440?\"}]},{\"@type\":\"WebSite\",\"@id\":\"https:\/\/aviator-igra.net\/#website\",\"url\":\"https:\/\/aviator-igra.net\/\",\"name\":\"Aviator\",\"description\":\"\",\"publisher\":{\"@id\":\"https:\/\/aviator-igra.net\/#organization\"},\"potentialAction\":[{\"@type\":\"SearchAction\",\"target\":{\"@type\":\"EntryPoint\",\"urlTemplate\":\"https:\/\/aviator-igra.net\/?s={search_term_string}\"},\"query-input\":{\"@type\":\"PropertyValueSpecification\",\"valueRequired\":true,\"valueName\":\"search_term_string\"}}],\"inLanguage\":\"et\"},{\"@type\":\"Organization\",\"@id\":\"https:\/\/aviator-igra.net\/#organization\",\"name\":\"Aviator\",\"url\":\"https:\/\/aviator-igra.net\/\",\"logo\":{\"@type\":\"ImageObject\",\"inLanguage\":\"et\",\"@id\":\"https:\/\/aviator-igra.net\/#\/schema\/logo\/image\/\",\"url\":\"https:\/\/aviator-igra.net\/wp-content\/uploads\/Aviator-logo.png\",\"contentUrl\":\"https:\/\/aviator-igra.net\/wp-content\/uploads\/Aviator-logo.png\",\"width\":350,\"height\":90,\"caption\":\"Aviator\"},\"image\":{\"@id\":\"https:\/\/aviator-igra.net\/#\/schema\/logo\/image\/\"}}]}<\/script>\n<!-- \/ Yoast SEO plugin. -->","yoast_head_json":{"title":"\u0418\u0433\u0440\u0430\u0442\u044c \u0432 \u043e\u043d\u043b\u0430\u0439\u043d \u0438\u0433\u0440\u0443 \u0410\u0432\u0438\u0430\u0442\u043e\u0440 \u0432 \u043a\u0430\u0437\u0438\u043d\u043e","description":"M\u00e4ngi Aviatorit p\u00e4risraha eest parimates veebikasiinodes. Kuidas m\u00e4ngida ja v\u00f5ita kasulike m\u00e4ngustrateegiate abil. Registreerimine, sissemakse tegemine, v\u00f5itude v\u00e4ljav\u00f5tmine.","robots":{"index":"index","follow":"follow","max-snippet":"max-snippet:-1","max-image-preview":"max-image-preview:large","max-video-preview":"max-video-preview:-1"},"canonical":"https:\/\/aviator-igra.net\/et\/","og_locale":"et_EE","og_type":"article","og_title":"\u0418\u0433\u0440\u0430\u0442\u044c \u0432 \u043e\u043d\u043b\u0430\u0439\u043d \u0438\u0433\u0440\u0443 \u0410\u0432\u0438\u0430\u0442\u043e\u0440 \u0432 \u043a\u0430\u0437\u0438\u043d\u043e","og_description":"\u0418\u0433\u0440\u0430\u0442\u044c \u0432 \u0410\u0432\u0438\u0430\u0442\u043e\u0440 \u043d\u0430 \u0440\u0435\u0430\u043b\u044c\u043d\u044b\u0435 \u0434\u0435\u043d\u044c\u0433\u0438 \u0432 \u043b\u0443\u0447\u0448\u0438\u0445 \u043e\u043d\u043b\u0430\u0439\u043d \u043a\u0430\u0437\u0438\u043d\u043e. \u041a\u0430\u043a \u0438\u0433\u0440\u0430\u0442\u044c \u0438 \u043f\u043e\u0431\u0435\u0436\u0434\u0430\u0442\u044c, \u0438\u0441\u043f\u043e\u043b\u044c\u0437\u0443\u044f \u0432\u044b\u0433\u043e\u0434\u043d\u044b\u0435 \u0441\u0442\u0440\u0430\u0442\u0435\u0433\u0438\u0438 \u0438\u0433\u0440\u044b. \u0420\u0435\u0433\u0438\u0441\u0442\u0440\u0430\u0446\u0438\u044f, \u043f\u043e\u043f\u043e\u043b\u043d\u0435\u043d\u0438\u0435 \u0434\u0435\u043f\u043e\u0437\u0438\u0442\u0430, \u0432\u044b\u0432\u043e\u0434 \u0432\u044b\u0438\u0433\u0440\u044b\u0448\u0430","og_url":"https:\/\/aviator-igra.net\/et\/","og_site_name":"Aviator","article_modified_time":"2024-03-15T00:42:08+00:00","twitter_card":"summary_large_image","twitter_misc":{"Est. reading time":"33 minutit"},"schema":{"@context":"https:\/\/schema.org","@graph":[{"@type":"WebPage","@id":"https:\/\/aviator-igra.net\/","url":"https:\/\/aviator-igra.net\/","name":"\u0418\u0433\u0440\u0430\u0442\u044c \u0432 \u043e\u043d\u043b\u0430\u0439\u043d \u0438\u0433\u0440\u0443 \u0410\u0432\u0438\u0430\u0442\u043e\u0440 \u0432 \u043a\u0430\u0437\u0438\u043d\u043e","isPartOf":{"@id":"https:\/\/aviator-igra.net\/#website"},"datePublished":"2024-03-11T18:16:05+00:00","dateModified":"2024-03-15T00:42:08+00:00","description":"\u0418\u0433\u0440\u0430\u0442\u044c \u0432 \u0410\u0432\u0438\u0430\u0442\u043e\u0440 \u043d\u0430 \u0440\u0435\u0430\u043b\u044c\u043d\u044b\u0435 \u0434\u0435\u043d\u044c\u0433\u0438 \u0432 \u043b\u0443\u0447\u0448\u0438\u0445 \u043e\u043d\u043b\u0430\u0439\u043d \u043a\u0430\u0437\u0438\u043d\u043e. \u041a\u0430\u043a \u0438\u0433\u0440\u0430\u0442\u044c \u0438 \u043f\u043e\u0431\u0435\u0436\u0434\u0430\u0442\u044c, \u0438\u0441\u043f\u043e\u043b\u044c\u0437\u0443\u044f \u0432\u044b\u0433\u043e\u0434\u043d\u044b\u0435 \u0441\u0442\u0440\u0430\u0442\u0435\u0433\u0438\u0438 \u0438\u0433\u0440\u044b. \u0420\u0435\u0433\u0438\u0441\u0442\u0440\u0430\u0446\u0438\u044f, \u043f\u043e\u043f\u043e\u043b\u043d\u0435\u043d\u0438\u0435 \u0434\u0435\u043f\u043e\u0437\u0438\u0442\u0430, \u0432\u044b\u0432\u043e\u0434 \u0432\u044b\u0438\u0433\u0440\u044b\u0448\u0430","breadcrumb":{"@id":"https:\/\/aviator-igra.net\/#breadcrumb"},"inLanguage":"et","potentialAction":[{"@type":"ReadAction","target":["https:\/\/aviator-igra.net\/"]}]},{"@type":"BreadcrumbList","@id":"https:\/\/aviator-igra.net\/#breadcrumb","itemListElement":[{"@type":"ListItem","position":1,"name":"Home","item":"https:\/\/aviator-igra.net\/"},{"@type":"ListItem","position":2,"name":"\u0427\u0442\u043e \u0442\u0430\u043a\u043e\u0435 \u043e\u043d\u043b\u0430\u0439\u043d \u0438\u0433\u0440\u0430 \u0410\u0432\u0438\u0430\u0442\u043e\u0440?"}]},{"@type":"WebSite","@id":"https:\/\/aviator-igra.net\/#website","url":"https:\/\/aviator-igra.net\/","name":"Aviator","description":"","publisher":{"@id":"https:\/\/aviator-igra.net\/#organization"},"potentialAction":[{"@type":"SearchAction","target":{"@type":"EntryPoint","urlTemplate":"https:\/\/aviator-igra.net\/?s={search_term_string}"},"query-input":{"@type":"PropertyValueSpecification","valueRequired":true,"valueName":"search_term_string"}}],"inLanguage":"et"},{"@type":"Organization","@id":"https:\/\/aviator-igra.net\/#organization","name":"Aviator","url":"https:\/\/aviator-igra.net\/","logo":{"@type":"ImageObject","inLanguage":"et","@id":"https:\/\/aviator-igra.net\/#\/schema\/logo\/image\/","url":"https:\/\/aviator-igra.net\/wp-content\/uploads\/Aviator-logo.png","contentUrl":"https:\/\/aviator-igra.net\/wp-content\/uploads\/Aviator-logo.png","width":350,"height":90,"caption":"Aviator"},"image":{"@id":"https:\/\/aviator-igra.net\/#\/schema\/logo\/image\/"}}]}},"_links":{"self":[{"href":"https:\/\/aviator-igra.net\/et\/wp-json\/wp\/v2\/pages\/7","targetHints":{"allow":["GET"]}}],"collection":[{"href":"https:\/\/aviator-igra.net\/et\/wp-json\/wp\/v2\/pages"}],"about":[{"href":"https:\/\/aviator-igra.net\/et\/wp-json\/wp\/v2\/types\/page"}],"author":[{"embeddable":true,"href":"https:\/\/aviator-igra.net\/et\/wp-json\/wp\/v2\/users\/1"}],"replies":[{"embeddable":true,"href":"https:\/\/aviator-igra.net\/et\/wp-json\/wp\/v2\/comments?post=7"}],"version-history":[{"count":42,"href":"https:\/\/aviator-igra.net\/et\/wp-json\/wp\/v2\/pages\/7\/revisions"}],"predecessor-version":[{"id":128,"href":"https:\/\/aviator-igra.net\/et\/wp-json\/wp\/v2\/pages\/7\/revisions\/128"}],"wp:attachment":[{"href":"https:\/\/aviator-igra.net\/et\/wp-json\/wp\/v2\/media?parent=7"}],"curies":[{"name":"wp","href":"https:\/\/api.w.org\/{rel}","templated":true}]}}