{"id":7,"date":"2024-03-11T21:16:05","date_gmt":"2024-03-11T18:16:05","guid":{"rendered":"https:\/\/aviator-igra.net\/?page_id=7"},"modified":"2024-03-15T03:42:08","modified_gmt":"2024-03-15T00:42:08","slug":"aviator","status":"publish","type":"page","link":"https:\/\/aviator-igra.net\/es\/","title":{"rendered":"\u00bfQu\u00e9 es el juego en l\u00ednea Aviator?"},"content":{"rendered":"<p>El Aviator es un juego en l\u00ednea en el estilo de choque que se ha vuelto popular en los \u00faltimos a\u00f1os. El juego es una simulaci\u00f3n de vuelo, donde cada ronda est\u00e1 simbolizada por el despegue de un avi\u00f3n. El objetivo principal del jugador es realizar una apuesta y lograr reclamar las ganancias antes de que el avi\u00f3n despegue de la pantalla. Si el avi\u00f3n se va, significa derrota, ya que el jugador no logr\u00f3 retirar la apuesta. La tarea es retirar las ganancias antes de que el avi\u00f3n se vaya.<\/p>\n<p>El juego Aviator se ha convertido en una fuente de adrenalina para los jugadores de todo el mundo porque el jugador decide cu\u00e1ndo salir del juego. Al mismo tiempo, los jugadores necesitan tomar decisiones r\u00e1pidas y confiar en la intuici\u00f3n, haciendo que cada vuelo del avi\u00f3n en el juego Aviator sea un desaf\u00edo \u00fanico. Por esta raz\u00f3n, millones de jugadores de todo el mundo adoran el juego.<\/p>\n<h2><strong>Diferencias del Juego Aviator con Otros Juegos de Choque<\/strong><\/h2>\n<p>Entonces, consideremos c\u00f3mo Aviator difiere de otros juegos. Aviator se destaca entre otros juegos de choque debido a su atractivo visual y simplicidad para entender las reglas. A diferencia de los juegos de choque tradicionales, donde las ganancias dependen de un multiplicador incierto, Aviator ofrece un proceso m\u00e1s transparente y din\u00e1mico con la posibilidad para los jugadores de fijar las ganancias en tiempo real.<\/p>\n<p>El elemento de interacci\u00f3n social tambi\u00e9n es \u00fanico para Aviator, permitiendo a los jugadores compartir experiencias y estrategias en el chat durante el juego. Es importante recordar las reglas de comportamiento en el chat, ya que est\u00e1 prohibido insultar a otros jugadores.<\/p>\n<h2><strong>C\u00f3mo Jugar Aviator<\/strong><\/h2>\n<p>Cada jugador no solo quiere jugar, sino tambi\u00e9n ganar en Aviator, ganando dinero real. Jugar Aviator es f\u00e1cil:<\/p>\n<ol>\n<li>Realiza una apuesta antes de que comience cada ronda.<\/li>\n<li>Observa el despegue del avi\u00f3n; el multiplicador de ganancia aumenta a medida que asciende.<\/li>\n<li>Haz clic en el bot\u00f3n \u00abTomar\u00bb para retirar tus ganancias antes de que el avi\u00f3n desaparezca. Si no lo haces a tiempo, la apuesta se pierde.<\/li>\n<\/ol>\n<p>Recuerda que el multiplicador que ves es el coeficiente por el cual se multiplica la apuesta. En otras palabras, si hiciste una apuesta de $100 y ves que el multiplicador es 2, significa que tus ganancias son de $200. Lo importante es retirar este dinero antes de que el avi\u00f3n se vaya.<\/p>\n<h2><strong>Estrategias para Jugar el Juego en L\u00ednea Aviator<\/strong><\/h2>\n<p>Hay muchas estrategias en Aviator, que van desde enfoques conservadores, como fijar peque\u00f1as ganancias, hasta arriesgados, dirigidos a lograr coeficientes altos.<\/p>\n<p>Una t\u00e1ctica popular es dividir las apuestas: hacer una apuesta en un coeficiente bajo para garantizar la estabilidad y otra en uno alto, apuntando a una gran victoria. El auto-juego puede ayudar con esto, ya que puedes retirar autom\u00e1ticamente las ganancias para un coeficiente bajo.<\/p>\n<h2><strong>Registro en un Casino en L\u00ednea para Jugar Aviator<\/strong><\/h2>\n<p>Para comenzar a jugar Aviator, debes realizar un registro simple en el sitio web del casino en l\u00ednea elegido. Deber\u00e1s ingresar informaci\u00f3n b\u00e1sica sobre ti mismo, confirmar tu direcci\u00f3n de correo electr\u00f3nico o n\u00famero de tel\u00e9fono y, posiblemente, someterte a una verificaci\u00f3n de cuenta.<\/p>\n<p>Recomendamos verificar tu cuenta de inmediato, ya que este procedimiento es necesario antes de retirar ganancias en cualquier caso.<\/p>\n<h2><strong>C\u00f3mo Recargar tu Balance y Retirar Ganancias<\/strong><\/h2>\n<p>La recarga de tu balance y el retiro de fondos se realiza a trav\u00e9s de tu cuenta personal en el sitio web del casino. Se ofrecen varios m\u00e9todos de pago para esto: tarjetas bancarias, monederos electr\u00f3nicos, criptomonedas y otros. Elige tu m\u00e9todo preferido, sigue las instrucciones para depositar o retirar fondos. Presta atenci\u00f3n a los montos m\u00ednimos de transacci\u00f3n y posibles tarifas.<\/p>\n<h2><strong>Bonos en el Juego Aviator<\/strong><\/h2>\n<p>Los casinos en l\u00ednea suelen ofrecer bonos a nuevos y jugadores habituales. En Aviator, esto podr\u00eda ser un bono por primer dep\u00f3sito, apuestas gratuitas o devoluci\u00f3n de dinero por juego activo. Para utilizar los bonos, aseg\u00farate de familiarizarte con las condiciones para recibirlos y apostarlos. Los bonos pueden aumentar significativamente tus posibilidades de ganar y hacer que el juego sea a\u00fan m\u00e1s emocionante.<\/p>\n","protected":false},"excerpt":{"rendered":"<p>El Aviator es un juego en l\u00ednea en el estilo de choque que se ha vuelto popular en los \u00faltimos a\u00f1os. El juego es una simulaci\u00f3n de vuelo, donde cada ronda est\u00e1 simbolizada por el despegue de un avi\u00f3n. El objetivo principal del jugador es realizar una apuesta y lograr reclamar las ganancias antes de [&hellip;]<\/p>\n","protected":false},"author":1,"featured_media":0,"parent":0,"menu_order":0,"comment_status":"closed","ping_status":"closed","template":"","meta":{"footnotes":""},"class_list":["post-7","page","type-page","status-publish","hentry"],"yoast_head":"<!-- This site is optimized with the Yoast SEO plugin v27.2 - https:\/\/yoast.com\/product\/yoast-seo-wordpress\/ -->\n<title>\u0418\u0433\u0440\u0430\u0442\u044c \u0432 \u043e\u043d\u043b\u0430\u0439\u043d \u0438\u0433\u0440\u0443 \u0410\u0432\u0438\u0430\u0442\u043e\u0440 \u0432 \u043a\u0430\u0437\u0438\u043d\u043e<\/title>\n<meta name=\"description\" content=\"Juega Aviator por dinero real en los mejores casinos en l\u00ednea. C\u00f3mo jugar y ganar usando estrategias de juego ventajosas. Registro, dep\u00f3sito, retiro de ganancias.\" \/>\n<meta name=\"robots\" content=\"index, follow, max-snippet:-1, max-image-preview:large, max-video-preview:-1\" \/>\n<link rel=\"canonical\" href=\"https:\/\/aviator-igra.net\/es\/\" \/>\n<meta property=\"og:locale\" content=\"es_ES\" \/>\n<meta property=\"og:locale:alternate\" content=\"ru_RU\" \/>\n<meta property=\"og:locale:alternate\" content=\"en_US\" \/>\n<meta property=\"og:locale:alternate\" content=\"pt_PT\" \/>\n<meta property=\"og:locale:alternate\" content=\"sr_RS\" \/>\n<meta property=\"og:locale:alternate\" content=\"bg_BG\" \/>\n<meta property=\"og:locale:alternate\" content=\"ro_RO\" \/>\n<meta property=\"og:locale:alternate\" content=\"uk\" \/>\n<meta property=\"og:locale:alternate\" content=\"bel\" \/>\n<meta property=\"og:locale:alternate\" content=\"ka_GE\" \/>\n<meta property=\"og:locale:alternate\" content=\"hy\" \/>\n<meta property=\"og:locale:alternate\" content=\"az\" \/>\n<meta property=\"og:locale:alternate\" content=\"kk\" \/>\n<meta property=\"og:locale:alternate\" content=\"ky_KY\" \/>\n<meta property=\"og:locale:alternate\" content=\"uz_UZ\" \/>\n<meta property=\"og:locale:alternate\" content=\"tg\" \/>\n<meta property=\"og:locale:alternate\" content=\"et\" \/>\n<meta property=\"og:locale:alternate\" content=\"lt_LT\" \/>\n<meta property=\"og:locale:alternate\" content=\"lv\" \/>\n<meta property=\"og:locale:alternate\" content=\"fi\" \/>\n<meta property=\"og:type\" content=\"article\" \/>\n<meta property=\"og:title\" content=\"\u0418\u0433\u0440\u0430\u0442\u044c \u0432 \u043e\u043d\u043b\u0430\u0439\u043d \u0438\u0433\u0440\u0443 \u0410\u0432\u0438\u0430\u0442\u043e\u0440 \u0432 \u043a\u0430\u0437\u0438\u043d\u043e\" \/>\n<meta property=\"og:description\" content=\"\u0418\u0433\u0440\u0430\u0442\u044c \u0432 \u0410\u0432\u0438\u0430\u0442\u043e\u0440 \u043d\u0430 \u0440\u0435\u0430\u043b\u044c\u043d\u044b\u0435 \u0434\u0435\u043d\u044c\u0433\u0438 \u0432 \u043b\u0443\u0447\u0448\u0438\u0445 \u043e\u043d\u043b\u0430\u0439\u043d \u043a\u0430\u0437\u0438\u043d\u043e. \u041a\u0430\u043a \u0438\u0433\u0440\u0430\u0442\u044c \u0438 \u043f\u043e\u0431\u0435\u0436\u0434\u0430\u0442\u044c, \u0438\u0441\u043f\u043e\u043b\u044c\u0437\u0443\u044f \u0432\u044b\u0433\u043e\u0434\u043d\u044b\u0435 \u0441\u0442\u0440\u0430\u0442\u0435\u0433\u0438\u0438 \u0438\u0433\u0440\u044b. \u0420\u0435\u0433\u0438\u0441\u0442\u0440\u0430\u0446\u0438\u044f, \u043f\u043e\u043f\u043e\u043b\u043d\u0435\u043d\u0438\u0435 \u0434\u0435\u043f\u043e\u0437\u0438\u0442\u0430, \u0432\u044b\u0432\u043e\u0434 \u0432\u044b\u0438\u0433\u0440\u044b\u0448\u0430\" \/>\n<meta property=\"og:url\" content=\"https:\/\/aviator-igra.net\/es\/\" \/>\n<meta property=\"og:site_name\" content=\"Aviator\" \/>\n<meta property=\"article:modified_time\" content=\"2024-03-15T00:42:08+00:00\" \/>\n<meta name=\"twitter:card\" content=\"summary_large_image\" \/>\n<meta name=\"twitter:label1\" content=\"Tiempo de lectura\" \/>\n\t<meta name=\"twitter:data1\" content=\"33 minutos\" \/>\n<script type=\"application\/ld+json\" class=\"yoast-schema-graph\">{\"@context\":\"https:\/\/schema.org\",\"@graph\":[{\"@type\":\"WebPage\",\"@id\":\"https:\/\/aviator-igra.net\/\",\"url\":\"https:\/\/aviator-igra.net\/\",\"name\":\"\u0418\u0433\u0440\u0430\u0442\u044c \u0432 \u043e\u043d\u043b\u0430\u0439\u043d \u0438\u0433\u0440\u0443 \u0410\u0432\u0438\u0430\u0442\u043e\u0440 \u0432 \u043a\u0430\u0437\u0438\u043d\u043e\",\"isPartOf\":{\"@id\":\"https:\/\/aviator-igra.net\/#website\"},\"datePublished\":\"2024-03-11T18:16:05+00:00\",\"dateModified\":\"2024-03-15T00:42:08+00:00\",\"description\":\"\u0418\u0433\u0440\u0430\u0442\u044c \u0432 \u0410\u0432\u0438\u0430\u0442\u043e\u0440 \u043d\u0430 \u0440\u0435\u0430\u043b\u044c\u043d\u044b\u0435 \u0434\u0435\u043d\u044c\u0433\u0438 \u0432 \u043b\u0443\u0447\u0448\u0438\u0445 \u043e\u043d\u043b\u0430\u0439\u043d \u043a\u0430\u0437\u0438\u043d\u043e. \u041a\u0430\u043a \u0438\u0433\u0440\u0430\u0442\u044c \u0438 \u043f\u043e\u0431\u0435\u0436\u0434\u0430\u0442\u044c, \u0438\u0441\u043f\u043e\u043b\u044c\u0437\u0443\u044f \u0432\u044b\u0433\u043e\u0434\u043d\u044b\u0435 \u0441\u0442\u0440\u0430\u0442\u0435\u0433\u0438\u0438 \u0438\u0433\u0440\u044b. \u0420\u0435\u0433\u0438\u0441\u0442\u0440\u0430\u0446\u0438\u044f, \u043f\u043e\u043f\u043e\u043b\u043d\u0435\u043d\u0438\u0435 \u0434\u0435\u043f\u043e\u0437\u0438\u0442\u0430, \u0432\u044b\u0432\u043e\u0434 \u0432\u044b\u0438\u0433\u0440\u044b\u0448\u0430\",\"breadcrumb\":{\"@id\":\"https:\/\/aviator-igra.net\/#breadcrumb\"},\"inLanguage\":\"es-ES\",\"potentialAction\":[{\"@type\":\"ReadAction\",\"target\":[\"https:\/\/aviator-igra.net\/\"]}]},{\"@type\":\"BreadcrumbList\",\"@id\":\"https:\/\/aviator-igra.net\/#breadcrumb\",\"itemListElement\":[{\"@type\":\"ListItem\",\"position\":1,\"name\":\"Home\",\"item\":\"https:\/\/aviator-igra.net\/\"},{\"@type\":\"ListItem\",\"position\":2,\"name\":\"\u0427\u0442\u043e \u0442\u0430\u043a\u043e\u0435 \u043e\u043d\u043b\u0430\u0439\u043d \u0438\u0433\u0440\u0430 \u0410\u0432\u0438\u0430\u0442\u043e\u0440?\"}]},{\"@type\":\"WebSite\",\"@id\":\"https:\/\/aviator-igra.net\/#website\",\"url\":\"https:\/\/aviator-igra.net\/\",\"name\":\"Aviator\",\"description\":\"\",\"publisher\":{\"@id\":\"https:\/\/aviator-igra.net\/#organization\"},\"potentialAction\":[{\"@type\":\"SearchAction\",\"target\":{\"@type\":\"EntryPoint\",\"urlTemplate\":\"https:\/\/aviator-igra.net\/?s={search_term_string}\"},\"query-input\":{\"@type\":\"PropertyValueSpecification\",\"valueRequired\":true,\"valueName\":\"search_term_string\"}}],\"inLanguage\":\"es-ES\"},{\"@type\":\"Organization\",\"@id\":\"https:\/\/aviator-igra.net\/#organization\",\"name\":\"Aviator\",\"url\":\"https:\/\/aviator-igra.net\/\",\"logo\":{\"@type\":\"ImageObject\",\"inLanguage\":\"es-ES\",\"@id\":\"https:\/\/aviator-igra.net\/#\/schema\/logo\/image\/\",\"url\":\"https:\/\/aviator-igra.net\/wp-content\/uploads\/Aviator-logo.png\",\"contentUrl\":\"https:\/\/aviator-igra.net\/wp-content\/uploads\/Aviator-logo.png\",\"width\":350,\"height\":90,\"caption\":\"Aviator\"},\"image\":{\"@id\":\"https:\/\/aviator-igra.net\/#\/schema\/logo\/image\/\"}}]}<\/script>\n<!-- \/ Yoast SEO plugin. -->","yoast_head_json":{"title":"\u0418\u0433\u0440\u0430\u0442\u044c \u0432 \u043e\u043d\u043b\u0430\u0439\u043d \u0438\u0433\u0440\u0443 \u0410\u0432\u0438\u0430\u0442\u043e\u0440 \u0432 \u043a\u0430\u0437\u0438\u043d\u043e","description":"Juega Aviator por dinero real en los mejores casinos en l\u00ednea. C\u00f3mo jugar y ganar usando estrategias de juego ventajosas. Registro, dep\u00f3sito, retiro de ganancias.","robots":{"index":"index","follow":"follow","max-snippet":"max-snippet:-1","max-image-preview":"max-image-preview:large","max-video-preview":"max-video-preview:-1"},"canonical":"https:\/\/aviator-igra.net\/es\/","og_locale":"es_ES","og_type":"article","og_title":"\u0418\u0433\u0440\u0430\u0442\u044c \u0432 \u043e\u043d\u043b\u0430\u0439\u043d \u0438\u0433\u0440\u0443 \u0410\u0432\u0438\u0430\u0442\u043e\u0440 \u0432 \u043a\u0430\u0437\u0438\u043d\u043e","og_description":"\u0418\u0433\u0440\u0430\u0442\u044c \u0432 \u0410\u0432\u0438\u0430\u0442\u043e\u0440 \u043d\u0430 \u0440\u0435\u0430\u043b\u044c\u043d\u044b\u0435 \u0434\u0435\u043d\u044c\u0433\u0438 \u0432 \u043b\u0443\u0447\u0448\u0438\u0445 \u043e\u043d\u043b\u0430\u0439\u043d \u043a\u0430\u0437\u0438\u043d\u043e. \u041a\u0430\u043a \u0438\u0433\u0440\u0430\u0442\u044c \u0438 \u043f\u043e\u0431\u0435\u0436\u0434\u0430\u0442\u044c, \u0438\u0441\u043f\u043e\u043b\u044c\u0437\u0443\u044f \u0432\u044b\u0433\u043e\u0434\u043d\u044b\u0435 \u0441\u0442\u0440\u0430\u0442\u0435\u0433\u0438\u0438 \u0438\u0433\u0440\u044b. \u0420\u0435\u0433\u0438\u0441\u0442\u0440\u0430\u0446\u0438\u044f, \u043f\u043e\u043f\u043e\u043b\u043d\u0435\u043d\u0438\u0435 \u0434\u0435\u043f\u043e\u0437\u0438\u0442\u0430, \u0432\u044b\u0432\u043e\u0434 \u0432\u044b\u0438\u0433\u0440\u044b\u0448\u0430","og_url":"https:\/\/aviator-igra.net\/es\/","og_site_name":"Aviator","article_modified_time":"2024-03-15T00:42:08+00:00","twitter_card":"summary_large_image","twitter_misc":{"Tiempo de lectura":"33 minutos"},"schema":{"@context":"https:\/\/schema.org","@graph":[{"@type":"WebPage","@id":"https:\/\/aviator-igra.net\/","url":"https:\/\/aviator-igra.net\/","name":"\u0418\u0433\u0440\u0430\u0442\u044c \u0432 \u043e\u043d\u043b\u0430\u0439\u043d \u0438\u0433\u0440\u0443 \u0410\u0432\u0438\u0430\u0442\u043e\u0440 \u0432 \u043a\u0430\u0437\u0438\u043d\u043e","isPartOf":{"@id":"https:\/\/aviator-igra.net\/#website"},"datePublished":"2024-03-11T18:16:05+00:00","dateModified":"2024-03-15T00:42:08+00:00","description":"\u0418\u0433\u0440\u0430\u0442\u044c \u0432 \u0410\u0432\u0438\u0430\u0442\u043e\u0440 \u043d\u0430 \u0440\u0435\u0430\u043b\u044c\u043d\u044b\u0435 \u0434\u0435\u043d\u044c\u0433\u0438 \u0432 \u043b\u0443\u0447\u0448\u0438\u0445 \u043e\u043d\u043b\u0430\u0439\u043d \u043a\u0430\u0437\u0438\u043d\u043e. \u041a\u0430\u043a \u0438\u0433\u0440\u0430\u0442\u044c \u0438 \u043f\u043e\u0431\u0435\u0436\u0434\u0430\u0442\u044c, \u0438\u0441\u043f\u043e\u043b\u044c\u0437\u0443\u044f \u0432\u044b\u0433\u043e\u0434\u043d\u044b\u0435 \u0441\u0442\u0440\u0430\u0442\u0435\u0433\u0438\u0438 \u0438\u0433\u0440\u044b. \u0420\u0435\u0433\u0438\u0441\u0442\u0440\u0430\u0446\u0438\u044f, \u043f\u043e\u043f\u043e\u043b\u043d\u0435\u043d\u0438\u0435 \u0434\u0435\u043f\u043e\u0437\u0438\u0442\u0430, \u0432\u044b\u0432\u043e\u0434 \u0432\u044b\u0438\u0433\u0440\u044b\u0448\u0430","breadcrumb":{"@id":"https:\/\/aviator-igra.net\/#breadcrumb"},"inLanguage":"es-ES","potentialAction":[{"@type":"ReadAction","target":["https:\/\/aviator-igra.net\/"]}]},{"@type":"BreadcrumbList","@id":"https:\/\/aviator-igra.net\/#breadcrumb","itemListElement":[{"@type":"ListItem","position":1,"name":"Home","item":"https:\/\/aviator-igra.net\/"},{"@type":"ListItem","position":2,"name":"\u0427\u0442\u043e \u0442\u0430\u043a\u043e\u0435 \u043e\u043d\u043b\u0430\u0439\u043d \u0438\u0433\u0440\u0430 \u0410\u0432\u0438\u0430\u0442\u043e\u0440?"}]},{"@type":"WebSite","@id":"https:\/\/aviator-igra.net\/#website","url":"https:\/\/aviator-igra.net\/","name":"Aviator","description":"","publisher":{"@id":"https:\/\/aviator-igra.net\/#organization"},"potentialAction":[{"@type":"SearchAction","target":{"@type":"EntryPoint","urlTemplate":"https:\/\/aviator-igra.net\/?s={search_term_string}"},"query-input":{"@type":"PropertyValueSpecification","valueRequired":true,"valueName":"search_term_string"}}],"inLanguage":"es-ES"},{"@type":"Organization","@id":"https:\/\/aviator-igra.net\/#organization","name":"Aviator","url":"https:\/\/aviator-igra.net\/","logo":{"@type":"ImageObject","inLanguage":"es-ES","@id":"https:\/\/aviator-igra.net\/#\/schema\/logo\/image\/","url":"https:\/\/aviator-igra.net\/wp-content\/uploads\/Aviator-logo.png","contentUrl":"https:\/\/aviator-igra.net\/wp-content\/uploads\/Aviator-logo.png","width":350,"height":90,"caption":"Aviator"},"image":{"@id":"https:\/\/aviator-igra.net\/#\/schema\/logo\/image\/"}}]}},"_links":{"self":[{"href":"https:\/\/aviator-igra.net\/es\/wp-json\/wp\/v2\/pages\/7","targetHints":{"allow":["GET"]}}],"collection":[{"href":"https:\/\/aviator-igra.net\/es\/wp-json\/wp\/v2\/pages"}],"about":[{"href":"https:\/\/aviator-igra.net\/es\/wp-json\/wp\/v2\/types\/page"}],"author":[{"embeddable":true,"href":"https:\/\/aviator-igra.net\/es\/wp-json\/wp\/v2\/users\/1"}],"replies":[{"embeddable":true,"href":"https:\/\/aviator-igra.net\/es\/wp-json\/wp\/v2\/comments?post=7"}],"version-history":[{"count":42,"href":"https:\/\/aviator-igra.net\/es\/wp-json\/wp\/v2\/pages\/7\/revisions"}],"predecessor-version":[{"id":128,"href":"https:\/\/aviator-igra.net\/es\/wp-json\/wp\/v2\/pages\/7\/revisions\/128"}],"wp:attachment":[{"href":"https:\/\/aviator-igra.net\/es\/wp-json\/wp\/v2\/media?parent=7"}],"curies":[{"name":"wp","href":"https:\/\/api.w.org\/{rel}","templated":true}]}}