{"id":15,"date":"2024-03-11T21:19:08","date_gmt":"2024-03-11T18:19:08","guid":{"rendered":"https:\/\/aviator-igra.net\/?page_id=15"},"modified":"2024-03-14T21:05:49","modified_gmt":"2024-03-14T18:05:49","slug":"register","status":"publish","type":"page","link":"https:\/\/aviator-igra.net\/es\/register\/","title":{"rendered":"Registro en un casino para jugar Aviator"},"content":{"rendered":"<p>Si has decidido jugar Aviator, tu primer paso es registrarte en el casino. Elegir un casino en l\u00ednea es otro asunto, y no tocaremos los criterios de selecci\u00f3n. Perm\u00edtenos guiarte a trav\u00e9s de todas las etapas de registro en el casino en l\u00ednea, desde el registro hasta despegar en Aviator.<\/p>\n<h2><strong>M\u00e9todos de Registro en el Casino<\/strong><\/h2>\n<p>En el mundo de los casinos en l\u00ednea, el registro es tu primer paso para jugar. Por lo general, sin registro, no puedes jugar ni siquiera por dinero real. Los casinos suelen ofrecer varios m\u00e9todos de registro:<\/p>\n<ul>\n<li><strong>A trav\u00e9s del correo electr\u00f3nico:<\/strong> Necesitar\u00e1s proporcionar tu correo electr\u00f3nico y crear una contrase\u00f1a. Despu\u00e9s de completar el formulario, verifica tu correo electr\u00f3nico para confirmar tu registro. Necesitar\u00e1s ingresar el c\u00f3digo recibido en tu correo electr\u00f3nico o hacer clic en el enlace.<\/li>\n<li><strong>A trav\u00e9s de redes sociales:<\/strong> Muchos casinos te permiten usar tu cuenta de redes sociales para un registro r\u00e1pido. Es conveniente y ahorra tiempo. Sin embargo, esto no te exime de la necesidad de pasar por el proceso de registro de la cuenta.<\/li>\n<li><strong>A trav\u00e9s del n\u00famero de tel\u00e9fono:<\/strong> Ingresa tu n\u00famero de tel\u00e9fono y se enviar\u00e1 un c\u00f3digo de confirmaci\u00f3n de registro a \u00e9l. Despu\u00e9s de eso, deber\u00e1s completar toda la informaci\u00f3n b\u00e1sica sobre ti, incluyendo tu nombre, fecha de nacimiento y otros detalles.<\/li>\n<\/ul>\n<p>Elige el m\u00e9todo que mejor te convenga y comienza el proceso de registro. Por lo general, el registro en el sitio web oficial del casino no lleva m\u00e1s de 2 minutos.<\/p>\n<h2><strong>La Necesidad de Verificaci\u00f3n de la Cuenta<\/strong><\/h2>\n<p>Despu\u00e9s del registro, es posible que te sometas a un proceso de verificaci\u00f3n. Esto es importante para garantizar la seguridad de tu cuenta y fondos, as\u00ed como para confirmar tu identidad. La verificaci\u00f3n ayuda a prevenir el fraude y garantiza que los premios se paguen a los propietarios leg\u00edtimos.<\/p>\n<p>Para verificar, deber\u00e1s proporcionar:<\/p>\n<ul>\n<li>Una foto o escaneo de tu pasaporte u otro documento de identidad.<\/li>\n<li>Documentos que confirmen tu direcci\u00f3n de residencia.<\/li>\n<li>Capturas de pantalla o fotos de fondos de dep\u00f3sito para confirmar la fuente de fondos.<\/li>\n<\/ul>\n<p>Muchos jugadores piensan que la verificaci\u00f3n no es tan importante, pero esto es un error. Cualquier casino es m\u00e1s sospechoso de los jugadores que no han pasado por el procedimiento de verificaci\u00f3n. Si ganas una gran suma de dinero, el casino tendr\u00e1 menos razones para no pagarte tus ganancias.<\/p>\n<h2><strong>Haciendo un Dep\u00f3sito<\/strong><\/h2>\n<p>Una vez que se haya creado y verificado tu cuenta, es hora de cargar tu saldo. Los casinos ofrecen varios m\u00e9todos para hacer dep\u00f3sitos:<\/p>\n<ul>\n<li><strong>Tarjetas de cr\u00e9dito\/d\u00e9bito:<\/strong> Visa, MasterCard: la opci\u00f3n cl\u00e1sica y m\u00e1s com\u00fan.<\/li>\n<li><strong>Monederos electr\u00f3nicos:<\/strong> Skrill, Neteller, PayPal y otros sistemas populares para transacciones r\u00e1pidas.<\/li>\n<li><strong>Criptomonedas:<\/strong> Bitcoin, Ethereum y otras criptomonedas se est\u00e1n volviendo cada vez m\u00e1s populares debido a su anonimato y seguridad.<\/li>\n<\/ul>\n<p>Por lo general, todos los m\u00e9todos de pago incluyen las tres opciones. Elige el m\u00e9todo que mejor te convenga y sigue las instrucciones del casino.<\/p>\n<h2><strong>Retirando las Ganancias<\/strong><\/h2>\n<p>Una vez que hayas acumulado ganancias, es hora de retirarlas. El proceso es similar al de hacer un dep\u00f3sito, pero ten en cuenta que los casinos pueden solicitar verificaci\u00f3n adicional antes del primer retiro. El primer retiro es el m\u00e1s dif\u00edcil.<\/p>\n<p>Elige tu m\u00e9todo de retiro preferido, que puede incluir tarjetas bancarias, monederos electr\u00f3nicos o criptomonedas, y sigue el proceso del casino para una transferencia exitosa a tu cuenta.<\/p>\n","protected":false},"excerpt":{"rendered":"<p>Si has decidido jugar Aviator, tu primer paso es registrarte en el casino. Elegir un casino en l\u00ednea es otro asunto, y no tocaremos los criterios de selecci\u00f3n. Perm\u00edtenos guiarte a trav\u00e9s de todas las etapas de registro en el casino en l\u00ednea, desde el registro hasta despegar en Aviator. M\u00e9todos de Registro en el [&hellip;]<\/p>\n","protected":false},"author":1,"featured_media":0,"parent":0,"menu_order":0,"comment_status":"closed","ping_status":"closed","template":"","meta":{"footnotes":""},"class_list":["post-15","page","type-page","status-publish","hentry"],"yoast_head":"<!-- This site is optimized with the Yoast SEO plugin v27.2 - https:\/\/yoast.com\/product\/yoast-seo-wordpress\/ -->\n<title>\u0544\u056b\u0561\u0581\u0576\u0565\u056c\u0578\u0582 \u0561\u0576\u056c\u0561\u0580 \u056d\u0561\u0572\u0561\u0572\u0578\u0582\u0569\u0575\u0561\u0576 \u0570\u0561\u0574\u0561\u0580 \u0585\u0576\u056c\u0561\u0575\u0576 \u056f\u0561\u0566\u056b\u0576\u0578\u0582\u0578\u0582\u0574:<\/title>\n<meta name=\"description\" content=\"Completar el registro en el sitio web oficial del casino en l\u00ednea para jugar Aviator. Hacer un dep\u00f3sito y retirar ganancias. Verificaci\u00f3n de la cuenta del jugador.\" \/>\n<meta name=\"robots\" content=\"index, follow, max-snippet:-1, max-image-preview:large, max-video-preview:-1\" \/>\n<link rel=\"canonical\" href=\"https:\/\/aviator-igra.net\/es\/register\/\" \/>\n<meta property=\"og:locale\" content=\"es_ES\" \/>\n<meta property=\"og:locale:alternate\" content=\"ru_RU\" \/>\n<meta property=\"og:locale:alternate\" content=\"en_US\" \/>\n<meta property=\"og:locale:alternate\" content=\"pt_PT\" \/>\n<meta property=\"og:locale:alternate\" content=\"sr_RS\" \/>\n<meta property=\"og:locale:alternate\" content=\"bg_BG\" \/>\n<meta property=\"og:locale:alternate\" content=\"ro_RO\" \/>\n<meta property=\"og:locale:alternate\" content=\"uk\" \/>\n<meta property=\"og:locale:alternate\" content=\"bel\" \/>\n<meta property=\"og:locale:alternate\" content=\"ka_GE\" \/>\n<meta property=\"og:locale:alternate\" content=\"hy\" \/>\n<meta property=\"og:locale:alternate\" content=\"az\" \/>\n<meta property=\"og:locale:alternate\" content=\"kk\" \/>\n<meta property=\"og:locale:alternate\" content=\"ky_KY\" \/>\n<meta property=\"og:locale:alternate\" content=\"uz_UZ\" \/>\n<meta property=\"og:locale:alternate\" content=\"tg\" \/>\n<meta property=\"og:locale:alternate\" content=\"et\" \/>\n<meta property=\"og:locale:alternate\" content=\"lt_LT\" \/>\n<meta property=\"og:locale:alternate\" content=\"lv\" \/>\n<meta property=\"og:locale:alternate\" content=\"fi\" \/>\n<meta property=\"og:type\" content=\"article\" \/>\n<meta property=\"og:title\" content=\"\u0544\u056b\u0561\u0581\u0576\u0565\u056c\u0578\u0582 \u0561\u0576\u056c\u0561\u0580 \u056d\u0561\u0572\u0561\u0572\u0578\u0582\u0569\u0575\u0561\u0576 \u0570\u0561\u0574\u0561\u0580 \u0585\u0576\u056c\u0561\u0575\u0576 \u056f\u0561\u0566\u056b\u0576\u0578\u0582\u0578\u0582\u0574:\" \/>\n<meta property=\"og:description\" content=\"\u0531\u057e\u0561\u057f\u0561\u0580\u0578\u057e \u056d\u0561\u0572\u0561\u056c\u0578\u0582 \u0570\u0561\u0574\u0561\u0580 \u0569\u0578\u0582\u0575\u056c\u0561\u057f\u0580\u0565\u056c\u0578\u0582 \u056f\u0561\u0575\u0584\u056b \u057a\u0561\u057f\u0573\u0561\u057c\u0578\u057e \u0563\u0580\u0561\u0576\u0581\u057e\u0565\u056c: \u053f\u0561\u057f\u0561\u0580\u0565\u056c \u0564\u0565\u057a\u0578\u0566\u056b\u057f\u0568 \u0587 \u057e\u0573\u0561\u0580\u0565\u056c \u0570\u0561\u0572\u0578\u0580\u0564\u0561\u0563\u0580\u0561\u056e\u0568: \u053d\u0561\u0572\u0561\u0580\u056f\u0578\u0582\u0569\u0575\u0561\u0576 \u0561\u056f\u057f\u056b\u057e\u0561\u0581\u0578\u0582\u0574:\" \/>\n<meta property=\"og:url\" content=\"https:\/\/aviator-igra.net\/es\/register\/\" \/>\n<meta property=\"og:site_name\" content=\"Aviator\" \/>\n<meta property=\"article:modified_time\" content=\"2024-03-14T18:05:49+00:00\" \/>\n<meta name=\"twitter:card\" content=\"summary_large_image\" \/>\n<meta name=\"twitter:label1\" content=\"Tiempo de lectura\" \/>\n\t<meta name=\"twitter:data1\" content=\"28 minutos\" \/>\n<script type=\"application\/ld+json\" class=\"yoast-schema-graph\">{\"@context\":\"https:\/\/schema.org\",\"@graph\":[{\"@type\":\"WebPage\",\"@id\":\"https:\/\/aviator-igra.net\/hy\/register\/\",\"url\":\"https:\/\/aviator-igra.net\/hy\/register\/\",\"name\":\"\u0544\u056b\u0561\u0581\u0576\u0565\u056c\u0578\u0582 \u0561\u0576\u056c\u0561\u0580 \u056d\u0561\u0572\u0561\u0572\u0578\u0582\u0569\u0575\u0561\u0576 \u0570\u0561\u0574\u0561\u0580 \u0585\u0576\u056c\u0561\u0575\u0576 \u056f\u0561\u0566\u056b\u0576\u0578\u0582\u0578\u0582\u0574:\",\"isPartOf\":{\"@id\":\"https:\/\/aviator-igra.net\/#website\"},\"datePublished\":\"2024-03-11T18:19:08+00:00\",\"dateModified\":\"2024-03-14T18:05:49+00:00\",\"description\":\"\u0531\u057e\u0561\u057f\u0561\u0580\u0578\u057e \u056d\u0561\u0572\u0561\u056c\u0578\u0582 \u0570\u0561\u0574\u0561\u0580 \u0569\u0578\u0582\u0575\u056c\u0561\u057f\u0580\u0565\u056c\u0578\u0582 \u056f\u0561\u0575\u0584\u056b \u057a\u0561\u057f\u0573\u0561\u057c\u0578\u057e \u0563\u0580\u0561\u0576\u0581\u057e\u0565\u056c: \u053f\u0561\u057f\u0561\u0580\u0565\u056c \u0564\u0565\u057a\u0578\u0566\u056b\u057f\u0568 \u0587 \u057e\u0573\u0561\u0580\u0565\u056c \u0570\u0561\u0572\u0578\u0580\u0564\u0561\u0563\u0580\u0561\u056e\u0568: \u053d\u0561\u0572\u0561\u0580\u056f\u0578\u0582\u0569\u0575\u0561\u0576 \u0561\u056f\u057f\u056b\u057e\u0561\u0581\u0578\u0582\u0574:\",\"breadcrumb\":{\"@id\":\"https:\/\/aviator-igra.net\/hy\/register\/#breadcrumb\"},\"inLanguage\":\"es-ES\",\"potentialAction\":[{\"@type\":\"ReadAction\",\"target\":[\"https:\/\/aviator-igra.net\/hy\/register\/\"]}]},{\"@type\":\"BreadcrumbList\",\"@id\":\"https:\/\/aviator-igra.net\/hy\/register\/#breadcrumb\",\"itemListElement\":[{\"@type\":\"ListItem\",\"position\":1,\"name\":\"Home\",\"item\":\"https:\/\/aviator-igra.net\/\"},{\"@type\":\"ListItem\",\"position\":2,\"name\":\"\u0533\u0580\u0561\u0576\u0581\u0578\u0582\u0574 \u056f\u0561\u0566\u056b\u0576\u0578\u0578\u0582\u0574 \u0555\u0564\u0561\u0576\u0561\u057e\u0561\u056f\u0561\u0575\u056b\u0576 \u0561\u057c\u0561\u057b\u0561\u0580\u056f\u0578\u0582\u0574 \u056d\u0561\u0572\u0561\u056c\u0578\u0582 \u0570\u0561\u0574\u0561\u0580\u0589\"}]},{\"@type\":\"WebSite\",\"@id\":\"https:\/\/aviator-igra.net\/#website\",\"url\":\"https:\/\/aviator-igra.net\/\",\"name\":\"Aviator\",\"description\":\"\",\"publisher\":{\"@id\":\"https:\/\/aviator-igra.net\/#organization\"},\"potentialAction\":[{\"@type\":\"SearchAction\",\"target\":{\"@type\":\"EntryPoint\",\"urlTemplate\":\"https:\/\/aviator-igra.net\/?s={search_term_string}\"},\"query-input\":{\"@type\":\"PropertyValueSpecification\",\"valueRequired\":true,\"valueName\":\"search_term_string\"}}],\"inLanguage\":\"es-ES\"},{\"@type\":\"Organization\",\"@id\":\"https:\/\/aviator-igra.net\/#organization\",\"name\":\"Aviator\",\"url\":\"https:\/\/aviator-igra.net\/\",\"logo\":{\"@type\":\"ImageObject\",\"inLanguage\":\"es-ES\",\"@id\":\"https:\/\/aviator-igra.net\/#\/schema\/logo\/image\/\",\"url\":\"https:\/\/aviator-igra.net\/wp-content\/uploads\/Aviator-logo.png\",\"contentUrl\":\"https:\/\/aviator-igra.net\/wp-content\/uploads\/Aviator-logo.png\",\"width\":350,\"height\":90,\"caption\":\"Aviator\"},\"image\":{\"@id\":\"https:\/\/aviator-igra.net\/#\/schema\/logo\/image\/\"}}]}<\/script>\n<!-- \/ Yoast SEO plugin. -->","yoast_head_json":{"title":"\u0544\u056b\u0561\u0581\u0576\u0565\u056c\u0578\u0582 \u0561\u0576\u056c\u0561\u0580 \u056d\u0561\u0572\u0561\u0572\u0578\u0582\u0569\u0575\u0561\u0576 \u0570\u0561\u0574\u0561\u0580 \u0585\u0576\u056c\u0561\u0575\u0576 \u056f\u0561\u0566\u056b\u0576\u0578\u0582\u0578\u0582\u0574:","description":"Completar el registro en el sitio web oficial del casino en l\u00ednea para jugar Aviator. Hacer un dep\u00f3sito y retirar ganancias. Verificaci\u00f3n de la cuenta del jugador.","robots":{"index":"index","follow":"follow","max-snippet":"max-snippet:-1","max-image-preview":"max-image-preview:large","max-video-preview":"max-video-preview:-1"},"canonical":"https:\/\/aviator-igra.net\/es\/register\/","og_locale":"es_ES","og_type":"article","og_title":"\u0544\u056b\u0561\u0581\u0576\u0565\u056c\u0578\u0582 \u0561\u0576\u056c\u0561\u0580 \u056d\u0561\u0572\u0561\u0572\u0578\u0582\u0569\u0575\u0561\u0576 \u0570\u0561\u0574\u0561\u0580 \u0585\u0576\u056c\u0561\u0575\u0576 \u056f\u0561\u0566\u056b\u0576\u0578\u0582\u0578\u0582\u0574:","og_description":"\u0531\u057e\u0561\u057f\u0561\u0580\u0578\u057e \u056d\u0561\u0572\u0561\u056c\u0578\u0582 \u0570\u0561\u0574\u0561\u0580 \u0569\u0578\u0582\u0575\u056c\u0561\u057f\u0580\u0565\u056c\u0578\u0582 \u056f\u0561\u0575\u0584\u056b \u057a\u0561\u057f\u0573\u0561\u057c\u0578\u057e \u0563\u0580\u0561\u0576\u0581\u057e\u0565\u056c: \u053f\u0561\u057f\u0561\u0580\u0565\u056c \u0564\u0565\u057a\u0578\u0566\u056b\u057f\u0568 \u0587 \u057e\u0573\u0561\u0580\u0565\u056c \u0570\u0561\u0572\u0578\u0580\u0564\u0561\u0563\u0580\u0561\u056e\u0568: \u053d\u0561\u0572\u0561\u0580\u056f\u0578\u0582\u0569\u0575\u0561\u0576 \u0561\u056f\u057f\u056b\u057e\u0561\u0581\u0578\u0582\u0574:","og_url":"https:\/\/aviator-igra.net\/es\/register\/","og_site_name":"Aviator","article_modified_time":"2024-03-14T18:05:49+00:00","twitter_card":"summary_large_image","twitter_misc":{"Tiempo de lectura":"28 minutos"},"schema":{"@context":"https:\/\/schema.org","@graph":[{"@type":"WebPage","@id":"https:\/\/aviator-igra.net\/hy\/register\/","url":"https:\/\/aviator-igra.net\/hy\/register\/","name":"\u0544\u056b\u0561\u0581\u0576\u0565\u056c\u0578\u0582 \u0561\u0576\u056c\u0561\u0580 \u056d\u0561\u0572\u0561\u0572\u0578\u0582\u0569\u0575\u0561\u0576 \u0570\u0561\u0574\u0561\u0580 \u0585\u0576\u056c\u0561\u0575\u0576 \u056f\u0561\u0566\u056b\u0576\u0578\u0582\u0578\u0582\u0574:","isPartOf":{"@id":"https:\/\/aviator-igra.net\/#website"},"datePublished":"2024-03-11T18:19:08+00:00","dateModified":"2024-03-14T18:05:49+00:00","description":"\u0531\u057e\u0561\u057f\u0561\u0580\u0578\u057e \u056d\u0561\u0572\u0561\u056c\u0578\u0582 \u0570\u0561\u0574\u0561\u0580 \u0569\u0578\u0582\u0575\u056c\u0561\u057f\u0580\u0565\u056c\u0578\u0582 \u056f\u0561\u0575\u0584\u056b \u057a\u0561\u057f\u0573\u0561\u057c\u0578\u057e \u0563\u0580\u0561\u0576\u0581\u057e\u0565\u056c: \u053f\u0561\u057f\u0561\u0580\u0565\u056c \u0564\u0565\u057a\u0578\u0566\u056b\u057f\u0568 \u0587 \u057e\u0573\u0561\u0580\u0565\u056c \u0570\u0561\u0572\u0578\u0580\u0564\u0561\u0563\u0580\u0561\u056e\u0568: \u053d\u0561\u0572\u0561\u0580\u056f\u0578\u0582\u0569\u0575\u0561\u0576 \u0561\u056f\u057f\u056b\u057e\u0561\u0581\u0578\u0582\u0574:","breadcrumb":{"@id":"https:\/\/aviator-igra.net\/hy\/register\/#breadcrumb"},"inLanguage":"es-ES","potentialAction":[{"@type":"ReadAction","target":["https:\/\/aviator-igra.net\/hy\/register\/"]}]},{"@type":"BreadcrumbList","@id":"https:\/\/aviator-igra.net\/hy\/register\/#breadcrumb","itemListElement":[{"@type":"ListItem","position":1,"name":"Home","item":"https:\/\/aviator-igra.net\/"},{"@type":"ListItem","position":2,"name":"\u0533\u0580\u0561\u0576\u0581\u0578\u0582\u0574 \u056f\u0561\u0566\u056b\u0576\u0578\u0578\u0582\u0574 \u0555\u0564\u0561\u0576\u0561\u057e\u0561\u056f\u0561\u0575\u056b\u0576 \u0561\u057c\u0561\u057b\u0561\u0580\u056f\u0578\u0582\u0574 \u056d\u0561\u0572\u0561\u056c\u0578\u0582 \u0570\u0561\u0574\u0561\u0580\u0589"}]},{"@type":"WebSite","@id":"https:\/\/aviator-igra.net\/#website","url":"https:\/\/aviator-igra.net\/","name":"Aviator","description":"","publisher":{"@id":"https:\/\/aviator-igra.net\/#organization"},"potentialAction":[{"@type":"SearchAction","target":{"@type":"EntryPoint","urlTemplate":"https:\/\/aviator-igra.net\/?s={search_term_string}"},"query-input":{"@type":"PropertyValueSpecification","valueRequired":true,"valueName":"search_term_string"}}],"inLanguage":"es-ES"},{"@type":"Organization","@id":"https:\/\/aviator-igra.net\/#organization","name":"Aviator","url":"https:\/\/aviator-igra.net\/","logo":{"@type":"ImageObject","inLanguage":"es-ES","@id":"https:\/\/aviator-igra.net\/#\/schema\/logo\/image\/","url":"https:\/\/aviator-igra.net\/wp-content\/uploads\/Aviator-logo.png","contentUrl":"https:\/\/aviator-igra.net\/wp-content\/uploads\/Aviator-logo.png","width":350,"height":90,"caption":"Aviator"},"image":{"@id":"https:\/\/aviator-igra.net\/#\/schema\/logo\/image\/"}}]}},"_links":{"self":[{"href":"https:\/\/aviator-igra.net\/es\/wp-json\/wp\/v2\/pages\/15","targetHints":{"allow":["GET"]}}],"collection":[{"href":"https:\/\/aviator-igra.net\/es\/wp-json\/wp\/v2\/pages"}],"about":[{"href":"https:\/\/aviator-igra.net\/es\/wp-json\/wp\/v2\/types\/page"}],"author":[{"embeddable":true,"href":"https:\/\/aviator-igra.net\/es\/wp-json\/wp\/v2\/users\/1"}],"replies":[{"embeddable":true,"href":"https:\/\/aviator-igra.net\/es\/wp-json\/wp\/v2\/comments?post=15"}],"version-history":[{"count":45,"href":"https:\/\/aviator-igra.net\/es\/wp-json\/wp\/v2\/pages\/15\/revisions"}],"predecessor-version":[{"id":126,"href":"https:\/\/aviator-igra.net\/es\/wp-json\/wp\/v2\/pages\/15\/revisions\/126"}],"wp:attachment":[{"href":"https:\/\/aviator-igra.net\/es\/wp-json\/wp\/v2\/media?parent=15"}],"curies":[{"name":"wp","href":"https:\/\/api.w.org\/{rel}","templated":true}]}}