{"id":7,"date":"2024-03-11T21:16:05","date_gmt":"2024-03-11T18:16:05","guid":{"rendered":"https:\/\/aviator-igra.net\/?page_id=7"},"modified":"2024-03-15T03:42:08","modified_gmt":"2024-03-15T00:42:08","slug":"aviator","status":"publish","type":"page","link":"https:\/\/aviator-igra.net\/az\/","title":{"rendered":"Aviator onlayn oyunu n\u0259dir?"},"content":{"rendered":"<p>Aviator son ill\u0259rd\u0259 populyar olan crash stili il\u0259 onlayn oyunudur. Oyun u\u00e7u\u015f simulasiyas\u0131d\u0131r, h\u0259r d\u00f6vr u\u00e7an t\u0259yyar\u0259nin u\u00e7u\u015fu il\u0259 simvoliz\u0259 edilir. Oyuncunun \u0259sas m\u0259qs\u0259di bahis qoymaq v\u0259 t\u0259yyar\u0259 ekran\u0131 t\u0259rk etm\u0259d\u0259n qazanc\u0131n\u0131 \u0259ld\u0259 etm\u0259kdir. \u018fg\u0259r t\u0259yyar\u0259 u\u00e7arsa, bu m\u0259\u011flubiyy\u0259tdir, \u00e7\u00fcnki oyuncu bahisi geri \u00e7\u0259k\u0259 bilm\u0259yib. \u018fsas m\u0259qs\u0259d t\u0259yyar\u0259 u\u00e7ana q\u0259d\u0259r qazanc\u0131 geri \u00e7\u0259km\u0259kdir.<\/p>\n<p>Aviator oyunu oyun\u00e7ular \u00fc\u00e7\u00fcn adrenalin m\u0259nb\u0259yi hal\u0131na g\u0259lib, \u00e7\u00fcnki oyun\u00e7ular oyundan \u00e7\u0131xma\u011f\u0131 se\u00e7ir. Eyni zamanda, oyun\u00e7ular tez q\u0259rarlar q\u0259bul etm\u0259li v\u0259 intuisiyaya g\u00fcv\u0259nm\u0259lidirl\u0259r, buna g\u00f6r\u0259 d\u0259 Aviator oyunundak\u0131 h\u0259r t\u0259yyar\u0259 u\u00e7u\u015fu unikal bir \u00e7\u0259tinlikdir. Bu s\u0259b\u0259bd\u0259n, d\u00fcnyan\u0131n d\u0259yi\u015fik yerl\u0259rind\u0259 milyonlarla oyun\u00e7u oyunu sevir.<\/p>\n<h2><strong>Aviator Oyununun Dig\u0259r Crash Oyunlar\u0131ndan F\u0259rql\u0259ri<\/strong><\/h2>\n<p>Y\u0259ni, Aviatorun dig\u0259r oyunlardan f\u0259rql\u0259ndiyi m\u0259s\u0259l\u0259l\u0259ri n\u0259z\u0259r\u0259 alaq. Aviator, g\u00f6rs\u0259l cazib\u0259liliyi v\u0259 qaydalar\u0131n asanl\u0131\u011f\u0131 il\u0259 diqq\u0259t \u00e7\u0259kir. \u018fn\u0259n\u0259vi crash oyunlar\u0131ndan f\u0259rqli olaraq, qaliblik t\u0259\u0259ss\u00fcf etm\u0259nin m\u00fc\u0259yy\u0259n olunmam\u0131\u015f bir \u00e7arpana ba\u011fl\u0131 oldu\u011fu Aviator, oyun\u00e7ulara qazanc\u0131 canl\u0131 zaman\u0131nda t\u0259nziml\u0259m\u0259 imkan\u0131 t\u0259klif edir.<\/p>\n<p>Sosial m\u00fc\u0259yy\u0259nl\u0259\u015fm\u0259 elementi d\u0259 Aviator \u00fc\u00e7\u00fcn unikal\u0131qd\u0131r, bu, oyun\u00e7ulara oyun zaman\u0131 \u00e7atda t\u0259cr\u00fcb\u0259 v\u0259 strategiyalar\u0131n\u0131 payla\u015fma\u011fa imkan verir. \u00c7atdak\u0131 davran\u0131\u015f qaydalar\u0131n\u0131 xat\u0131rlamaq vacibdir, \u00e7\u00fcnki dig\u0259r oyun\u00e7ular\u0131 t\u0259hqir etm\u0259k qada\u011fand\u0131r.<\/p>\n<h2><strong>Aviator Oyununu Oynamaq<\/strong><\/h2>\n<p>H\u0259r bir oyun\u00e7u yaln\u0131z oynamaq ist\u0259mir, h\u0259m d\u0259 qazanmaq ist\u0259yir, realla\u015fan pul qazan\u0131r. Aviator oyunu oynamaq asand\u0131r:<\/p>\n<ul>\n<li>H\u0259r d\u00f6vr ba\u015flamadan \u0259vv\u0259l bir bahis qoyun.<\/li>\n<li>T\u0259yyar\u0259nin u\u00e7u\u015funu izl\u0259yin; qaliblik \u00e7arpan\u0131 y\u00fcks\u0259ldikc\u0259 artar.<\/li>\n<li>T\u0259yyar\u0259 yox olmadan qazanc\u0131n\u0131z\u0131 geri \u00e7\u0259km\u0259k \u00fc\u00e7\u00fcn &#8220;G\u00f6t\u00fcr&#8221; d\u00fcym\u0259sini bas\u0131n. \u018fg\u0259r vaxt\u0131nda etm\u0259s\u0259niz, bahis itirilir.<\/li>\n<\/ul>\n<p>G\u00f6rd\u00fcy\u00fcn\u00fcz \u00e7arpan, bahisin vurdu\u011fu \u0259d\u0259dir. Ba\u015fqa bir deyiml\u0259, \u0259g\u0259r 100 dollarl\u0131q bahis qoysan\u0131z v\u0259 \u00e7arpan\u0131n 2 oldu\u011funu g\u00f6r\u00fcrs\u00fcn\u00fczs\u0259, qalibliyiniz 200 dollard\u0131r. \u018fsas olan, t\u0259yyar\u0259 u\u00e7madan \u0259vv\u0259l bu pulu geri \u00e7\u0259km\u0259kdir.<\/p>\n<h2><strong>Onlayn Oyun Aviator \u00fc\u00e7\u00fcn Strateyalar<\/strong><\/h2>\n<p>Aviatorun m\u00fcxt\u0259lif strateyalar\u0131 var, konservativ yana\u015fmalardan ba\u015flayaraq, ki\u00e7ik qaliblikl\u0259rin t\u0259nziml\u0259nm\u0259sin\u0259 q\u0259d\u0259r, y\u00fcks\u0259k \u00e7arpanlar \u0259ld\u0259 etm\u0259y\u0259 nail olmaq \u00fc\u00e7\u00fcn riskli strateyalar.<\/p>\n<p>Bir populyar taktika bahisl\u0259ri b\u00f6lm\u0259kdir: bir bahis\u0259 sabitliyi t\u0259min etm\u0259k \u00fc\u00e7\u00fcn d\u00fc\u015f\u00fck bir \u00e7arpan \u00fcz\u0259<\/p>\n<p>rin\u0259 bir bahis qoymaq v\u0259 b\u00f6y\u00fck qaliblik \u00fc\u00e7\u00fcn ikincisi. Avto-oyun bu konuda k\u00f6m\u0259k ed\u0259 bil\u0259r, \u00e7\u00fcnki d\u00fc\u015f\u00fck bir \u00e7arpan \u00fc\u00e7\u00fcn qalibiyy\u0259ti avtomatik rejimd\u0259 \u00e7\u0259km\u0259k olar.<\/p>\n<h2><strong>Aviator Oyunu Oynamaq \u00fc\u00e7\u00fcn Onlayn Kazinoya Qeydiyyat<\/strong><\/h2>\n<p>Aviator oynama\u011fa ba\u015flamaq \u00fc\u00e7\u00fcn se\u00e7ilmi\u015f onlayn kazino sayt\u0131nda sad\u0259 bir qeydiyyatdan ke\u00e7m\u0259lisiniz. \u00d6z haqq\u0131n\u0131zda \u0259sas m\u0259lumatlar\u0131 daxil etm\u0259li, e-po\u00e7t \u00fcnvan\u0131n\u0131z\u0131 v\u0259 ya telefon n\u00f6mr\u0259nizi t\u0259sdiql\u0259m\u0259lisiniz v\u0259 ehtiyatlarla hesab\u0131n\u0131z\u0131 do\u011frultma\u011f\u0131n\u0131z m\u00fcmk\u00fcnd\u00fcr.<\/p>\n<p>Hesab\u0131n\u0131z\u0131 do\u011frulama\u011f\u0131 m\u00fcmk\u00fcn olan \u0259n q\u0131sa zamanda etm\u0259yiniz m\u0259sl\u0259h\u0259t g\u00f6r\u00fcl\u00fcr, \u00e7\u00fcnki bu prosedur h\u0259r halda qaliblikl\u0259ri \u00e7\u0259km\u0259d\u0259n \u0259vv\u0259l t\u0259l\u0259b olunur.<\/p>\n<h2><strong>Balans\u0131n\u0131z\u0131 Doldurma v\u0259 Qaliblikl\u0259ri \u00c7\u0259km\u0259k<\/strong><\/h2>\n<p>Balans\u0131n\u0131z\u0131 doldurmaq v\u0259 pul \u00e7\u0131xarmaq \u015f\u0259xsi kabinetinizd\u0259 onlayn kazino sayt\u0131nda h\u0259yata ke\u00e7irilir. Bu \u00fc\u00e7\u00fcn bank kartlar\u0131, elektron k\u0259s\u0259l\u0259r, kripto valyutalar v\u0259 dig\u0259rl\u0259ri kimi m\u00fcxt\u0259lif \u00f6d\u0259ni\u015f metodlar\u0131 t\u0259klif olunur. \u00d6z\u00fcn\u00fcz\u0259 \u00fcst\u00fcnl\u00fck verdiyiniz metodu se\u00e7in, \u00f6d\u0259m\u0259 v\u0259 ya pulun \u00e7\u0131xar\u0131lmas\u0131 \u00fc\u00e7\u00fcn t\u0259limatlar\u0131 izl\u0259yin. Minimum \u0259m\u0259liyyat m\u0259bl\u0259\u011fl\u0259rin\u0259 v\u0259 m\u00fcmk\u00fcn olan xidm\u0259t haqlar\u0131na diqq\u0259t yetirin.<\/p>\n<h2><strong>Aviator Oyununda Bonuslar<\/strong><\/h2>\n<p>Onlayn kazinolar ad\u0259t\u0259n yeni v\u0259 daimi oyun\u00e7ulara bonuslar t\u0259klif edirl\u0259r. Aviator oyununda bu ilk depozit bonusu, pulsuz bahisl\u0259r v\u0259 ya aktiv oyun \u00fc\u00e7\u00fcn cashback ola bil\u0259r. Bonuslardan istifad\u0259 etm\u0259k \u00fc\u00e7\u00fcn onlar\u0131 almaq v\u0259 oynama \u015f\u0259rtl\u0259rini m\u00fctl\u0259q \u00f6yr\u0259nm\u0259lisiniz. Bonuslar qazanma \u015fanslar\u0131n\u0131z\u0131 ciddi d\u0259r\u0259c\u0259d\u0259 art\u0131r\u0131r v\u0259 oyunu daha da maraql\u0131 ed\u0259 bil\u0259r.<\/p>\n","protected":false},"excerpt":{"rendered":"<p>Aviator son ill\u0259rd\u0259 populyar olan crash stili il\u0259 onlayn oyunudur. Oyun u\u00e7u\u015f simulasiyas\u0131d\u0131r, h\u0259r d\u00f6vr u\u00e7an t\u0259yyar\u0259nin u\u00e7u\u015fu il\u0259 simvoliz\u0259 edilir. Oyuncunun \u0259sas m\u0259qs\u0259di bahis qoymaq v\u0259 t\u0259yyar\u0259 ekran\u0131 t\u0259rk etm\u0259d\u0259n qazanc\u0131n\u0131 \u0259ld\u0259 etm\u0259kdir. \u018fg\u0259r t\u0259yyar\u0259 u\u00e7arsa, bu m\u0259\u011flubiyy\u0259tdir, \u00e7\u00fcnki oyuncu bahisi geri \u00e7\u0259k\u0259 bilm\u0259yib. \u018fsas m\u0259qs\u0259d t\u0259yyar\u0259 u\u00e7ana q\u0259d\u0259r qazanc\u0131 geri \u00e7\u0259km\u0259kdir. Aviator oyunu [&hellip;]<\/p>\n","protected":false},"author":1,"featured_media":0,"parent":0,"menu_order":0,"comment_status":"closed","ping_status":"closed","template":"","meta":{"footnotes":""},"class_list":["post-7","page","type-page","status-publish","hentry"],"yoast_head":"<!-- This site is optimized with the Yoast SEO plugin v27.2 - https:\/\/yoast.com\/product\/yoast-seo-wordpress\/ -->\n<title>\u0418\u0433\u0440\u0430\u0442\u044c \u0432 \u043e\u043d\u043b\u0430\u0439\u043d \u0438\u0433\u0440\u0443 \u0410\u0432\u0438\u0430\u0442\u043e\u0440 \u0432 \u043a\u0430\u0437\u0438\u043d\u043e<\/title>\n<meta name=\"description\" content=\"\u018fn yax\u015f\u0131 onlayn kazinolarda Aviator \u00fc\u00e7\u00fcn real pul il\u0259 oyna. Oyun \u00fcst\u00fcnl\u00fckl\u00fc oyun strategiyalar\u0131 istifad\u0259 ed\u0259r\u0259k nec\u0259 oynan\u0131r v\u0259 qal\u0131n\u0131r. Qeydiyyat, depozit, qazan\u00e7lar\u0131n \u00e7\u0131xar\u0131lmas\u0131.\" \/>\n<meta name=\"robots\" content=\"index, follow, max-snippet:-1, max-image-preview:large, max-video-preview:-1\" \/>\n<link rel=\"canonical\" href=\"https:\/\/aviator-igra.net\/az\/\" \/>\n<meta property=\"og:locale\" content=\"az_AZ\" \/>\n<meta property=\"og:locale:alternate\" content=\"ru_RU\" \/>\n<meta property=\"og:locale:alternate\" content=\"en_US\" \/>\n<meta property=\"og:locale:alternate\" content=\"pt_PT\" \/>\n<meta property=\"og:locale:alternate\" content=\"es_ES\" \/>\n<meta property=\"og:locale:alternate\" content=\"sr_RS\" \/>\n<meta property=\"og:locale:alternate\" content=\"bg_BG\" \/>\n<meta property=\"og:locale:alternate\" content=\"ro_RO\" \/>\n<meta property=\"og:locale:alternate\" content=\"uk\" \/>\n<meta property=\"og:locale:alternate\" content=\"bel\" \/>\n<meta property=\"og:locale:alternate\" content=\"ka_GE\" \/>\n<meta property=\"og:locale:alternate\" content=\"hy\" \/>\n<meta property=\"og:locale:alternate\" content=\"kk\" \/>\n<meta property=\"og:locale:alternate\" content=\"ky_KY\" \/>\n<meta property=\"og:locale:alternate\" content=\"uz_UZ\" \/>\n<meta property=\"og:locale:alternate\" content=\"tg\" \/>\n<meta property=\"og:locale:alternate\" content=\"et\" \/>\n<meta property=\"og:locale:alternate\" content=\"lt_LT\" \/>\n<meta property=\"og:locale:alternate\" content=\"lv\" \/>\n<meta property=\"og:locale:alternate\" content=\"fi\" \/>\n<meta property=\"og:type\" content=\"article\" \/>\n<meta property=\"og:title\" content=\"\u0418\u0433\u0440\u0430\u0442\u044c \u0432 \u043e\u043d\u043b\u0430\u0439\u043d \u0438\u0433\u0440\u0443 \u0410\u0432\u0438\u0430\u0442\u043e\u0440 \u0432 \u043a\u0430\u0437\u0438\u043d\u043e\" \/>\n<meta property=\"og:description\" content=\"\u0418\u0433\u0440\u0430\u0442\u044c \u0432 \u0410\u0432\u0438\u0430\u0442\u043e\u0440 \u043d\u0430 \u0440\u0435\u0430\u043b\u044c\u043d\u044b\u0435 \u0434\u0435\u043d\u044c\u0433\u0438 \u0432 \u043b\u0443\u0447\u0448\u0438\u0445 \u043e\u043d\u043b\u0430\u0439\u043d \u043a\u0430\u0437\u0438\u043d\u043e. \u041a\u0430\u043a \u0438\u0433\u0440\u0430\u0442\u044c \u0438 \u043f\u043e\u0431\u0435\u0436\u0434\u0430\u0442\u044c, \u0438\u0441\u043f\u043e\u043b\u044c\u0437\u0443\u044f \u0432\u044b\u0433\u043e\u0434\u043d\u044b\u0435 \u0441\u0442\u0440\u0430\u0442\u0435\u0433\u0438\u0438 \u0438\u0433\u0440\u044b. \u0420\u0435\u0433\u0438\u0441\u0442\u0440\u0430\u0446\u0438\u044f, \u043f\u043e\u043f\u043e\u043b\u043d\u0435\u043d\u0438\u0435 \u0434\u0435\u043f\u043e\u0437\u0438\u0442\u0430, \u0432\u044b\u0432\u043e\u0434 \u0432\u044b\u0438\u0433\u0440\u044b\u0448\u0430\" \/>\n<meta property=\"og:url\" content=\"https:\/\/aviator-igra.net\/az\/\" \/>\n<meta property=\"og:site_name\" content=\"Aviator\" \/>\n<meta property=\"article:modified_time\" content=\"2024-03-15T00:42:08+00:00\" \/>\n<meta name=\"twitter:card\" content=\"summary_large_image\" \/>\n<meta name=\"twitter:label1\" content=\"Est. reading time\" \/>\n\t<meta name=\"twitter:data1\" content=\"33 minutes\" \/>\n<script type=\"application\/ld+json\" class=\"yoast-schema-graph\">{\"@context\":\"https:\/\/schema.org\",\"@graph\":[{\"@type\":\"WebPage\",\"@id\":\"https:\/\/aviator-igra.net\/\",\"url\":\"https:\/\/aviator-igra.net\/\",\"name\":\"\u0418\u0433\u0440\u0430\u0442\u044c \u0432 \u043e\u043d\u043b\u0430\u0439\u043d \u0438\u0433\u0440\u0443 \u0410\u0432\u0438\u0430\u0442\u043e\u0440 \u0432 \u043a\u0430\u0437\u0438\u043d\u043e\",\"isPartOf\":{\"@id\":\"https:\/\/aviator-igra.net\/#website\"},\"datePublished\":\"2024-03-11T18:16:05+00:00\",\"dateModified\":\"2024-03-15T00:42:08+00:00\",\"description\":\"\u0418\u0433\u0440\u0430\u0442\u044c \u0432 \u0410\u0432\u0438\u0430\u0442\u043e\u0440 \u043d\u0430 \u0440\u0435\u0430\u043b\u044c\u043d\u044b\u0435 \u0434\u0435\u043d\u044c\u0433\u0438 \u0432 \u043b\u0443\u0447\u0448\u0438\u0445 \u043e\u043d\u043b\u0430\u0439\u043d \u043a\u0430\u0437\u0438\u043d\u043e. \u041a\u0430\u043a \u0438\u0433\u0440\u0430\u0442\u044c \u0438 \u043f\u043e\u0431\u0435\u0436\u0434\u0430\u0442\u044c, \u0438\u0441\u043f\u043e\u043b\u044c\u0437\u0443\u044f \u0432\u044b\u0433\u043e\u0434\u043d\u044b\u0435 \u0441\u0442\u0440\u0430\u0442\u0435\u0433\u0438\u0438 \u0438\u0433\u0440\u044b. \u0420\u0435\u0433\u0438\u0441\u0442\u0440\u0430\u0446\u0438\u044f, \u043f\u043e\u043f\u043e\u043b\u043d\u0435\u043d\u0438\u0435 \u0434\u0435\u043f\u043e\u0437\u0438\u0442\u0430, \u0432\u044b\u0432\u043e\u0434 \u0432\u044b\u0438\u0433\u0440\u044b\u0448\u0430\",\"breadcrumb\":{\"@id\":\"https:\/\/aviator-igra.net\/#breadcrumb\"},\"inLanguage\":\"az\",\"potentialAction\":[{\"@type\":\"ReadAction\",\"target\":[\"https:\/\/aviator-igra.net\/\"]}]},{\"@type\":\"BreadcrumbList\",\"@id\":\"https:\/\/aviator-igra.net\/#breadcrumb\",\"itemListElement\":[{\"@type\":\"ListItem\",\"position\":1,\"name\":\"Home\",\"item\":\"https:\/\/aviator-igra.net\/\"},{\"@type\":\"ListItem\",\"position\":2,\"name\":\"\u0427\u0442\u043e \u0442\u0430\u043a\u043e\u0435 \u043e\u043d\u043b\u0430\u0439\u043d \u0438\u0433\u0440\u0430 \u0410\u0432\u0438\u0430\u0442\u043e\u0440?\"}]},{\"@type\":\"WebSite\",\"@id\":\"https:\/\/aviator-igra.net\/#website\",\"url\":\"https:\/\/aviator-igra.net\/\",\"name\":\"Aviator\",\"description\":\"\",\"publisher\":{\"@id\":\"https:\/\/aviator-igra.net\/#organization\"},\"potentialAction\":[{\"@type\":\"SearchAction\",\"target\":{\"@type\":\"EntryPoint\",\"urlTemplate\":\"https:\/\/aviator-igra.net\/?s={search_term_string}\"},\"query-input\":{\"@type\":\"PropertyValueSpecification\",\"valueRequired\":true,\"valueName\":\"search_term_string\"}}],\"inLanguage\":\"az\"},{\"@type\":\"Organization\",\"@id\":\"https:\/\/aviator-igra.net\/#organization\",\"name\":\"Aviator\",\"url\":\"https:\/\/aviator-igra.net\/\",\"logo\":{\"@type\":\"ImageObject\",\"inLanguage\":\"az\",\"@id\":\"https:\/\/aviator-igra.net\/#\/schema\/logo\/image\/\",\"url\":\"https:\/\/aviator-igra.net\/wp-content\/uploads\/Aviator-logo.png\",\"contentUrl\":\"https:\/\/aviator-igra.net\/wp-content\/uploads\/Aviator-logo.png\",\"width\":350,\"height\":90,\"caption\":\"Aviator\"},\"image\":{\"@id\":\"https:\/\/aviator-igra.net\/#\/schema\/logo\/image\/\"}}]}<\/script>\n<!-- \/ Yoast SEO plugin. -->","yoast_head_json":{"title":"\u0418\u0433\u0440\u0430\u0442\u044c \u0432 \u043e\u043d\u043b\u0430\u0439\u043d \u0438\u0433\u0440\u0443 \u0410\u0432\u0438\u0430\u0442\u043e\u0440 \u0432 \u043a\u0430\u0437\u0438\u043d\u043e","description":"\u018fn yax\u015f\u0131 onlayn kazinolarda Aviator \u00fc\u00e7\u00fcn real pul il\u0259 oyna. Oyun \u00fcst\u00fcnl\u00fckl\u00fc oyun strategiyalar\u0131 istifad\u0259 ed\u0259r\u0259k nec\u0259 oynan\u0131r v\u0259 qal\u0131n\u0131r. Qeydiyyat, depozit, qazan\u00e7lar\u0131n \u00e7\u0131xar\u0131lmas\u0131.","robots":{"index":"index","follow":"follow","max-snippet":"max-snippet:-1","max-image-preview":"max-image-preview:large","max-video-preview":"max-video-preview:-1"},"canonical":"https:\/\/aviator-igra.net\/az\/","og_locale":"az_AZ","og_type":"article","og_title":"\u0418\u0433\u0440\u0430\u0442\u044c \u0432 \u043e\u043d\u043b\u0430\u0439\u043d \u0438\u0433\u0440\u0443 \u0410\u0432\u0438\u0430\u0442\u043e\u0440 \u0432 \u043a\u0430\u0437\u0438\u043d\u043e","og_description":"\u0418\u0433\u0440\u0430\u0442\u044c \u0432 \u0410\u0432\u0438\u0430\u0442\u043e\u0440 \u043d\u0430 \u0440\u0435\u0430\u043b\u044c\u043d\u044b\u0435 \u0434\u0435\u043d\u044c\u0433\u0438 \u0432 \u043b\u0443\u0447\u0448\u0438\u0445 \u043e\u043d\u043b\u0430\u0439\u043d \u043a\u0430\u0437\u0438\u043d\u043e. \u041a\u0430\u043a \u0438\u0433\u0440\u0430\u0442\u044c \u0438 \u043f\u043e\u0431\u0435\u0436\u0434\u0430\u0442\u044c, \u0438\u0441\u043f\u043e\u043b\u044c\u0437\u0443\u044f \u0432\u044b\u0433\u043e\u0434\u043d\u044b\u0435 \u0441\u0442\u0440\u0430\u0442\u0435\u0433\u0438\u0438 \u0438\u0433\u0440\u044b. \u0420\u0435\u0433\u0438\u0441\u0442\u0440\u0430\u0446\u0438\u044f, \u043f\u043e\u043f\u043e\u043b\u043d\u0435\u043d\u0438\u0435 \u0434\u0435\u043f\u043e\u0437\u0438\u0442\u0430, \u0432\u044b\u0432\u043e\u0434 \u0432\u044b\u0438\u0433\u0440\u044b\u0448\u0430","og_url":"https:\/\/aviator-igra.net\/az\/","og_site_name":"Aviator","article_modified_time":"2024-03-15T00:42:08+00:00","twitter_card":"summary_large_image","twitter_misc":{"Est. reading time":"33 minutes"},"schema":{"@context":"https:\/\/schema.org","@graph":[{"@type":"WebPage","@id":"https:\/\/aviator-igra.net\/","url":"https:\/\/aviator-igra.net\/","name":"\u0418\u0433\u0440\u0430\u0442\u044c \u0432 \u043e\u043d\u043b\u0430\u0439\u043d \u0438\u0433\u0440\u0443 \u0410\u0432\u0438\u0430\u0442\u043e\u0440 \u0432 \u043a\u0430\u0437\u0438\u043d\u043e","isPartOf":{"@id":"https:\/\/aviator-igra.net\/#website"},"datePublished":"2024-03-11T18:16:05+00:00","dateModified":"2024-03-15T00:42:08+00:00","description":"\u0418\u0433\u0440\u0430\u0442\u044c \u0432 \u0410\u0432\u0438\u0430\u0442\u043e\u0440 \u043d\u0430 \u0440\u0435\u0430\u043b\u044c\u043d\u044b\u0435 \u0434\u0435\u043d\u044c\u0433\u0438 \u0432 \u043b\u0443\u0447\u0448\u0438\u0445 \u043e\u043d\u043b\u0430\u0439\u043d \u043a\u0430\u0437\u0438\u043d\u043e. \u041a\u0430\u043a \u0438\u0433\u0440\u0430\u0442\u044c \u0438 \u043f\u043e\u0431\u0435\u0436\u0434\u0430\u0442\u044c, \u0438\u0441\u043f\u043e\u043b\u044c\u0437\u0443\u044f \u0432\u044b\u0433\u043e\u0434\u043d\u044b\u0435 \u0441\u0442\u0440\u0430\u0442\u0435\u0433\u0438\u0438 \u0438\u0433\u0440\u044b. \u0420\u0435\u0433\u0438\u0441\u0442\u0440\u0430\u0446\u0438\u044f, \u043f\u043e\u043f\u043e\u043b\u043d\u0435\u043d\u0438\u0435 \u0434\u0435\u043f\u043e\u0437\u0438\u0442\u0430, \u0432\u044b\u0432\u043e\u0434 \u0432\u044b\u0438\u0433\u0440\u044b\u0448\u0430","breadcrumb":{"@id":"https:\/\/aviator-igra.net\/#breadcrumb"},"inLanguage":"az","potentialAction":[{"@type":"ReadAction","target":["https:\/\/aviator-igra.net\/"]}]},{"@type":"BreadcrumbList","@id":"https:\/\/aviator-igra.net\/#breadcrumb","itemListElement":[{"@type":"ListItem","position":1,"name":"Home","item":"https:\/\/aviator-igra.net\/"},{"@type":"ListItem","position":2,"name":"\u0427\u0442\u043e \u0442\u0430\u043a\u043e\u0435 \u043e\u043d\u043b\u0430\u0439\u043d \u0438\u0433\u0440\u0430 \u0410\u0432\u0438\u0430\u0442\u043e\u0440?"}]},{"@type":"WebSite","@id":"https:\/\/aviator-igra.net\/#website","url":"https:\/\/aviator-igra.net\/","name":"Aviator","description":"","publisher":{"@id":"https:\/\/aviator-igra.net\/#organization"},"potentialAction":[{"@type":"SearchAction","target":{"@type":"EntryPoint","urlTemplate":"https:\/\/aviator-igra.net\/?s={search_term_string}"},"query-input":{"@type":"PropertyValueSpecification","valueRequired":true,"valueName":"search_term_string"}}],"inLanguage":"az"},{"@type":"Organization","@id":"https:\/\/aviator-igra.net\/#organization","name":"Aviator","url":"https:\/\/aviator-igra.net\/","logo":{"@type":"ImageObject","inLanguage":"az","@id":"https:\/\/aviator-igra.net\/#\/schema\/logo\/image\/","url":"https:\/\/aviator-igra.net\/wp-content\/uploads\/Aviator-logo.png","contentUrl":"https:\/\/aviator-igra.net\/wp-content\/uploads\/Aviator-logo.png","width":350,"height":90,"caption":"Aviator"},"image":{"@id":"https:\/\/aviator-igra.net\/#\/schema\/logo\/image\/"}}]}},"_links":{"self":[{"href":"https:\/\/aviator-igra.net\/az\/wp-json\/wp\/v2\/pages\/7","targetHints":{"allow":["GET"]}}],"collection":[{"href":"https:\/\/aviator-igra.net\/az\/wp-json\/wp\/v2\/pages"}],"about":[{"href":"https:\/\/aviator-igra.net\/az\/wp-json\/wp\/v2\/types\/page"}],"author":[{"embeddable":true,"href":"https:\/\/aviator-igra.net\/az\/wp-json\/wp\/v2\/users\/1"}],"replies":[{"embeddable":true,"href":"https:\/\/aviator-igra.net\/az\/wp-json\/wp\/v2\/comments?post=7"}],"version-history":[{"count":42,"href":"https:\/\/aviator-igra.net\/az\/wp-json\/wp\/v2\/pages\/7\/revisions"}],"predecessor-version":[{"id":128,"href":"https:\/\/aviator-igra.net\/az\/wp-json\/wp\/v2\/pages\/7\/revisions\/128"}],"wp:attachment":[{"href":"https:\/\/aviator-igra.net\/az\/wp-json\/wp\/v2\/media?parent=7"}],"curies":[{"name":"wp","href":"https:\/\/api.w.org\/{rel}","templated":true}]}}