{"id":15,"date":"2024-03-11T21:19:08","date_gmt":"2024-03-11T18:19:08","guid":{"rendered":"https:\/\/aviator-igra.net\/?page_id=15"},"modified":"2024-03-14T21:05:49","modified_gmt":"2024-03-14T18:05:49","slug":"register","status":"publish","type":"page","link":"https:\/\/aviator-igra.net\/az\/register\/","title":{"rendered":"Aviator oynamaq \u00fc\u00e7\u00fcn casinoya qeydiyyat"},"content":{"rendered":"<p>\u018fg\u0259r Aviator oyununu oynamaq q\u0259rar\u0131n\u0131 q\u0259bul etmisinizs\u0259, ilk add\u0131m\u0131n\u0131z kazinoda qeydiyyatdan ke\u00e7m\u0259kdir. Onlayn kazino se\u00e7imi ba\u015fqa bir m\u0259s\u0259l\u0259dir v\u0259 se\u00e7im kriteriyalar\u0131na toxunmayaca\u011f\u0131q. \u0130\u00e7inizd\u0259n onlayn kazino qeydiyyat\u0131n\u0131n b\u00fct\u00fcn m\u0259rh\u0259l\u0259l\u0259rini \u2014 qeydiyyatdan ke\u00e7m\u0259kd\u0259n Aviator-da u\u00e7u\u015fa ke\u00e7id\u0259k \u2014 rehberlik etm\u0259y\u0259 icaz\u0259 verin.<\/p>\n<h2><strong>Kazino qeydiyyat metodu<\/strong><\/h2>\n<p>Onlayn kazino d\u00fcnyas\u0131nda qeydiyyat oynama\u011fa ilk add\u0131m\u0131n\u0131zd\u0131r. H\u0259r zaman, qeydiyyat olmadan h\u0259m d\u0259 oynaya bilm\u0259zsiniz. Kazinolar ad\u0259t\u0259n bir ne\u00e7\u0259 qeydiyyat metodunu t\u0259klif edir:<\/p>\n<ul>\n<li><strong>E-po\u00e7t vasit\u0259sil\u0259:<\/strong><br \/>\nE-po\u00e7tunuzu t\u0259qdim etm\u0259li v\u0259 \u015fifr\u0259 yaratmal\u0131s\u0131n\u0131z. Formu doldurduqdan sonra, qeydiyyat\u0131n\u0131z\u0131 t\u0259sdiq etm\u0259k \u00fc\u00e7\u00fcn e-po\u00e7tunuzu yoxlay\u0131n. E-po\u00e7tunuzda al\u0131nan kodu daxil etm\u0259k v\u0259 ya ke\u00e7id\u0259 klikl\u0259m\u0259k laz\u0131md\u0131r.<\/li>\n<li><strong>Sosial \u015f\u0259b\u0259k\u0259l\u0259r vasit\u0259sil\u0259:<\/strong><br \/>\nBir \u00e7ox kazino s\u00fcr\u0259tli qeydiyyat \u00fc\u00e7\u00fcn sosial \u015f\u0259b\u0259k\u0259 hesab\u0131n\u0131z\u0131 istifad\u0259 etm\u0259y\u0259 icaz\u0259 verir. Bu, rahat v\u0259 vaxt qazand\u0131r\u0131c\u0131d\u0131r. Lakin bu, hesab qeydiyyat prosesind\u0259n ke\u00e7m\u0259yiniz t\u0259l\u0259bini aradan qald\u0131rm\u0131r.<\/li>\n<li><strong>Telefon n\u00f6mr\u0259si il\u0259:<\/strong><br \/>\nTelefon n\u00f6mr\u0259nizi daxil edin v\u0259 qeydiyyat t\u0259sdiq kodu ona g\u00f6nd\u0259ril\u0259c\u0259k. Bundan sonra, \u00f6z ad\u0131n\u0131z, do\u011fum tarixiniz v\u0259 dig\u0259r m\u0259lumatlar daxil olmaqla \u00f6z\u00fcn\u00fcz haqq\u0131nda b\u00fct\u00fcn \u0259sas m\u0259lumatlar\u0131 doldurmal\u0131s\u0131n\u0131z.<\/li>\n<\/ul>\n<p>Sizin \u00fc\u00e7\u00fcn \u0259n uy\u011fun metodunu se\u00e7in v\u0259 qeydiyyat prosesin\u0259 ba\u015flay\u0131n. Tipik olaraq, r\u0259smi kazino veb sayt\u0131nda qeydiyyat 2 d\u0259qiq\u0259d\u0259n \u00e7ox vaxt tutmur.<\/p>\n<h2><strong>Hesab\u0131n t\u0259sdiqin\u0259 ehtiyac var<\/strong><\/h2>\n<p>Qeydiyyatdan sonra, sizi bir t\u0259sdiq prosesi g\u00f6zl\u0259y\u0259 bil\u0259r. Bu, hesab\u0131n\u0131z\u0131n v\u0259 v\u0259saitinizin t\u0259hl\u00fck\u0259sizliyini t\u0259min etm\u0259k, habel\u0259 \u00f6z kimliyinizi t\u0259sdiq etm\u0259k \u00fc\u00e7\u00fcn vacibdir. T\u0259sdiq, qar\u015f\u0131l\u0131qs\u0131zl\u0131\u011f\u0131 qar\u015f\u0131lama\u011fa k\u00f6m\u0259k edir v\u0259 q\u0259zil\u0259rin m\u0259\u015fru sahibl\u0259rin\u0259 \u00f6d\u0259nilm\u0259sini t\u0259min edir.<\/p>\n<p>T\u0259sdiq \u00fc\u00e7\u00fcn t\u0259qdim etm\u0259li olaca\u011f\u0131n\u0131z:<\/p>\n<ul>\n<li>Passportunuzun v\u0259 ya dig\u0259r \u015f\u0259xsiyy\u0259t s\u0259n\u0259tinin \u015f\u0259kli v\u0259 ya skani.<\/li>\n<li>\u0130nki\u015faf \u00fcnvan\u0131n\u0131z\u0131 t\u0259sdiq ed\u0259n s\u0259n\u0259dl\u0259r.<\/li>\n<li>V\u0259sait m\u0259nb\u0259yini t\u0259sdiq etm\u0259k \u00fc\u00e7\u00fcn depozit v\u0259saitl\u0259rinin ekran \u015f\u0259kill\u0259ri v\u0259 ya \u015f\u0259kill\u0259ri.<\/li>\n<\/ul>\n<p>Bir \u00e7ox oyuncu, t\u0259sdiqin bel\u0259 vacib olmad\u0131\u011f\u0131n\u0131 d\u00fc\u015f\u00fcn\u00fcr, lakin bu bir yanl\u0131\u015f inand\u0131r\u0131c\u0131d\u0131r. H\u0259r hans\u0131 bir kazino, t\u0259sdiq prosesind\u0259n ke\u00e7m\u0259mi\u015f oyun\u00e7ulara daha \u015f\u00fcbh\u0259li n\u0259z\u0259r\u0259 bax\u0131r. \u018fg\u0259r b\u00f6y\u00fck m\u0259bl\u0259\u011f qazanars\u0131n\u0131zsa, kazinonun siz\u0259 qazanc\u0131n\u0131z\u0131 \u00f6d\u0259m\u0259m\u0259sinin daha az s\u0259b\u0259bi olacaqd\u0131r.<\/p>\n<h2><strong>D\u0259pozit \u0259lav\u0259 etm\u0259k<\/strong><\/h2>\n<p>Hesab\u0131n\u0131z yarad\u0131ld\u0131 v\u0259 t\u0259sdiq edildikd\u0259n sonra, balans\u0131n\u0131z\u0131 art\u0131rmaq vaxt\u0131d\u0131r. Kazinolar, d\u0259pozit \u0259lav\u0259 etm\u0259k \u00fc\u00e7\u00fcn m\u00fcxt\u0259lif metodlar t\u0259klif edir:<\/p>\n<ul>\n<li><strong>Kredit\/debit kartlar\u0131:<\/strong> Visa, MasterCard \u2014 klasik v\u0259 \u0259n yayg\u0131n olan se\u00e7im.<\/li>\n<li><strong>Elektron kosh\u0259l\u0259r:<\/strong> Skrill, Neteller, PayPal v\u0259 dig\u0259r s\u00fcr\u0259tli \u0259m\u0259liyyatlar \u00fc\u00e7\u00fcn populyar sisteml\u0259r.<\/li>\n<li><strong>Kripto valyutalar:<\/strong> Bitcoin, Ethereum v\u0259 dig\u0259r kripto valyutalar, anonimlik v\u0259 t\u0259hl\u00fck\u0259sizlik s\u0259b\u0259biyl\u0259 daha da populyar olur.<\/li>\n<\/ul>\n<p>Ad\u0259t\u0259n, b\u00fct\u00fcn \u00f6d\u0259ni\u015f metodlar\u0131 bu \u00fc\u00e7 variant\u0131 \u0259hat\u0259 edir. \u00d6z\u00fcn\u00fcz\u0259 uy\u011fun metodunu se\u00e7in v\u0259 kazino t\u0259limatlar\u0131na riay\u0259t edin.<\/p>\n<h2><strong>Qaliblik \u00e7\u0131xar\u0131lmas\u0131<\/strong><\/h2>\n<p>\u018fg\u0259r qaliblikl\u0259r toplay\u0131rs\u0131n\u0131zsa, onlar\u0131 \u00e7\u0131xarmaq vaxt\u0131 g\u0259lmi\u015fdir. Proses, d\u0259pozit \u0259lav\u0259 etm\u0259k il\u0259 ox\u015far, lakin qeyd edin ki, kazinolar ilk \u00e7\u0131xar\u0131\u015fdan \u0259vv\u0259l \u0259lav\u0259 t\u0259sdiqi t\u0259l\u0259b ed\u0259 bil\u0259rl\u0259r. \u0130lk \u00e7\u0131xar\u0131\u015f \u0259n \u00e7\u0259tin olan\u0131d\u0131r.<\/p>\n<p>\u00d6z \u00fcst\u00fcnl\u00fck verdiyiniz \u00e7\u0131xar\u0131\u015f metodunu se\u00e7in, bu bank kartlar\u0131, elektron kosh\u0259l\u0259r v\u0259 ya kripto valyutalar\u0131 \u0259hat\u0259 ed\u0259 bil\u0259r, v\u0259 kazino prosesini u\u011furlu bir \u015f\u0259kild\u0259 hesab\u0131n\u0131za k\u00f6\u00e7\u00fcrm\u0259k \u00fc\u00e7\u00fcn izl\u0259yin.<\/p>\n","protected":false},"excerpt":{"rendered":"<p>\u018fg\u0259r Aviator oyununu oynamaq q\u0259rar\u0131n\u0131 q\u0259bul etmisinizs\u0259, ilk add\u0131m\u0131n\u0131z kazinoda qeydiyyatdan ke\u00e7m\u0259kdir. Onlayn kazino se\u00e7imi ba\u015fqa bir m\u0259s\u0259l\u0259dir v\u0259 se\u00e7im kriteriyalar\u0131na toxunmayaca\u011f\u0131q. \u0130\u00e7inizd\u0259n onlayn kazino qeydiyyat\u0131n\u0131n b\u00fct\u00fcn m\u0259rh\u0259l\u0259l\u0259rini \u2014 qeydiyyatdan ke\u00e7m\u0259kd\u0259n Aviator-da u\u00e7u\u015fa ke\u00e7id\u0259k \u2014 rehberlik etm\u0259y\u0259 icaz\u0259 verin. Kazino qeydiyyat metodu Onlayn kazino d\u00fcnyas\u0131nda qeydiyyat oynama\u011fa ilk add\u0131m\u0131n\u0131zd\u0131r. H\u0259r zaman, qeydiyyat olmadan h\u0259m d\u0259 [&hellip;]<\/p>\n","protected":false},"author":1,"featured_media":0,"parent":0,"menu_order":0,"comment_status":"closed","ping_status":"closed","template":"","meta":{"footnotes":""},"class_list":["post-15","page","type-page","status-publish","hentry"],"yoast_head":"<!-- This site is optimized with the Yoast SEO plugin v27.2 - https:\/\/yoast.com\/product\/yoast-seo-wordpress\/ -->\n<title>\u0544\u056b\u0561\u0581\u0576\u0565\u056c\u0578\u0582 \u0561\u0576\u056c\u0561\u0580 \u056d\u0561\u0572\u0561\u0572\u0578\u0582\u0569\u0575\u0561\u0576 \u0570\u0561\u0574\u0561\u0580 \u0585\u0576\u056c\u0561\u0575\u0576 \u056f\u0561\u0566\u056b\u0576\u0578\u0582\u0578\u0582\u0574:<\/title>\n<meta name=\"description\" content=\"Aviator oyununu oynamaq \u00fc\u00e7\u00fcn onlayn casinoun r\u0259smi veb sayt\u0131nda qeydiyyat\u0131 tamamlay\u0131n. Depozit qoyma v\u0259 qazanc\u0131 \u00e7\u0131xarmaq. Oyuncu hesab\u0131n\u0131n t\u0259sdiq edilm\u0259si.\" \/>\n<meta name=\"robots\" content=\"index, follow, max-snippet:-1, max-image-preview:large, max-video-preview:-1\" \/>\n<link rel=\"canonical\" href=\"https:\/\/aviator-igra.net\/az\/register\/\" \/>\n<meta property=\"og:locale\" content=\"az_AZ\" \/>\n<meta property=\"og:locale:alternate\" content=\"ru_RU\" \/>\n<meta property=\"og:locale:alternate\" content=\"en_US\" \/>\n<meta property=\"og:locale:alternate\" content=\"pt_PT\" \/>\n<meta property=\"og:locale:alternate\" content=\"es_ES\" \/>\n<meta property=\"og:locale:alternate\" content=\"sr_RS\" \/>\n<meta property=\"og:locale:alternate\" content=\"bg_BG\" \/>\n<meta property=\"og:locale:alternate\" content=\"ro_RO\" \/>\n<meta property=\"og:locale:alternate\" content=\"uk\" \/>\n<meta property=\"og:locale:alternate\" content=\"bel\" \/>\n<meta property=\"og:locale:alternate\" content=\"ka_GE\" \/>\n<meta property=\"og:locale:alternate\" content=\"hy\" \/>\n<meta property=\"og:locale:alternate\" content=\"kk\" \/>\n<meta property=\"og:locale:alternate\" content=\"ky_KY\" \/>\n<meta property=\"og:locale:alternate\" content=\"uz_UZ\" \/>\n<meta property=\"og:locale:alternate\" content=\"tg\" \/>\n<meta property=\"og:locale:alternate\" content=\"et\" \/>\n<meta property=\"og:locale:alternate\" content=\"lt_LT\" \/>\n<meta property=\"og:locale:alternate\" content=\"lv\" \/>\n<meta property=\"og:locale:alternate\" content=\"fi\" \/>\n<meta property=\"og:type\" content=\"article\" \/>\n<meta property=\"og:title\" content=\"\u0544\u056b\u0561\u0581\u0576\u0565\u056c\u0578\u0582 \u0561\u0576\u056c\u0561\u0580 \u056d\u0561\u0572\u0561\u0572\u0578\u0582\u0569\u0575\u0561\u0576 \u0570\u0561\u0574\u0561\u0580 \u0585\u0576\u056c\u0561\u0575\u0576 \u056f\u0561\u0566\u056b\u0576\u0578\u0582\u0578\u0582\u0574:\" \/>\n<meta property=\"og:description\" content=\"\u0531\u057e\u0561\u057f\u0561\u0580\u0578\u057e \u056d\u0561\u0572\u0561\u056c\u0578\u0582 \u0570\u0561\u0574\u0561\u0580 \u0569\u0578\u0582\u0575\u056c\u0561\u057f\u0580\u0565\u056c\u0578\u0582 \u056f\u0561\u0575\u0584\u056b \u057a\u0561\u057f\u0573\u0561\u057c\u0578\u057e \u0563\u0580\u0561\u0576\u0581\u057e\u0565\u056c: \u053f\u0561\u057f\u0561\u0580\u0565\u056c \u0564\u0565\u057a\u0578\u0566\u056b\u057f\u0568 \u0587 \u057e\u0573\u0561\u0580\u0565\u056c \u0570\u0561\u0572\u0578\u0580\u0564\u0561\u0563\u0580\u0561\u056e\u0568: \u053d\u0561\u0572\u0561\u0580\u056f\u0578\u0582\u0569\u0575\u0561\u0576 \u0561\u056f\u057f\u056b\u057e\u0561\u0581\u0578\u0582\u0574:\" \/>\n<meta property=\"og:url\" content=\"https:\/\/aviator-igra.net\/az\/register\/\" \/>\n<meta property=\"og:site_name\" content=\"Aviator\" \/>\n<meta property=\"article:modified_time\" content=\"2024-03-14T18:05:49+00:00\" \/>\n<meta name=\"twitter:card\" content=\"summary_large_image\" \/>\n<meta name=\"twitter:label1\" content=\"Est. reading time\" \/>\n\t<meta name=\"twitter:data1\" content=\"28 minutes\" \/>\n<script type=\"application\/ld+json\" class=\"yoast-schema-graph\">{\"@context\":\"https:\/\/schema.org\",\"@graph\":[{\"@type\":\"WebPage\",\"@id\":\"https:\/\/aviator-igra.net\/hy\/register\/\",\"url\":\"https:\/\/aviator-igra.net\/hy\/register\/\",\"name\":\"\u0544\u056b\u0561\u0581\u0576\u0565\u056c\u0578\u0582 \u0561\u0576\u056c\u0561\u0580 \u056d\u0561\u0572\u0561\u0572\u0578\u0582\u0569\u0575\u0561\u0576 \u0570\u0561\u0574\u0561\u0580 \u0585\u0576\u056c\u0561\u0575\u0576 \u056f\u0561\u0566\u056b\u0576\u0578\u0582\u0578\u0582\u0574:\",\"isPartOf\":{\"@id\":\"https:\/\/aviator-igra.net\/#website\"},\"datePublished\":\"2024-03-11T18:19:08+00:00\",\"dateModified\":\"2024-03-14T18:05:49+00:00\",\"description\":\"\u0531\u057e\u0561\u057f\u0561\u0580\u0578\u057e \u056d\u0561\u0572\u0561\u056c\u0578\u0582 \u0570\u0561\u0574\u0561\u0580 \u0569\u0578\u0582\u0575\u056c\u0561\u057f\u0580\u0565\u056c\u0578\u0582 \u056f\u0561\u0575\u0584\u056b \u057a\u0561\u057f\u0573\u0561\u057c\u0578\u057e \u0563\u0580\u0561\u0576\u0581\u057e\u0565\u056c: \u053f\u0561\u057f\u0561\u0580\u0565\u056c \u0564\u0565\u057a\u0578\u0566\u056b\u057f\u0568 \u0587 \u057e\u0573\u0561\u0580\u0565\u056c \u0570\u0561\u0572\u0578\u0580\u0564\u0561\u0563\u0580\u0561\u056e\u0568: \u053d\u0561\u0572\u0561\u0580\u056f\u0578\u0582\u0569\u0575\u0561\u0576 \u0561\u056f\u057f\u056b\u057e\u0561\u0581\u0578\u0582\u0574:\",\"breadcrumb\":{\"@id\":\"https:\/\/aviator-igra.net\/hy\/register\/#breadcrumb\"},\"inLanguage\":\"az\",\"potentialAction\":[{\"@type\":\"ReadAction\",\"target\":[\"https:\/\/aviator-igra.net\/hy\/register\/\"]}]},{\"@type\":\"BreadcrumbList\",\"@id\":\"https:\/\/aviator-igra.net\/hy\/register\/#breadcrumb\",\"itemListElement\":[{\"@type\":\"ListItem\",\"position\":1,\"name\":\"Home\",\"item\":\"https:\/\/aviator-igra.net\/\"},{\"@type\":\"ListItem\",\"position\":2,\"name\":\"\u0533\u0580\u0561\u0576\u0581\u0578\u0582\u0574 \u056f\u0561\u0566\u056b\u0576\u0578\u0578\u0582\u0574 \u0555\u0564\u0561\u0576\u0561\u057e\u0561\u056f\u0561\u0575\u056b\u0576 \u0561\u057c\u0561\u057b\u0561\u0580\u056f\u0578\u0582\u0574 \u056d\u0561\u0572\u0561\u056c\u0578\u0582 \u0570\u0561\u0574\u0561\u0580\u0589\"}]},{\"@type\":\"WebSite\",\"@id\":\"https:\/\/aviator-igra.net\/#website\",\"url\":\"https:\/\/aviator-igra.net\/\",\"name\":\"Aviator\",\"description\":\"\",\"publisher\":{\"@id\":\"https:\/\/aviator-igra.net\/#organization\"},\"potentialAction\":[{\"@type\":\"SearchAction\",\"target\":{\"@type\":\"EntryPoint\",\"urlTemplate\":\"https:\/\/aviator-igra.net\/?s={search_term_string}\"},\"query-input\":{\"@type\":\"PropertyValueSpecification\",\"valueRequired\":true,\"valueName\":\"search_term_string\"}}],\"inLanguage\":\"az\"},{\"@type\":\"Organization\",\"@id\":\"https:\/\/aviator-igra.net\/#organization\",\"name\":\"Aviator\",\"url\":\"https:\/\/aviator-igra.net\/\",\"logo\":{\"@type\":\"ImageObject\",\"inLanguage\":\"az\",\"@id\":\"https:\/\/aviator-igra.net\/#\/schema\/logo\/image\/\",\"url\":\"https:\/\/aviator-igra.net\/wp-content\/uploads\/Aviator-logo.png\",\"contentUrl\":\"https:\/\/aviator-igra.net\/wp-content\/uploads\/Aviator-logo.png\",\"width\":350,\"height\":90,\"caption\":\"Aviator\"},\"image\":{\"@id\":\"https:\/\/aviator-igra.net\/#\/schema\/logo\/image\/\"}}]}<\/script>\n<!-- \/ Yoast SEO plugin. -->","yoast_head_json":{"title":"\u0544\u056b\u0561\u0581\u0576\u0565\u056c\u0578\u0582 \u0561\u0576\u056c\u0561\u0580 \u056d\u0561\u0572\u0561\u0572\u0578\u0582\u0569\u0575\u0561\u0576 \u0570\u0561\u0574\u0561\u0580 \u0585\u0576\u056c\u0561\u0575\u0576 \u056f\u0561\u0566\u056b\u0576\u0578\u0582\u0578\u0582\u0574:","description":"Aviator oyununu oynamaq \u00fc\u00e7\u00fcn onlayn casinoun r\u0259smi veb sayt\u0131nda qeydiyyat\u0131 tamamlay\u0131n. Depozit qoyma v\u0259 qazanc\u0131 \u00e7\u0131xarmaq. Oyuncu hesab\u0131n\u0131n t\u0259sdiq edilm\u0259si.","robots":{"index":"index","follow":"follow","max-snippet":"max-snippet:-1","max-image-preview":"max-image-preview:large","max-video-preview":"max-video-preview:-1"},"canonical":"https:\/\/aviator-igra.net\/az\/register\/","og_locale":"az_AZ","og_type":"article","og_title":"\u0544\u056b\u0561\u0581\u0576\u0565\u056c\u0578\u0582 \u0561\u0576\u056c\u0561\u0580 \u056d\u0561\u0572\u0561\u0572\u0578\u0582\u0569\u0575\u0561\u0576 \u0570\u0561\u0574\u0561\u0580 \u0585\u0576\u056c\u0561\u0575\u0576 \u056f\u0561\u0566\u056b\u0576\u0578\u0582\u0578\u0582\u0574:","og_description":"\u0531\u057e\u0561\u057f\u0561\u0580\u0578\u057e \u056d\u0561\u0572\u0561\u056c\u0578\u0582 \u0570\u0561\u0574\u0561\u0580 \u0569\u0578\u0582\u0575\u056c\u0561\u057f\u0580\u0565\u056c\u0578\u0582 \u056f\u0561\u0575\u0584\u056b \u057a\u0561\u057f\u0573\u0561\u057c\u0578\u057e \u0563\u0580\u0561\u0576\u0581\u057e\u0565\u056c: \u053f\u0561\u057f\u0561\u0580\u0565\u056c \u0564\u0565\u057a\u0578\u0566\u056b\u057f\u0568 \u0587 \u057e\u0573\u0561\u0580\u0565\u056c \u0570\u0561\u0572\u0578\u0580\u0564\u0561\u0563\u0580\u0561\u056e\u0568: \u053d\u0561\u0572\u0561\u0580\u056f\u0578\u0582\u0569\u0575\u0561\u0576 \u0561\u056f\u057f\u056b\u057e\u0561\u0581\u0578\u0582\u0574:","og_url":"https:\/\/aviator-igra.net\/az\/register\/","og_site_name":"Aviator","article_modified_time":"2024-03-14T18:05:49+00:00","twitter_card":"summary_large_image","twitter_misc":{"Est. reading time":"28 minutes"},"schema":{"@context":"https:\/\/schema.org","@graph":[{"@type":"WebPage","@id":"https:\/\/aviator-igra.net\/hy\/register\/","url":"https:\/\/aviator-igra.net\/hy\/register\/","name":"\u0544\u056b\u0561\u0581\u0576\u0565\u056c\u0578\u0582 \u0561\u0576\u056c\u0561\u0580 \u056d\u0561\u0572\u0561\u0572\u0578\u0582\u0569\u0575\u0561\u0576 \u0570\u0561\u0574\u0561\u0580 \u0585\u0576\u056c\u0561\u0575\u0576 \u056f\u0561\u0566\u056b\u0576\u0578\u0582\u0578\u0582\u0574:","isPartOf":{"@id":"https:\/\/aviator-igra.net\/#website"},"datePublished":"2024-03-11T18:19:08+00:00","dateModified":"2024-03-14T18:05:49+00:00","description":"\u0531\u057e\u0561\u057f\u0561\u0580\u0578\u057e \u056d\u0561\u0572\u0561\u056c\u0578\u0582 \u0570\u0561\u0574\u0561\u0580 \u0569\u0578\u0582\u0575\u056c\u0561\u057f\u0580\u0565\u056c\u0578\u0582 \u056f\u0561\u0575\u0584\u056b \u057a\u0561\u057f\u0573\u0561\u057c\u0578\u057e \u0563\u0580\u0561\u0576\u0581\u057e\u0565\u056c: \u053f\u0561\u057f\u0561\u0580\u0565\u056c \u0564\u0565\u057a\u0578\u0566\u056b\u057f\u0568 \u0587 \u057e\u0573\u0561\u0580\u0565\u056c \u0570\u0561\u0572\u0578\u0580\u0564\u0561\u0563\u0580\u0561\u056e\u0568: \u053d\u0561\u0572\u0561\u0580\u056f\u0578\u0582\u0569\u0575\u0561\u0576 \u0561\u056f\u057f\u056b\u057e\u0561\u0581\u0578\u0582\u0574:","breadcrumb":{"@id":"https:\/\/aviator-igra.net\/hy\/register\/#breadcrumb"},"inLanguage":"az","potentialAction":[{"@type":"ReadAction","target":["https:\/\/aviator-igra.net\/hy\/register\/"]}]},{"@type":"BreadcrumbList","@id":"https:\/\/aviator-igra.net\/hy\/register\/#breadcrumb","itemListElement":[{"@type":"ListItem","position":1,"name":"Home","item":"https:\/\/aviator-igra.net\/"},{"@type":"ListItem","position":2,"name":"\u0533\u0580\u0561\u0576\u0581\u0578\u0582\u0574 \u056f\u0561\u0566\u056b\u0576\u0578\u0578\u0582\u0574 \u0555\u0564\u0561\u0576\u0561\u057e\u0561\u056f\u0561\u0575\u056b\u0576 \u0561\u057c\u0561\u057b\u0561\u0580\u056f\u0578\u0582\u0574 \u056d\u0561\u0572\u0561\u056c\u0578\u0582 \u0570\u0561\u0574\u0561\u0580\u0589"}]},{"@type":"WebSite","@id":"https:\/\/aviator-igra.net\/#website","url":"https:\/\/aviator-igra.net\/","name":"Aviator","description":"","publisher":{"@id":"https:\/\/aviator-igra.net\/#organization"},"potentialAction":[{"@type":"SearchAction","target":{"@type":"EntryPoint","urlTemplate":"https:\/\/aviator-igra.net\/?s={search_term_string}"},"query-input":{"@type":"PropertyValueSpecification","valueRequired":true,"valueName":"search_term_string"}}],"inLanguage":"az"},{"@type":"Organization","@id":"https:\/\/aviator-igra.net\/#organization","name":"Aviator","url":"https:\/\/aviator-igra.net\/","logo":{"@type":"ImageObject","inLanguage":"az","@id":"https:\/\/aviator-igra.net\/#\/schema\/logo\/image\/","url":"https:\/\/aviator-igra.net\/wp-content\/uploads\/Aviator-logo.png","contentUrl":"https:\/\/aviator-igra.net\/wp-content\/uploads\/Aviator-logo.png","width":350,"height":90,"caption":"Aviator"},"image":{"@id":"https:\/\/aviator-igra.net\/#\/schema\/logo\/image\/"}}]}},"_links":{"self":[{"href":"https:\/\/aviator-igra.net\/az\/wp-json\/wp\/v2\/pages\/15","targetHints":{"allow":["GET"]}}],"collection":[{"href":"https:\/\/aviator-igra.net\/az\/wp-json\/wp\/v2\/pages"}],"about":[{"href":"https:\/\/aviator-igra.net\/az\/wp-json\/wp\/v2\/types\/page"}],"author":[{"embeddable":true,"href":"https:\/\/aviator-igra.net\/az\/wp-json\/wp\/v2\/users\/1"}],"replies":[{"embeddable":true,"href":"https:\/\/aviator-igra.net\/az\/wp-json\/wp\/v2\/comments?post=15"}],"version-history":[{"count":45,"href":"https:\/\/aviator-igra.net\/az\/wp-json\/wp\/v2\/pages\/15\/revisions"}],"predecessor-version":[{"id":126,"href":"https:\/\/aviator-igra.net\/az\/wp-json\/wp\/v2\/pages\/15\/revisions\/126"}],"wp:attachment":[{"href":"https:\/\/aviator-igra.net\/az\/wp-json\/wp\/v2\/media?parent=15"}],"curies":[{"name":"wp","href":"https:\/\/api.w.org\/{rel}","templated":true}]}}